{"id":22343,"date":"2024-11-28T20:41:13","date_gmt":"2024-11-28T17:41:13","guid":{"rendered":"https:\/\/www.makitamarket.com.tr\/site\/urun\/full-slim-organizer-kutu-12\/"},"modified":"2025-11-16T12:05:24","modified_gmt":"2025-11-16T09:05:24","slug":"full-slim-organizer-kutu-12","status":"publish","type":"product","link":"https:\/\/www.makitamarket.com.tr\/site\/urun\/full-slim-organizer-kutu-12\/","title":{"rendered":"Full FULLPKORG12 SLIM ORGAN\u0130ZER KUTU 12&#8243;"},"content":{"rendered":"<p>Plastik Kilitli<\/p>\n<table>\n<tr>\n<td>\u00d6l\u00e7\u00fcs\u00fc<\/td>\n<td>12\u201d (23,0 x 15,0 x 5,0h cm.)<\/td>\n<\/tr>\n<tr>\n<td>Koli \u0130\u00e7i Adedi<\/td>\n<td>24<\/td>\n<\/tr>\n<\/table>\n","protected":false},"excerpt":{"rendered":"<p>Plastik Kilitli<\/p>\n","protected":false},"featured_media":22342,"comment_status":"open","ping_status":"closed","template":"","meta":{"_acf_changed":false},"product_brand":[1502],"product_cat":[757],"product_tag":[],"class_list":{"0":"post-22343","1":"product","2":"type-product","3":"status-publish","4":"has-post-thumbnail","6":"product_brand-full","7":"product_cat-organizer-kutular","9":"first","10":"outofstock","11":"taxable","12":"shipping-taxable","13":"purchasable","14":"product-type-simple","15":"add-to-wishlist-after_add_to_cart"},"acf":[],"_links":{"self":[{"href":"https:\/\/www.makitamarket.com.tr\/site\/wp-json\/wp\/v2\/product\/22343","targetHints":{"allow":["GET"]}}],"collection":[{"href":"https:\/\/www.makitamarket.com.tr\/site\/wp-json\/wp\/v2\/product"}],"about":[{"href":"https:\/\/www.makitamarket.com.tr\/site\/wp-json\/wp\/v2\/types\/product"}],"replies":[{"embeddable":true,"href":"https:\/\/www.makitamarket.com.tr\/site\/wp-json\/wp\/v2\/comments?post=22343"}],"wp:featuredmedia":[{"embeddable":true,"href":"https:\/\/www.makitamarket.com.tr\/site\/wp-json\/wp\/v2\/media\/22342"}],"wp:attachment":[{"href":"https:\/\/www.makitamarket.com.tr\/site\/wp-json\/wp\/v2\/media?parent=22343"}],"wp:term":[{"taxonomy":"product_brand","embeddable":true,"href":"https:\/\/www.makitamarket.com.tr\/site\/wp-json\/wp\/v2\/product_brand?post=22343"},{"taxonomy":"product_cat","embeddable":true,"href":"https:\/\/www.makitamarket.com.tr\/site\/wp-json\/wp\/v2\/product_cat?post=22343"},{"taxonomy":"product_tag","embeddable":true,"href":"https:\/\/www.makitamarket.com.tr\/site\/wp-json\/wp\/v2\/product_tag?post=22343"}],"curies":[{"name":"wp","href":"https:\/\/api.w.org\/{rel}","templated":true}]}}