{"id":22364,"date":"2024-11-28T20:41:30","date_gmt":"2024-11-28T17:41:30","guid":{"rendered":"https:\/\/www.makitamarket.com.tr\/site\/urun\/makita-akulu-beton-kesme\/"},"modified":"2026-04-06T18:32:51","modified_gmt":"2026-04-06T15:32:51","slug":"makita-akulu-beton-kesme","status":"publish","type":"product","link":"https:\/\/www.makitamarket.com.tr\/site\/urun\/makita-akulu-beton-kesme\/","title":{"rendered":"Makita CE002GZ AK\u00dcL\u00dc BETON KESME"},"content":{"rendered":"<p><strong class=\"red-title\" style=\"font-size: 16px;\">A\u00e7\u0131klama:<\/strong> <span><\/p>\n<p>Model CE002GZ<\/p>\n<p>Ak\u00fcl\u00fc Beton Kesme<\/p>\n<p><span style=\"color: rgb(0, 112, 192);\">Model CE002G, seri olarak ba\u011flanm\u0131\u015f iki adet 40Vmax XGT\u00ae Li-Ion ak\u00fc ile \u00e7al\u0131\u015fan beton kesme<\/span><\/p>\n<p>Bu kuru kesme modelidir ve elektrikli s\u00fcp\u00fcrgeyle kullan\u0131ma izin verecek \u015fekilde tasarlanm\u0131\u015ft\u0131r. Bu \u00fcr\u00fcn, i\u00e7 mekan yenileme, tadilat ve daha fazlas\u0131 gibi su besleme kitinin kullan\u0131m\u0131ndan ka\u00e7\u0131n\u0131lmas\u0131 gereken durumlarda \u00e7al\u0131\u015fmaya izin verir.Vakumlu temizleyici ile kullan\u0131labilir.Vakumlu temizleyici ba\u011fl\u0131yken beton kesmede \u00e7al\u0131\u015fma s\u0131ras\u0131nda toz toplama oran\u0131 %90 veya daha fazlad\u0131r Elmas diskle kesme i\u00e7in \u00f6zel olarak tasarlanm\u0131\u015ft\u0131r.<\/p>\n<p><span style=\"color: red;\">Kullan\u0131m amac\u0131: <\/span>Bu alet ta\u015f malzemelerde elmas disk ile kesim yapmak i\u00e7in tasarlanm\u0131\u015ft\u0131r.<\/p>\n<p><u>\u00d6zellikleri:<\/u><\/p>\n<p>40V,BL MOTOR,AWS,XPT,AFT,XGT<\/p>\n<p>BL Motor\/K\u00f6m\u00fcrs\u00fcz Motor mevcuttur. K\u00f6m\u00fcrs\u00fcz motor sayesinde \u00e7al\u0131\u015fma esnas\u0131nda olu\u015fan \u0131s\u0131 enerjisi kaybolmaz ve makinenin g\u00fcc\u00fcne iletilir.<\/p>\n<p>AWS( Uzaktan Ba\u011flanma Teknolojisi);bluetooth ile makineleri birbirine ba\u011flama \u00f6zelli\u011fi sunar.<\/p>\n<p>XPT(Ekstra Koruma Teknolojisi) sayesinde nemli ve ya\u011fmurlu ortamlarda kullan\u0131labilir. D\u00fc\u015fmeye kar\u015f\u0131 ekstra dayan\u0131kl\u0131d\u0131r.<\/p>\n<p>AFT(A\u015f\u0131r\u0131 Y\u00fck Alg\u0131lama Teknolojisi);\u00e7al\u0131\u015fma s\u0131ras\u0131nda cihaza a\u015f\u0131r\u0131 y\u00fck bindi\u011finde cihaz otomatik olarak durur.<\/p>\n<p>XGT(Next Generation Technology Extreme Power); yenilik\u00e7i tasar\u0131m ve 40 volt ak\u00fclerle zorlu taleplerin kar\u015f\u0131land\u0131\u011f\u0131 in\u015faat,end\u00fcstri,bah\u00e7ecilik ve bir\u00e7ok alanda kullan\u0131labilen \u00fcr\u00fcnlerin kar\u0131\u015f\u0131m\u0131d\u0131r.XGT ak\u00fcleri son derece dayan\u0131kl\u0131 olacak \u015fekilde tasarlanm\u0131\u015f olup ak\u00fcleri su ge\u00e7irmez \u00fc\u00e7 katmanl\u0131 bir yap\u0131ya ve darbelere kar\u015f\u0131 korunakl\u0131 olacak \u015fekilde tasarlanm\u0131\u015ft\u0131r.<\/p>\n<ol>\n<li data-list=\"bullet\"><span class=\"ql-ui\" contenteditable=\"false\"><\/span>Elektrik freni mevcuttur.Brake(Elektrik Freni);tetikten el \u00e7ekildi\u011fi anda cihaz otomatik olarak durur.<\/li>\n<li data-list=\"bullet\"><span class=\"ql-ui\" contenteditable=\"false\"><\/span>Toz emme \u00fcnitesi mevcuttur.<\/li>\n<li data-list=\"bullet\"><span class=\"ql-ui\" contenteditable=\"false\"><\/span><span style=\"color: rgb(33, 37, 41);\">Led \u0131\u015f\u0131\u011f\u0131 vard\u0131r.<\/span><\/li>\n<\/ol>\n<p>Disk \u00c7ap\u0131:355&#215;25.4mm<\/p>\n<p>Bo\u015fta Devir: 4.200 devir\/dk<\/p>\n<p>Maks.Kesme Kapasitesi:127mm<\/p>\n<p>Net a\u011f\u0131rl\u0131k:15.1kg<\/p>\n<p>Koli i\u00e7i adedi:1<\/p>\n<p><span style=\"color: red;\">Ambalaj i\u00e7eri\u011finde ak\u00fc ve ak\u00fc \u015farj cihaz\u0131 bulunmamaktad\u0131r.<\/span><\/p>\n<p><span style=\"color: red;\">8 amper ak\u00fclerle yakla\u015f\u0131k 25-30 dk \u00e7al\u0131\u015f\u0131r.<\/span><\/p>\n<p><\/span><strong class=\"red-title\" style=\"font-size: 16px;\">Kullan\u0131m Amac\u0131:<\/strong> <span><\/p>\n<p><\/p>\n<p><\/span><strong class=\"red-title\" style=\"font-size: 16px;\">\u00d6zellikler:<\/strong> <span><\/p>\n<p><\/p>\n<p><\/span><strong class=\"red-title\" style=\"font-size: 16px;\">Paket \u0130\u00e7eri\u011fi:<\/strong> <span><\/p>\n<p><\/p>\n<p><\/span><\/p>\n<table>\n<tr>\n<td>Disk \u00c7ap\u0131<\/td>\n<td>355&#215;25.4<\/td>\n<\/tr>\n<tr>\n<td>Bo\u015fta Devir<\/td>\n<td>4.200 devir\/dk<\/td>\n<\/tr>\n<tr>\n<td>Maksimum Kesme Kapasitesi<\/td>\n<td>127mm<\/td>\n<\/tr>\n<tr>\n<td>Net A\u011f\u0131rl\u0131k<\/td>\n<td>15.1<\/td>\n<\/tr>\n<tr>\n<td>G\u00fc\u00e7 kapasite<\/td>\n<td>40Vx2\/Li-ion<\/td>\n<\/tr>\n<tr>\n<td>Koli \u0130\u00e7i Adedi<\/td>\n<td>1<\/td>\n<\/tr>\n<\/table>\n","protected":false},"excerpt":{"rendered":"<p><strong class=\"red-title\" style=\"font-size: 16px;\">A\u00e7\u0131klama:<\/strong> <span><\/p>\n<p>Model CE002GZ<\/p>\n<p>Ak\u00fcl\u00fc Beton Kesme<\/p>\n<p><span style=\"color: rgb(0, 112, 192);\">Model CE002G, seri olarak ba\u011flanm\u0131\u015f iki adet 40Vmax XGT\u00ae Li-Ion ak\u00fc ile \u00e7al\u0131\u015fan beton kesme<\/span><\/p>\n<p>Bu kuru kesme modelidir ve elektrikli s\u00fcp\u00fcrgeyle kullan\u0131ma izin verecek \u015fekilde tasarlanm\u0131\u015ft\u0131r. Bu \u00fcr\u00fcn, i\u00e7 mekan yenileme, tadilat ve daha fazlas\u0131 gibi su besleme kitinin kullan\u0131m\u0131ndan ka\u00e7\u0131n\u0131lmas\u0131 gereken durumlarda \u00e7al\u0131\u015fmaya izin verir.Vakumlu temizleyici ile kullan\u0131labilir.Vakumlu temizleyici ba\u011fl\u0131yken beton kesmede \u00e7al\u0131\u015fma s\u0131ras\u0131nda toz toplama oran\u0131 %90 veya daha fazlad\u0131r Elmas diskle kesme i\u00e7in \u00f6zel olarak tasarlanm\u0131\u015ft\u0131r.<\/p>\n<p><span style=\"color: red;\">Kullan\u0131m amac\u0131: <\/span>Bu alet ta\u015f malzemelerde elmas disk ile kesim yapmak i\u00e7in tasarlanm\u0131\u015ft\u0131r.<\/p>\n<p><u>\u00d6zellikleri:<\/u><\/p>\n<p>40V,BL MOTOR,AWS,XPT,AFT,XGT<\/p>\n<p>BL Motor\/K\u00f6m\u00fcrs\u00fcz Motor mevcuttur. K\u00f6m\u00fcrs\u00fcz motor sayesinde \u00e7al\u0131\u015fma esnas\u0131nda olu\u015fan \u0131s\u0131 enerjisi kaybolmaz ve makinenin g\u00fcc\u00fcne iletilir.<\/p>\n<p>AWS( Uzaktan Ba\u011flanma Teknolojisi);bluetooth ile makineleri birbirine ba\u011flama \u00f6zelli\u011fi sunar.<\/p>\n<p>XPT(Ekstra Koruma Teknolojisi) sayesinde nemli ve ya\u011fmurlu ortamlarda kullan\u0131labilir. D\u00fc\u015fmeye kar\u015f\u0131 ekstra dayan\u0131kl\u0131d\u0131r.<\/p>\n<p>AFT(A\u015f\u0131r\u0131 Y\u00fck Alg\u0131lama Teknolojisi);\u00e7al\u0131\u015fma s\u0131ras\u0131nda cihaza a\u015f\u0131r\u0131 y\u00fck bindi\u011finde cihaz otomatik olarak durur.<\/p>\n<p>XGT(Next Generation Technology Extreme Power); yenilik\u00e7i tasar\u0131m ve 40 volt ak\u00fclerle zorlu taleplerin kar\u015f\u0131land\u0131\u011f\u0131 in\u015faat,end\u00fcstri,bah\u00e7ecilik ve bir\u00e7ok alanda kullan\u0131labilen \u00fcr\u00fcnlerin kar\u0131\u015f\u0131m\u0131d\u0131r.XGT ak\u00fcleri son derece dayan\u0131kl\u0131 olacak \u015fekilde tasarlanm\u0131\u015f olup ak\u00fcleri su ge\u00e7irmez \u00fc\u00e7 katmanl\u0131 bir yap\u0131ya ve darbelere kar\u015f\u0131 korunakl\u0131 olacak \u015fekilde tasarlanm\u0131\u015ft\u0131r.<\/p>\n<ol>\n<li data-list=\"bullet\"><span class=\"ql-ui\" contenteditable=\"false\"><\/span>Elektrik freni mevcuttur.Brake(Elektrik Freni);tetikten el \u00e7ekildi\u011fi anda cihaz otomatik olarak durur.<\/li>\n<li data-list=\"bullet\"><span class=\"ql-ui\" contenteditable=\"false\"><\/span>Toz emme \u00fcnitesi mevcuttur.<\/li>\n<li data-list=\"bullet\"><span class=\"ql-ui\" contenteditable=\"false\"><\/span><span style=\"color: rgb(33, 37, 41);\">Led \u0131\u015f\u0131\u011f\u0131 vard\u0131r.<\/span><\/li>\n<\/ol>\n<p>Disk \u00c7ap\u0131:355&#215;25.4mm<\/p>\n<p>Bo\u015fta Devir: 4.200 devir\/dk<\/p>\n<p>Maks.Kesme Kapasitesi:127mm<\/p>\n<p>Net a\u011f\u0131rl\u0131k:15.1kg<\/p>\n<p>Koli i\u00e7i adedi:1<\/p>\n<p><span style=\"color: red;\">Ambalaj i\u00e7eri\u011finde ak\u00fc ve ak\u00fc \u015farj cihaz\u0131 bulunmamaktad\u0131r.<\/span><\/p>\n<p><span style=\"color: red;\">8 amper ak\u00fclerle yakla\u015f\u0131k 25-30 dk \u00e7al\u0131\u015f\u0131r.<\/span><\/p>\n<p><\/span><strong class=\"red-title\" style=\"font-size: 16px;\">Kullan\u0131m Amac\u0131:<\/strong> <span><\/p>\n<p><\/p>\n<p><\/span><strong class=\"red-title\" style=\"font-size: 16px;\">\u00d6zellikler:<\/strong> <span><\/p>\n<p><\/p>\n<p><\/span><strong class=\"red-title\" style=\"font-size: 16px;\">Paket \u0130\u00e7eri\u011fi:<\/strong> <span><\/p>\n<p><\/p>\n<p><\/span><\/p>\n","protected":false},"featured_media":22363,"comment_status":"open","ping_status":"closed","template":"","meta":{"_acf_changed":false},"product_brand":[1485],"product_cat":[1565],"product_tag":[],"class_list":{"0":"post-22364","1":"product","2":"type-product","3":"status-publish","4":"has-post-thumbnail","6":"product_brand-makita","7":"product_cat-yok-yok","9":"first","10":"instock","11":"taxable","12":"shipping-taxable","13":"purchasable","14":"product-type-simple","15":"add-to-wishlist-after_add_to_cart"},"acf":[],"_links":{"self":[{"href":"https:\/\/www.makitamarket.com.tr\/site\/wp-json\/wp\/v2\/product\/22364","targetHints":{"allow":["GET"]}}],"collection":[{"href":"https:\/\/www.makitamarket.com.tr\/site\/wp-json\/wp\/v2\/product"}],"about":[{"href":"https:\/\/www.makitamarket.com.tr\/site\/wp-json\/wp\/v2\/types\/product"}],"replies":[{"embeddable":true,"href":"https:\/\/www.makitamarket.com.tr\/site\/wp-json\/wp\/v2\/comments?post=22364"}],"wp:featuredmedia":[{"embeddable":true,"href":"https:\/\/www.makitamarket.com.tr\/site\/wp-json\/wp\/v2\/media\/22363"}],"wp:attachment":[{"href":"https:\/\/www.makitamarket.com.tr\/site\/wp-json\/wp\/v2\/media?parent=22364"}],"wp:term":[{"taxonomy":"product_brand","embeddable":true,"href":"https:\/\/www.makitamarket.com.tr\/site\/wp-json\/wp\/v2\/product_brand?post=22364"},{"taxonomy":"product_cat","embeddable":true,"href":"https:\/\/www.makitamarket.com.tr\/site\/wp-json\/wp\/v2\/product_cat?post=22364"},{"taxonomy":"product_tag","embeddable":true,"href":"https:\/\/www.makitamarket.com.tr\/site\/wp-json\/wp\/v2\/product_tag?post=22364"}],"curies":[{"name":"wp","href":"https:\/\/api.w.org\/{rel}","templated":true}]}}