{"id":22366,"date":"2024-11-28T20:41:31","date_gmt":"2024-11-28T17:41:31","guid":{"rendered":"https:\/\/www.makitamarket.com.tr\/site\/urun\/makita-santiye-isigi\/"},"modified":"2026-04-06T18:32:56","modified_gmt":"2026-04-06T15:32:56","slug":"makita-santiye-isigi","status":"publish","type":"product","link":"https:\/\/www.makitamarket.com.tr\/site\/urun\/makita-santiye-isigi\/","title":{"rendered":"Makita DML805 \u015eANT\u0130YE I\u015eI\u011eI"},"content":{"rendered":"<p>Model DML805<\/p>\n<p>14,4V \/ 18V<\/p>\n<p>\u015eantiye \u0131\u015f\u0131\u011f\u0131<\/p>\n<p><span style=\"color: rgb(0, 112, 192);\">Parlak LED \u015eantiye I\u015f\u0131\u011f\u0131 \u00ae<\/span><\/p>\n<p>Ak\u00fcl\u00fc veya kablolu \u00e7al\u0131\u015fma; 18V LXT\u00ae pillerle uyumludur. 2 Modlu \u00e7al\u0131\u015fma: Y\u00fcksek modda 750 l\u00fcmen veya D\u00fc\u015f\u00fck modda 450 l\u00fcmen sa\u011flar. Entegre sap, kullan\u0131c\u0131 kolayl\u0131\u011f\u0131 i\u00e7in asma kancas\u0131 olarak kullan\u0131labilir.6.0Ah ile aral\u0131ks\u0131z 16 saat kullan\u0131labilir.<\/p>\n<p><u>\u00d6zellikleri:<\/u><\/p>\n<p>Ak\u00fcl\u00fc yap\u0131s\u0131 kullan\u0131c\u0131ya kablosuz kullan\u0131m imkan\u0131 sunar ve bu sayede kullan\u0131c\u0131lar geni\u015f alanlarda kablo s\u0131n\u0131rlamalar\u0131 olmadan rahat\u00e7a \u00e7al\u0131\u015fabilirler.<\/p>\n<ol>\n<li data-list=\"bullet\"><span class=\"ql-ui\" contenteditable=\"false\"><\/span>\u00c7ift yal\u0131t\u0131ml\u0131d\u0131r.<\/li>\n<\/ol>\n<p>S\u00fcrekli Kullan\u0131m: 16 saat 6.0Ah<\/p>\n<p>L\u00fcmen:450\/750<\/p>\n<p>G\u00fc\u00e7-kapasite:230V<\/p>\n<p>Ak\u00fc:BL1830-1860 aras\u0131<\/p>\n<p>\u015earj Cihaz\u0131:DC18RC<\/p>\n<p><span style=\"color: red;\">Ambalaj i\u00e7eri\u011finde ak\u00fc ve ak\u00fc \u015farj cihaz\u0131 bulunmamaktad\u0131r.<\/span><\/p>\n<p><span style=\"color: red;\">Ak\u00fc ya da elektrikle \u00e7al\u0131\u015fabilmektedir.<\/span><\/p>\n<table>\n<tr>\n<td>S\u00fcrekli Kullan\u0131m<\/td>\n<td>16 saat 6.0Ah<\/td>\n<\/tr>\n<tr>\n<td>L\u00fcmen<\/td>\n<td>450\/750<\/td>\n<\/tr>\n<tr>\n<td>G\u00fc\u00e7 kapasite<\/td>\n<td>230V<\/td>\n<\/tr>\n<tr>\n<td>Ak\u00fc<\/td>\n<td>BL1830-1860 aras\u0131<\/td>\n<\/tr>\n<tr>\n<td>\u015earj Cihaz\u0131<\/td>\n<td>DC18RC<\/td>\n<\/tr>\n<\/table>\n","protected":false},"excerpt":{"rendered":"<p>Model DML805<\/p>\n<p>14,4V \/ 18V<\/p>\n<p>\u015eantiye \u0131\u015f\u0131\u011f\u0131<\/p>\n<p><span style=\"color: rgb(0, 112, 192);\">Parlak LED \u015eantiye I\u015f\u0131\u011f\u0131 \u00ae<\/span><\/p>\n<p>Ak\u00fcl\u00fc veya kablolu \u00e7al\u0131\u015fma; 18V LXT\u00ae pillerle uyumludur. 2 Modlu \u00e7al\u0131\u015fma: Y\u00fcksek modda 750 l\u00fcmen veya D\u00fc\u015f\u00fck modda 450 l\u00fcmen sa\u011flar. Entegre sap, kullan\u0131c\u0131 kolayl\u0131\u011f\u0131 i\u00e7in asma kancas\u0131 olarak kullan\u0131labilir.6.0Ah ile aral\u0131ks\u0131z 16 saat kullan\u0131labilir.<\/p>\n<p><u>\u00d6zellikleri:<\/u><\/p>\n<p>Ak\u00fcl\u00fc yap\u0131s\u0131 kullan\u0131c\u0131ya kablosuz kullan\u0131m imkan\u0131 sunar ve bu sayede kullan\u0131c\u0131lar geni\u015f alanlarda kablo s\u0131n\u0131rlamalar\u0131 olmadan rahat\u00e7a \u00e7al\u0131\u015fabilirler.<\/p>\n<ol>\n<li data-list=\"bullet\"><span class=\"ql-ui\" contenteditable=\"false\"><\/span>\u00c7ift yal\u0131t\u0131ml\u0131d\u0131r.<\/li>\n<\/ol>\n<p>S\u00fcrekli Kullan\u0131m: 16 saat 6.0Ah<\/p>\n<p>L\u00fcmen:450\/750<\/p>\n<p>G\u00fc\u00e7-kapasite:230V<\/p>\n<p>Ak\u00fc:BL1830-1860 aras\u0131<\/p>\n<p>\u015earj Cihaz\u0131:DC18RC<\/p>\n<p><span style=\"color: red;\">Ambalaj i\u00e7eri\u011finde ak\u00fc ve ak\u00fc \u015farj cihaz\u0131 bulunmamaktad\u0131r.<\/span><\/p>\n<p><span style=\"color: red;\">Ak\u00fc ya da elektrikle \u00e7al\u0131\u015fabilmektedir.<\/span><\/p>\n","protected":false},"featured_media":22365,"comment_status":"open","ping_status":"closed","template":"","meta":{"_acf_changed":false},"product_brand":[1485],"product_cat":[1565],"product_tag":[],"class_list":{"0":"post-22366","1":"product","2":"type-product","3":"status-publish","4":"has-post-thumbnail","6":"product_brand-makita","7":"product_cat-yok-yok","9":"first","10":"instock","11":"taxable","12":"shipping-taxable","13":"purchasable","14":"product-type-simple","15":"add-to-wishlist-after_add_to_cart"},"acf":[],"_links":{"self":[{"href":"https:\/\/www.makitamarket.com.tr\/site\/wp-json\/wp\/v2\/product\/22366","targetHints":{"allow":["GET"]}}],"collection":[{"href":"https:\/\/www.makitamarket.com.tr\/site\/wp-json\/wp\/v2\/product"}],"about":[{"href":"https:\/\/www.makitamarket.com.tr\/site\/wp-json\/wp\/v2\/types\/product"}],"replies":[{"embeddable":true,"href":"https:\/\/www.makitamarket.com.tr\/site\/wp-json\/wp\/v2\/comments?post=22366"}],"wp:featuredmedia":[{"embeddable":true,"href":"https:\/\/www.makitamarket.com.tr\/site\/wp-json\/wp\/v2\/media\/22365"}],"wp:attachment":[{"href":"https:\/\/www.makitamarket.com.tr\/site\/wp-json\/wp\/v2\/media?parent=22366"}],"wp:term":[{"taxonomy":"product_brand","embeddable":true,"href":"https:\/\/www.makitamarket.com.tr\/site\/wp-json\/wp\/v2\/product_brand?post=22366"},{"taxonomy":"product_cat","embeddable":true,"href":"https:\/\/www.makitamarket.com.tr\/site\/wp-json\/wp\/v2\/product_cat?post=22366"},{"taxonomy":"product_tag","embeddable":true,"href":"https:\/\/www.makitamarket.com.tr\/site\/wp-json\/wp\/v2\/product_tag?post=22366"}],"curies":[{"name":"wp","href":"https:\/\/api.w.org\/{rel}","templated":true}]}}