{"id":22373,"date":"2024-11-28T20:41:33","date_gmt":"2024-11-28T17:41:33","guid":{"rendered":"https:\/\/www.makitamarket.com.tr\/site\/urun\/makita-dcm501z-akulu-kahve-makinasi\/"},"modified":"2026-04-06T18:32:07","modified_gmt":"2026-04-06T15:32:07","slug":"makita-dcm501z-akulu-kahve-makinasi","status":"publish","type":"product","link":"https:\/\/www.makitamarket.com.tr\/site\/urun\/makita-dcm501z-akulu-kahve-makinasi\/","title":{"rendered":"Makita DCM501Z DCM501Z Ak\u00fcl\u00fc Kahve Makinas\u0131"},"content":{"rendered":"<p>Model DCM501Z<\/p>\n<p>Kahve Makinas\u0131 <\/p>\n<p>12V maks. \/ 18V<\/p>\n<p><span style=\"color: rgb(0, 112, 192);\">\u015eantiyeler i\u00e7in ak\u00fc ile \u00e7al\u0131\u015fan kahve makinesi<\/span><\/p>\n<p>Bu ak\u00fc ile \u00e7al\u0131\u015fan kahve makinesi yerinde lezzetli bir fincan kahve demler. 240 ml su tank\u0131 hacmi vard\u0131r.Kupa ve \u00f6l\u00e7\u00fc ka\u015f\u0131\u011f\u0131 dahildir.18V LXT pil ile \u00e7al\u0131\u015ft\u0131r\u0131ld\u0131\u011f\u0131nda 5 dakikada bir adet 160 mL fincan kahve demler.Tek bir 18V 6.0 Ah LXT pil ile 4 adet 160 mL fincana kadar kahve demler.<\/p>\n<p><u>\u00d6zellikleri:<\/u><\/p>\n<p>18V,LXT,CXT<\/p>\n<p>LXT(Lithium-ion Xtreme Technology); Makita&#8217;n\u0131n elektrikli el aletlerinde lityum iyon pil teknolojisini kullanmas\u0131. LXT serisi, geleneksel ak\u00fclere k\u0131yasla daha uzun ak\u00fc \u00f6mr\u00fc, daha h\u0131zl\u0131 \u015farj s\u00fcreleri ve genel olarak geli\u015fmi\u015f performans sa\u011flamas\u0131yla bilinir.<\/p>\n<p>CXT(Compact Extreme Technology); 12V Max CXT serisi, \u00fcst\u00fcn makine g\u00fcc\u00fc performans\u0131n\u0131 m\u00fcmk\u00fcn olan en k\u00fc\u00e7\u00fck maki ne profiline entegre eder.<\/p>\n<p>Su tank\u0131 hacmi: 240ml<\/p>\n<p>Uyumlu po\u015fet kahve boyutu:60mm<\/p>\n<p>Net a\u011f\u0131rl\u0131k:2.2kg<\/p>\n<p>G\u00fc\u00e7 kapasite: 18V\/Li-ion<\/p>\n<p>Koli i\u00e7i adedi:1<\/p>\n<p>Ambalaj i\u00e7eri\u011fi: Mug,\u00f6l\u00e7\u00fc ka\u015f\u0131\u011f\u0131<\/p>\n<p><span style=\"color: red;\">Ambalaj i\u00e7eri\u011finde ak\u00fc ve \u015farj cihaz\u0131 bulunmamaktad\u0131r.<\/span><\/p>\n<p><\/p>\n<table>\n<tr>\n<td>Su Tank\u0131 Kapasitesi<\/td>\n<td>240 mm<\/td>\n<\/tr>\n<tr>\n<td>Net A\u011f\u0131rl\u0131k<\/td>\n<td>2.2<\/td>\n<\/tr>\n<tr>\n<td>G\u00fc\u00e7 kapasite<\/td>\n<td>18V\/Li-ion<\/td>\n<\/tr>\n<tr>\n<td>Koli \u0130\u00e7i Adedi<\/td>\n<td>1<\/td>\n<\/tr>\n<\/table>\n","protected":false},"excerpt":{"rendered":"<p>Model DCM501Z<\/p>\n<p>Kahve Makinas\u0131 <\/p>\n<p>12V maks. \/ 18V<\/p>\n<p><span style=\"color: rgb(0, 112, 192);\">\u015eantiyeler i\u00e7in ak\u00fc ile \u00e7al\u0131\u015fan kahve makinesi<\/span><\/p>\n<p>Bu ak\u00fc ile \u00e7al\u0131\u015fan kahve makinesi yerinde lezzetli bir fincan kahve demler. 240 ml su tank\u0131 hacmi vard\u0131r.Kupa ve \u00f6l\u00e7\u00fc ka\u015f\u0131\u011f\u0131 dahildir.18V LXT pil ile \u00e7al\u0131\u015ft\u0131r\u0131ld\u0131\u011f\u0131nda 5 dakikada bir adet 160 mL fincan kahve demler.Tek bir 18V 6.0 Ah LXT pil ile 4 adet 160 mL fincana kadar kahve demler.<\/p>\n<p><u>\u00d6zellikleri:<\/u><\/p>\n<p>18V,LXT,CXT<\/p>\n<p>LXT(Lithium-ion Xtreme Technology); Makita&#8217;n\u0131n elektrikli el aletlerinde lityum iyon pil teknolojisini kullanmas\u0131. LXT serisi, geleneksel ak\u00fclere k\u0131yasla daha uzun ak\u00fc \u00f6mr\u00fc, daha h\u0131zl\u0131 \u015farj s\u00fcreleri ve genel olarak geli\u015fmi\u015f performans sa\u011flamas\u0131yla bilinir.<\/p>\n<p>CXT(Compact Extreme Technology); 12V Max CXT serisi, \u00fcst\u00fcn makine g\u00fcc\u00fc performans\u0131n\u0131 m\u00fcmk\u00fcn olan en k\u00fc\u00e7\u00fck maki ne profiline entegre eder.<\/p>\n<p>Su tank\u0131 hacmi: 240ml<\/p>\n<p>Uyumlu po\u015fet kahve boyutu:60mm<\/p>\n<p>Net a\u011f\u0131rl\u0131k:2.2kg<\/p>\n<p>G\u00fc\u00e7 kapasite: 18V\/Li-ion<\/p>\n<p>Koli i\u00e7i adedi:1<\/p>\n<p>Ambalaj i\u00e7eri\u011fi: Mug,\u00f6l\u00e7\u00fc ka\u015f\u0131\u011f\u0131<\/p>\n<p><span style=\"color: red;\">Ambalaj i\u00e7eri\u011finde ak\u00fc ve \u015farj cihaz\u0131 bulunmamaktad\u0131r.<\/span><\/p>\n<p><\/p>\n","protected":false},"featured_media":22372,"comment_status":"open","ping_status":"closed","template":"","meta":{"_acf_changed":false},"product_brand":[1485],"product_cat":[1565],"product_tag":[],"class_list":{"0":"post-22373","1":"product","2":"type-product","3":"status-publish","4":"has-post-thumbnail","6":"product_brand-makita","7":"product_cat-yok-yok","9":"first","10":"instock","11":"taxable","12":"shipping-taxable","13":"purchasable","14":"product-type-simple","15":"add-to-wishlist-after_add_to_cart"},"acf":[],"_links":{"self":[{"href":"https:\/\/www.makitamarket.com.tr\/site\/wp-json\/wp\/v2\/product\/22373","targetHints":{"allow":["GET"]}}],"collection":[{"href":"https:\/\/www.makitamarket.com.tr\/site\/wp-json\/wp\/v2\/product"}],"about":[{"href":"https:\/\/www.makitamarket.com.tr\/site\/wp-json\/wp\/v2\/types\/product"}],"replies":[{"embeddable":true,"href":"https:\/\/www.makitamarket.com.tr\/site\/wp-json\/wp\/v2\/comments?post=22373"}],"wp:featuredmedia":[{"embeddable":true,"href":"https:\/\/www.makitamarket.com.tr\/site\/wp-json\/wp\/v2\/media\/22372"}],"wp:attachment":[{"href":"https:\/\/www.makitamarket.com.tr\/site\/wp-json\/wp\/v2\/media?parent=22373"}],"wp:term":[{"taxonomy":"product_brand","embeddable":true,"href":"https:\/\/www.makitamarket.com.tr\/site\/wp-json\/wp\/v2\/product_brand?post=22373"},{"taxonomy":"product_cat","embeddable":true,"href":"https:\/\/www.makitamarket.com.tr\/site\/wp-json\/wp\/v2\/product_cat?post=22373"},{"taxonomy":"product_tag","embeddable":true,"href":"https:\/\/www.makitamarket.com.tr\/site\/wp-json\/wp\/v2\/product_tag?post=22373"}],"curies":[{"name":"wp","href":"https:\/\/api.w.org\/{rel}","templated":true}]}}