{"id":22375,"date":"2024-11-28T20:41:34","date_gmt":"2024-11-28T17:41:34","guid":{"rendered":"https:\/\/www.makitamarket.com.tr\/site\/urun\/makita-sogutucu-isitici-dolap-18v\/"},"modified":"2026-04-06T18:32:03","modified_gmt":"2026-04-06T15:32:03","slug":"makita-sogutucu-isitici-dolap-18v","status":"publish","type":"product","link":"https:\/\/www.makitamarket.com.tr\/site\/urun\/makita-sogutucu-isitici-dolap-18v\/","title":{"rendered":"Makita DCW180Z SO\u011eUTUCU \/ ISITICI DOLAP 18V"},"content":{"rendered":"<p>Model DCW180Z<\/p>\n<p>So\u011futucu\/Is\u0131t\u0131c\u0131 Dolap<\/p>\n<p>18V \u2022 12V \/ 24V DC \u2022 AC \u2022 20 L<\/p>\n<p><span style=\"color: rgb(0, 112, 192);\">Yiyecek ve i\u00e7ecekleri saklamak veya ta\u015f\u0131mak i\u00e7in so\u011futucu ve \u0131s\u0131t\u0131c\u0131 kutu<\/span><\/p>\n<p>DCW180 So\u011futucu ve Is\u0131t\u0131c\u0131 kutusu, iki adet 6,0 Ah pil ile \u00f6\u011fle yeme\u011finizi 5 saate kadar s\u0131cak veya i\u00e7eceklerinizi 17 saate kadar so\u011fuk tutar. Ayr\u0131ca ara\u00e7 sigara \u00e7akma\u011f\u0131 veya \u015febeke elektri\u011fi \u00fczerinden de kullan\u0131labilir. B\u00fcy\u00fck 20 L kapasite, d\u00f6rt adet 2 L plastik \u015fi\u015fe veya yirmi adet 0,5 L plastik \u015fi\u015fe saklaman\u0131za olanak tan\u0131r<\/p>\n<p><u>\u00d6zellikleri:<\/u><\/p>\n<p>18V,LXT<\/p>\n<p>LXT(Lithium-ion Xtreme Technology); Makita&#8217;n\u0131n elektrikli el aletlerinde lityum iyon pil teknolojisini kullanmas\u0131. LXT serisi, geleneksel ak\u00fclere k\u0131yasla daha uzun ak\u00fc \u00f6mr\u00fc, daha h\u0131zl\u0131 \u015farj s\u00fcreleri ve genel olarak geli\u015fmi\u015f performans sa\u011flamas\u0131yla bilinir.<\/p>\n<p>Kapasite: 20L<\/p>\n<p>So\u011futma sistemi\/kapasitesi:-18\/-10\/0\/5\/10 \u00b0C<\/p>\n<p>Is\u0131tma sistemi\/kapasitesi: 55\/60\u00b0C<\/p>\n<p>Boyutlar(UXGXY):623X341X371.5mm<\/p>\n<p>Net a\u011f\u0131rl\u0131k:14.3kg<\/p>\n<p>Koli i\u00e7i adedi:1<\/p>\n<p><span style=\"color: red;\">Ambalaj i\u00e7eri\u011finde ak\u00fc ve ak\u00fc \u015farj cihaz\u0131 bulunmamaktad\u0131r.<\/span><\/p>\n<p><\/p>\n<table>\n<tr>\n<td>Kapasite<\/td>\n<td>20L<\/td>\n<\/tr>\n<tr>\n<td>So\u011futma Sistemi<\/td>\n<td>-18\/-10\/0\/5\/10\u00b0C<\/td>\n<\/tr>\n<tr>\n<td>Boyutlar (UxGxY)<\/td>\n<td>623x341x371.5 mm<\/td>\n<\/tr>\n<tr>\n<td>Net A\u011f\u0131rl\u0131k<\/td>\n<td>14.3<\/td>\n<\/tr>\n<tr>\n<td>Koli \u0130\u00e7i Adedi<\/td>\n<td>1<\/td>\n<\/tr>\n<\/table>\n","protected":false},"excerpt":{"rendered":"<p>Model DCW180Z<\/p>\n<p>So\u011futucu\/Is\u0131t\u0131c\u0131 Dolap<\/p>\n<p>18V \u2022 12V \/ 24V DC \u2022 AC \u2022 20 L<\/p>\n<p><span style=\"color: rgb(0, 112, 192);\">Yiyecek ve i\u00e7ecekleri saklamak veya ta\u015f\u0131mak i\u00e7in so\u011futucu ve \u0131s\u0131t\u0131c\u0131 kutu<\/span><\/p>\n<p>DCW180 So\u011futucu ve Is\u0131t\u0131c\u0131 kutusu, iki adet 6,0 Ah pil ile \u00f6\u011fle yeme\u011finizi 5 saate kadar s\u0131cak veya i\u00e7eceklerinizi 17 saate kadar so\u011fuk tutar. Ayr\u0131ca ara\u00e7 sigara \u00e7akma\u011f\u0131 veya \u015febeke elektri\u011fi \u00fczerinden de kullan\u0131labilir. B\u00fcy\u00fck 20 L kapasite, d\u00f6rt adet 2 L plastik \u015fi\u015fe veya yirmi adet 0,5 L plastik \u015fi\u015fe saklaman\u0131za olanak tan\u0131r<\/p>\n<p><u>\u00d6zellikleri:<\/u><\/p>\n<p>18V,LXT<\/p>\n<p>LXT(Lithium-ion Xtreme Technology); Makita&#8217;n\u0131n elektrikli el aletlerinde lityum iyon pil teknolojisini kullanmas\u0131. LXT serisi, geleneksel ak\u00fclere k\u0131yasla daha uzun ak\u00fc \u00f6mr\u00fc, daha h\u0131zl\u0131 \u015farj s\u00fcreleri ve genel olarak geli\u015fmi\u015f performans sa\u011flamas\u0131yla bilinir.<\/p>\n<p>Kapasite: 20L<\/p>\n<p>So\u011futma sistemi\/kapasitesi:-18\/-10\/0\/5\/10 \u00b0C<\/p>\n<p>Is\u0131tma sistemi\/kapasitesi: 55\/60\u00b0C<\/p>\n<p>Boyutlar(UXGXY):623X341X371.5mm<\/p>\n<p>Net a\u011f\u0131rl\u0131k:14.3kg<\/p>\n<p>Koli i\u00e7i adedi:1<\/p>\n<p><span style=\"color: red;\">Ambalaj i\u00e7eri\u011finde ak\u00fc ve ak\u00fc \u015farj cihaz\u0131 bulunmamaktad\u0131r.<\/span><\/p>\n<p><\/p>\n","protected":false},"featured_media":22374,"comment_status":"open","ping_status":"closed","template":"","meta":{"_acf_changed":false},"product_brand":[1485],"product_cat":[1565],"product_tag":[],"class_list":{"0":"post-22375","1":"product","2":"type-product","3":"status-publish","4":"has-post-thumbnail","6":"product_brand-makita","7":"product_cat-yok-yok","9":"first","10":"instock","11":"taxable","12":"shipping-taxable","13":"purchasable","14":"product-type-simple","15":"add-to-wishlist-after_add_to_cart"},"acf":[],"_links":{"self":[{"href":"https:\/\/www.makitamarket.com.tr\/site\/wp-json\/wp\/v2\/product\/22375","targetHints":{"allow":["GET"]}}],"collection":[{"href":"https:\/\/www.makitamarket.com.tr\/site\/wp-json\/wp\/v2\/product"}],"about":[{"href":"https:\/\/www.makitamarket.com.tr\/site\/wp-json\/wp\/v2\/types\/product"}],"replies":[{"embeddable":true,"href":"https:\/\/www.makitamarket.com.tr\/site\/wp-json\/wp\/v2\/comments?post=22375"}],"wp:featuredmedia":[{"embeddable":true,"href":"https:\/\/www.makitamarket.com.tr\/site\/wp-json\/wp\/v2\/media\/22374"}],"wp:attachment":[{"href":"https:\/\/www.makitamarket.com.tr\/site\/wp-json\/wp\/v2\/media?parent=22375"}],"wp:term":[{"taxonomy":"product_brand","embeddable":true,"href":"https:\/\/www.makitamarket.com.tr\/site\/wp-json\/wp\/v2\/product_brand?post=22375"},{"taxonomy":"product_cat","embeddable":true,"href":"https:\/\/www.makitamarket.com.tr\/site\/wp-json\/wp\/v2\/product_cat?post=22375"},{"taxonomy":"product_tag","embeddable":true,"href":"https:\/\/www.makitamarket.com.tr\/site\/wp-json\/wp\/v2\/product_tag?post=22375"}],"curies":[{"name":"wp","href":"https:\/\/api.w.org\/{rel}","templated":true}]}}