{"id":22377,"date":"2024-11-28T20:41:34","date_gmt":"2024-11-28T17:41:34","guid":{"rendered":"https:\/\/www.makitamarket.com.tr\/site\/urun\/makita-akulu-ufleme-tabancasi-18v\/"},"modified":"2026-04-06T18:32:08","modified_gmt":"2026-04-06T15:32:08","slug":"makita-akulu-ufleme-tabancasi-18v","status":"publish","type":"product","link":"https:\/\/www.makitamarket.com.tr\/site\/urun\/makita-akulu-ufleme-tabancasi-18v\/","title":{"rendered":"Makita DAS180Z AK\u00dcL\u00dc \u00dcFLEME TABANCASI 18V"},"content":{"rendered":"<p>Model DAS180Z<\/p>\n<p>Ak\u00fcl\u00fc \u00dcfleme Tabancas\u0131<\/p>\n<p>18V&nbsp;\u2022 200 m\/s<\/p>\n<p><strong style=\"color: rgb(0, 112, 192);\">Y\u00fcksek Performansl\u0131 Ak\u00fcl\u00fc \u00dcfleme Tabancas\u0131<\/strong><\/p>\n<p>Farkl\u0131 y\u00fczeylerin temizli\u011fi ve kurutma i\u015flemleri i\u00e7in tasarlanm\u0131\u015f, kompakt ve g\u00fc\u00e7l\u00fc bir ak\u00fcl\u00fc \u00fcfleme tabancas\u0131 modelidir. 18V LXT Li-Ion ak\u00fc sistemi ile \u00e7al\u0131\u015fan bu model, kablosuz kullan\u0131m avantaj\u0131 sunarak hareket \u00f6zg\u00fcrl\u00fc\u011f\u00fc sa\u011flar. Maksimum 200 m\/s<sup> <\/sup>hava h\u0131z\u0131 ve de\u011fi\u015fken h\u0131z kontrol\u00fc, farkl\u0131 uygulamalara uyum sa\u011flar. Ergonomik ve hafif tasar\u0131m\u0131 sayesinde uzun s\u00fcreli kullan\u0131mlarda konfor sunar. Sessiz \u00e7al\u0131\u015fma \u00f6zelli\u011fi, d\u00fc\u015f\u00fck g\u00fcr\u00fclt\u00fc seviyesiyle rahats\u0131zl\u0131k vermez. Bu model, temizlik, kurutma ve end\u00fcstriyel projelerde pratik ve verimli bir \u00e7\u00f6z\u00fcmd\u00fcr.<\/p>\n<p><span style=\"color: red;\">Kullan\u0131m amac\u0131: <\/span>Alet tercihinize uygun de\u011fi\u015ftirilebilir nozullarla \u00fcfleyerek tozu temizlemek, \u015fi\u015firilebilir cisimleri \u015fi\u015firmek ve havas\u0131n\u0131 indirmek i\u00e7in tasarlanm\u0131\u015ft\u0131r. \u00c7al\u0131\u015fma alanlar\u0131n\u0131 temizlemek, filtrelerin tozunu almak ve plaj oyuncaklar\u0131n\u0131 \u015fi\u015firmek gibi ticari alanlarda ve evde kullan\u0131m i\u00e7in uygundur.<\/p>\n<p><u>\u00d6zellikleri:<\/u><\/p>\n<p>18V, LXT,BL MOTOR<\/p>\n<p>Ak\u00fcl\u00fc yap\u0131s\u0131 kullan\u0131c\u0131ya kablosuz kullan\u0131m imkan\u0131 sunar ve bu sayede kullan\u0131c\u0131lar geni\u015f alanlarda kablo s\u0131n\u0131rlamalar\u0131 olmadan rahat\u00e7a \u00e7al\u0131\u015fabilirler.<\/p>\n<p>Li-ion;Bataryan\u0131n daha verimli \u00e7al\u0131\u015fmas\u0131n\u0131 sa\u011flayan teknolojidir.<\/p>\n<p>LXT(Lithium-ion Xtreme Technology); Makita&#8217;n\u0131n elektrikli el aletlerinde lityum iyon pil teknolojisini kullanmas\u0131. LXT serisi, geleneksel ak\u00fclere k\u0131yasla daha uzun ak\u00fc \u00f6mr\u00fc, daha h\u0131zl\u0131 \u015farj s\u00fcreleri ve genel olarak geli\u015fmi\u015f performans sa\u011flamas\u0131yla bilinir.<\/p>\n<p>BL Motor\/K\u00f6m\u00fcrs\u00fcz Motor mevcuttur. K\u00f6m\u00fcrs\u00fcz motor sayesinde \u00e7al\u0131\u015fma esnas\u0131nda olu\u015fan \u0131s\u0131 enerjisi kaybolmaz ve makinenin g\u00fcc\u00fcne iletilir.<\/p>\n<ol>\n<li data-list=\"bullet\"><span class=\"ql-ui\" contenteditable=\"false\"><\/span>De\u011fi\u015fken h\u0131z \u00f6zelli\u011fine sahiptir.<\/li>\n<li data-list=\"bullet\"><span class=\"ql-ui\" contenteditable=\"false\"><\/span>Otomatik 4 h\u0131z mevcuttur.<\/li>\n<li data-list=\"bullet\"><span class=\"ql-ui\" contenteditable=\"false\"><\/span><span style=\"color: rgb(33, 37, 41);\">Led \u0131\u015f\u0131\u011f\u0131 vard\u0131r.<\/span><\/li>\n<li data-list=\"bullet\"><span class=\"ql-ui\" contenteditable=\"false\"><\/span>Plastik ta\u015f\u0131ma \u00e7antal\u0131d\u0131r.<\/li>\n<\/ol>\n<p><span style=\"color: red;\">Kontroll\u00fc \u00e7al\u0131\u015fma sistemi<\/span><\/p>\n<p><span style=\"color: red;\">Ak\u00fc ve \u015farj cihaz\u0131 dahil de\u011fildir. <\/span><\/p>\n<table>\n<tr>\n<td>Maksimum hava h\u0131z\u0131<\/td>\n<td>200m\/s\u00b2<\/td>\n<\/tr>\n<tr>\n<td>Maksimum Hava Hacmi<\/td>\n<td>1.1 m\u00b3 \/dk<\/td>\n<\/tr>\n<tr>\n<td>A\u011f\u0131rl\u0131k<\/td>\n<td>4.3<\/td>\n<\/tr>\n<tr>\n<td>\u00d6l\u00e7\u00fcleri (UxGxY)<\/td>\n<td>173x92x247 mm<\/td>\n<\/tr>\n<\/table>\n","protected":false},"excerpt":{"rendered":"<p>Model DAS180Z<\/p>\n<p>Ak\u00fcl\u00fc \u00dcfleme Tabancas\u0131<\/p>\n<p>18V&nbsp;\u2022 200 m\/s<\/p>\n<p><strong style=\"color: rgb(0, 112, 192);\">Y\u00fcksek Performansl\u0131 Ak\u00fcl\u00fc \u00dcfleme Tabancas\u0131<\/strong><\/p>\n<p>Farkl\u0131 y\u00fczeylerin temizli\u011fi ve kurutma i\u015flemleri i\u00e7in tasarlanm\u0131\u015f, kompakt ve g\u00fc\u00e7l\u00fc bir ak\u00fcl\u00fc \u00fcfleme tabancas\u0131 modelidir. 18V LXT Li-Ion ak\u00fc sistemi ile \u00e7al\u0131\u015fan bu model, kablosuz kullan\u0131m avantaj\u0131 sunarak hareket \u00f6zg\u00fcrl\u00fc\u011f\u00fc sa\u011flar. Maksimum 200 m\/s<sup> <\/sup>hava h\u0131z\u0131 ve de\u011fi\u015fken h\u0131z kontrol\u00fc, farkl\u0131 uygulamalara uyum sa\u011flar. Ergonomik ve hafif tasar\u0131m\u0131 sayesinde uzun s\u00fcreli kullan\u0131mlarda konfor sunar. Sessiz \u00e7al\u0131\u015fma \u00f6zelli\u011fi, d\u00fc\u015f\u00fck g\u00fcr\u00fclt\u00fc seviyesiyle rahats\u0131zl\u0131k vermez. Bu model, temizlik, kurutma ve end\u00fcstriyel projelerde pratik ve verimli bir \u00e7\u00f6z\u00fcmd\u00fcr.<\/p>\n<p><span style=\"color: red;\">Kullan\u0131m amac\u0131: <\/span>Alet tercihinize uygun de\u011fi\u015ftirilebilir nozullarla \u00fcfleyerek tozu temizlemek, \u015fi\u015firilebilir cisimleri \u015fi\u015firmek ve havas\u0131n\u0131 indirmek i\u00e7in tasarlanm\u0131\u015ft\u0131r. \u00c7al\u0131\u015fma alanlar\u0131n\u0131 temizlemek, filtrelerin tozunu almak ve plaj oyuncaklar\u0131n\u0131 \u015fi\u015firmek gibi ticari alanlarda ve evde kullan\u0131m i\u00e7in uygundur.<\/p>\n<p><u>\u00d6zellikleri:<\/u><\/p>\n<p>18V, LXT,BL MOTOR<\/p>\n<p>Ak\u00fcl\u00fc yap\u0131s\u0131 kullan\u0131c\u0131ya kablosuz kullan\u0131m imkan\u0131 sunar ve bu sayede kullan\u0131c\u0131lar geni\u015f alanlarda kablo s\u0131n\u0131rlamalar\u0131 olmadan rahat\u00e7a \u00e7al\u0131\u015fabilirler.<\/p>\n<p>Li-ion;Bataryan\u0131n daha verimli \u00e7al\u0131\u015fmas\u0131n\u0131 sa\u011flayan teknolojidir.<\/p>\n<p>LXT(Lithium-ion Xtreme Technology); Makita&#8217;n\u0131n elektrikli el aletlerinde lityum iyon pil teknolojisini kullanmas\u0131. LXT serisi, geleneksel ak\u00fclere k\u0131yasla daha uzun ak\u00fc \u00f6mr\u00fc, daha h\u0131zl\u0131 \u015farj s\u00fcreleri ve genel olarak geli\u015fmi\u015f performans sa\u011flamas\u0131yla bilinir.<\/p>\n<p>BL Motor\/K\u00f6m\u00fcrs\u00fcz Motor mevcuttur. K\u00f6m\u00fcrs\u00fcz motor sayesinde \u00e7al\u0131\u015fma esnas\u0131nda olu\u015fan \u0131s\u0131 enerjisi kaybolmaz ve makinenin g\u00fcc\u00fcne iletilir.<\/p>\n<ol>\n<li data-list=\"bullet\"><span class=\"ql-ui\" contenteditable=\"false\"><\/span>De\u011fi\u015fken h\u0131z \u00f6zelli\u011fine sahiptir.<\/li>\n<li data-list=\"bullet\"><span class=\"ql-ui\" contenteditable=\"false\"><\/span>Otomatik 4 h\u0131z mevcuttur.<\/li>\n<li data-list=\"bullet\"><span class=\"ql-ui\" contenteditable=\"false\"><\/span><span style=\"color: rgb(33, 37, 41);\">Led \u0131\u015f\u0131\u011f\u0131 vard\u0131r.<\/span><\/li>\n<li data-list=\"bullet\"><span class=\"ql-ui\" contenteditable=\"false\"><\/span>Plastik ta\u015f\u0131ma \u00e7antal\u0131d\u0131r.<\/li>\n<\/ol>\n<p><span style=\"color: red;\">Kontroll\u00fc \u00e7al\u0131\u015fma sistemi<\/span><\/p>\n<p><span style=\"color: red;\">Ak\u00fc ve \u015farj cihaz\u0131 dahil de\u011fildir. <\/span><\/p>\n","protected":false},"featured_media":22376,"comment_status":"open","ping_status":"closed","template":"","meta":{"_acf_changed":false},"product_brand":[1485],"product_cat":[1565],"product_tag":[],"class_list":{"0":"post-22377","1":"product","2":"type-product","3":"status-publish","4":"has-post-thumbnail","6":"product_brand-makita","7":"product_cat-yok-yok","9":"first","10":"instock","11":"taxable","12":"shipping-taxable","13":"purchasable","14":"product-type-simple","15":"add-to-wishlist-after_add_to_cart"},"acf":[],"_links":{"self":[{"href":"https:\/\/www.makitamarket.com.tr\/site\/wp-json\/wp\/v2\/product\/22377","targetHints":{"allow":["GET"]}}],"collection":[{"href":"https:\/\/www.makitamarket.com.tr\/site\/wp-json\/wp\/v2\/product"}],"about":[{"href":"https:\/\/www.makitamarket.com.tr\/site\/wp-json\/wp\/v2\/types\/product"}],"replies":[{"embeddable":true,"href":"https:\/\/www.makitamarket.com.tr\/site\/wp-json\/wp\/v2\/comments?post=22377"}],"wp:featuredmedia":[{"embeddable":true,"href":"https:\/\/www.makitamarket.com.tr\/site\/wp-json\/wp\/v2\/media\/22376"}],"wp:attachment":[{"href":"https:\/\/www.makitamarket.com.tr\/site\/wp-json\/wp\/v2\/media?parent=22377"}],"wp:term":[{"taxonomy":"product_brand","embeddable":true,"href":"https:\/\/www.makitamarket.com.tr\/site\/wp-json\/wp\/v2\/product_brand?post=22377"},{"taxonomy":"product_cat","embeddable":true,"href":"https:\/\/www.makitamarket.com.tr\/site\/wp-json\/wp\/v2\/product_cat?post=22377"},{"taxonomy":"product_tag","embeddable":true,"href":"https:\/\/www.makitamarket.com.tr\/site\/wp-json\/wp\/v2\/product_tag?post=22377"}],"curies":[{"name":"wp","href":"https:\/\/api.w.org\/{rel}","templated":true}]}}