{"id":22385,"date":"2024-11-28T20:41:37","date_gmt":"2024-11-28T17:41:37","guid":{"rendered":"https:\/\/www.makitamarket.com.tr\/site\/urun\/rainpump-rainpump-qx10-34-2-2w-dalgic-tip-temiz-su\/"},"modified":"2026-03-30T11:50:23","modified_gmt":"2026-03-30T08:50:23","slug":"rainpump-rainpump-qx10-34-2-2w-dalgic-tip-temiz-su","status":"publish","type":"product","link":"https:\/\/www.makitamarket.com.tr\/site\/urun\/rainpump-rainpump-qx10-34-2-2w-dalgic-tip-temiz-su\/","title":{"rendered":"Rainpump RAINQX10-34-22W RAINPUMP QX10-34-2.2W\u00a0 DALGI\u00c7 T\u0130P TEM\u0130Z SU"},"content":{"rendered":"<table>\n<tr>\n<td>G\u00fc\u00e7<\/td>\n<td>0.75 kW &#8211; 1HP<\/td>\n<\/tr>\n<tr>\n<td>Voltaj<\/td>\n<td>220V (Monofaze)<\/td>\n<\/tr>\n<tr>\n<td>Kapasite m3\/saat<\/td>\n<td>6<\/td>\n<\/tr>\n<tr>\n<td>Max. dalma derinli\u011fi (m)<\/td>\n<td>5<\/td>\n<\/tr>\n<tr>\n<td>\u00c7\u0131k\u0131\u015f \u00e7ap\u0131<\/td>\n<td>1&#8243;<\/td>\n<\/tr>\n<tr>\n<td>Su s\u0131cakl\u0131\u011f\u0131<\/td>\n<td>40\u00b0C<\/td>\n<\/tr>\n<tr>\n<td>Max. kat\u0131 par\u00e7a (mm)<\/td>\n<td>5<\/td>\n<\/tr>\n<tr>\n<td>Temiz \/ kirli su<\/td>\n<td>Temiz<\/td>\n<\/tr>\n<tr>\n<td>\u00d6l\u00e7\u00fc (mm)<\/td>\n<td>430x205x225<\/td>\n<\/tr>\n<tr>\n<td>A\u011f\u0131rl\u0131k<\/td>\n<td>12<\/td>\n<\/tr>\n<\/table>\n","protected":false},"excerpt":{"rendered":"<p>G\u00fc\u00e7 0.75 kW &#8211; 1HP Voltaj 220V (Monofaze) Kapasite m3\/saat 6 Max. dalma derinli\u011fi (m) 5 \u00c7\u0131k\u0131\u015f \u00e7ap\u0131 1&#8243; Su s\u0131cakl\u0131\u011f\u0131 40\u00b0C Max. kat\u0131 par\u00e7a (mm) 5 Temiz \/ kirli<\/p>\n","protected":false},"featured_media":22384,"comment_status":"open","ping_status":"closed","template":"","meta":{"_acf_changed":false},"product_brand":[1517],"product_cat":[1565],"product_tag":[],"class_list":{"0":"post-22385","1":"product","2":"type-product","3":"status-publish","4":"has-post-thumbnail","6":"product_brand-rainpump","7":"product_cat-yok-yok","9":"first","10":"instock","11":"taxable","12":"shipping-taxable","13":"purchasable","14":"product-type-simple","15":"add-to-wishlist-after_add_to_cart"},"acf":[],"_links":{"self":[{"href":"https:\/\/www.makitamarket.com.tr\/site\/wp-json\/wp\/v2\/product\/22385","targetHints":{"allow":["GET"]}}],"collection":[{"href":"https:\/\/www.makitamarket.com.tr\/site\/wp-json\/wp\/v2\/product"}],"about":[{"href":"https:\/\/www.makitamarket.com.tr\/site\/wp-json\/wp\/v2\/types\/product"}],"replies":[{"embeddable":true,"href":"https:\/\/www.makitamarket.com.tr\/site\/wp-json\/wp\/v2\/comments?post=22385"}],"wp:featuredmedia":[{"embeddable":true,"href":"https:\/\/www.makitamarket.com.tr\/site\/wp-json\/wp\/v2\/media\/22384"}],"wp:attachment":[{"href":"https:\/\/www.makitamarket.com.tr\/site\/wp-json\/wp\/v2\/media?parent=22385"}],"wp:term":[{"taxonomy":"product_brand","embeddable":true,"href":"https:\/\/www.makitamarket.com.tr\/site\/wp-json\/wp\/v2\/product_brand?post=22385"},{"taxonomy":"product_cat","embeddable":true,"href":"https:\/\/www.makitamarket.com.tr\/site\/wp-json\/wp\/v2\/product_cat?post=22385"},{"taxonomy":"product_tag","embeddable":true,"href":"https:\/\/www.makitamarket.com.tr\/site\/wp-json\/wp\/v2\/product_tag?post=22385"}],"curies":[{"name":"wp","href":"https:\/\/api.w.org\/{rel}","templated":true}]}}