{"id":22387,"date":"2024-11-28T20:41:38","date_gmt":"2024-11-28T17:41:38","guid":{"rendered":"https:\/\/www.makitamarket.com.tr\/site\/urun\/rainpump-rainpump-epc-2-1-otomatik-pres-kontrol\/"},"modified":"2025-11-16T12:12:24","modified_gmt":"2025-11-16T09:12:24","slug":"rainpump-rainpump-epc-2-1-otomatik-pres-kontrol","status":"publish","type":"product","link":"https:\/\/www.makitamarket.com.tr\/site\/urun\/rainpump-rainpump-epc-2-1-otomatik-pres-kontrol\/","title":{"rendered":"Rainpump RAINEPC-2.1 RAINPUMP EPC-2.1 OTOMATIK PRES KONTROL"},"content":{"rendered":"<table>\n<tr>\n<td>Voltaj<\/td>\n<td>220V &#8211; 240V<\/td>\n<\/tr>\n<tr>\n<td>Frekans (Hz)<\/td>\n<td>50 Hz &#8211; 60 Hz<\/td>\n<\/tr>\n<tr>\n<td>Max. G\u00fc\u00e7<\/td>\n<td>1.1kW<\/td>\n<\/tr>\n<tr>\n<td>Ba\u015flatma Ayar Bas\u0131nc\u0131<\/td>\n<td>1.2 &#8211; 1.5 &#8211; 2.2 bar<\/td>\n<\/tr>\n<tr>\n<td>Max. \u00c7al\u0131\u015fma S\u0131cakl\u0131\u011f\u0131<\/td>\n<td>10 bar<\/td>\n<\/tr>\n<tr>\n<td>Ba\u011flant\u0131<\/td>\n<td>R1<\/td>\n<\/tr>\n<tr>\n<td>Koruma S\u0131n\u0131f\u0131<\/td>\n<td>IP44<\/td>\n<\/tr>\n<\/table>\n","protected":false},"excerpt":{"rendered":"<p>Voltaj 220V &#8211; 240V Frekans (Hz) 50 Hz &#8211; 60 Hz Max. G\u00fc\u00e7 1.1kW Ba\u015flatma Ayar Bas\u0131nc\u0131 1.2 &#8211; 1.5 &#8211; 2.2 bar Max. \u00c7al\u0131\u015fma S\u0131cakl\u0131\u011f\u0131 10 bar Ba\u011flant\u0131 R1<\/p>\n","protected":false},"featured_media":22386,"comment_status":"open","ping_status":"closed","template":"","meta":{"_acf_changed":false},"product_brand":[1517],"product_cat":[1565],"product_tag":[],"class_list":{"0":"post-22387","1":"product","2":"type-product","3":"status-publish","4":"has-post-thumbnail","6":"product_brand-rainpump","7":"product_cat-yok-yok","9":"first","10":"outofstock","11":"taxable","12":"shipping-taxable","13":"purchasable","14":"product-type-simple","15":"add-to-wishlist-after_add_to_cart"},"acf":[],"_links":{"self":[{"href":"https:\/\/www.makitamarket.com.tr\/site\/wp-json\/wp\/v2\/product\/22387","targetHints":{"allow":["GET"]}}],"collection":[{"href":"https:\/\/www.makitamarket.com.tr\/site\/wp-json\/wp\/v2\/product"}],"about":[{"href":"https:\/\/www.makitamarket.com.tr\/site\/wp-json\/wp\/v2\/types\/product"}],"replies":[{"embeddable":true,"href":"https:\/\/www.makitamarket.com.tr\/site\/wp-json\/wp\/v2\/comments?post=22387"}],"wp:featuredmedia":[{"embeddable":true,"href":"https:\/\/www.makitamarket.com.tr\/site\/wp-json\/wp\/v2\/media\/22386"}],"wp:attachment":[{"href":"https:\/\/www.makitamarket.com.tr\/site\/wp-json\/wp\/v2\/media?parent=22387"}],"wp:term":[{"taxonomy":"product_brand","embeddable":true,"href":"https:\/\/www.makitamarket.com.tr\/site\/wp-json\/wp\/v2\/product_brand?post=22387"},{"taxonomy":"product_cat","embeddable":true,"href":"https:\/\/www.makitamarket.com.tr\/site\/wp-json\/wp\/v2\/product_cat?post=22387"},{"taxonomy":"product_tag","embeddable":true,"href":"https:\/\/www.makitamarket.com.tr\/site\/wp-json\/wp\/v2\/product_tag?post=22387"}],"curies":[{"name":"wp","href":"https:\/\/api.w.org\/{rel}","templated":true}]}}