{"id":22393,"date":"2024-11-28T20:41:40","date_gmt":"2024-11-28T17:41:40","guid":{"rendered":"https:\/\/www.makitamarket.com.tr\/site\/urun\/rainpump-rainpump-qb80-1-hp-santrifuj-pompa\/"},"modified":"2025-11-16T12:12:24","modified_gmt":"2025-11-16T09:12:24","slug":"rainpump-rainpump-qb80-1-hp-santrifuj-pompa","status":"publish","type":"product","link":"https:\/\/www.makitamarket.com.tr\/site\/urun\/rainpump-rainpump-qb80-1-hp-santrifuj-pompa\/","title":{"rendered":"Rainpump RAINQB80-1HP RAINPUMP QB80 -1 HP SANTRIFUJ POMPA"},"content":{"rendered":"<table>\n<tr>\n<td>G\u00fc\u00e7<\/td>\n<td>0.75KW &#8211; 1HP<\/td>\n<\/tr>\n<tr>\n<td>Voltaj<\/td>\n<td>220V (Monofaze)<\/td>\n<\/tr>\n<tr>\n<td>Giri\u015f \u00c7ap\u0131  (\u0130nch)<\/td>\n<td>1<\/td>\n<\/tr>\n<tr>\n<td>\u00c7\u0131k\u0131\u015f \u00e7ap\u0131<\/td>\n<td>1<\/td>\n<\/tr>\n<tr>\n<td>Emme Derinli\u011fi<\/td>\n<td>8<\/td>\n<\/tr>\n<tr>\n<td>Max. Bas\u0131n\u00e7<\/td>\n<td>6 bar<\/td>\n<\/tr>\n<tr>\n<td>\u00d6l\u00e7\u00fc<\/td>\n<td>330x175x200 mm<\/td>\n<\/tr>\n<tr>\n<td>A\u011f\u0131rl\u0131k<\/td>\n<td>8 <\/td>\n<\/tr>\n<\/table>\n","protected":false},"excerpt":{"rendered":"<p>G\u00fc\u00e7 0.75KW &#8211; 1HP Voltaj 220V (Monofaze) Giri\u015f \u00c7ap\u0131 (\u0130nch) 1 \u00c7\u0131k\u0131\u015f \u00e7ap\u0131 1 Emme Derinli\u011fi 8 Max. Bas\u0131n\u00e7 6 bar \u00d6l\u00e7\u00fc 330x175x200 mm A\u011f\u0131rl\u0131k 8<\/p>\n","protected":false},"featured_media":22392,"comment_status":"open","ping_status":"closed","template":"","meta":{"_acf_changed":false},"product_brand":[1517],"product_cat":[1565],"product_tag":[],"class_list":{"0":"post-22393","1":"product","2":"type-product","3":"status-publish","4":"has-post-thumbnail","6":"product_brand-rainpump","7":"product_cat-yok-yok","9":"first","10":"outofstock","11":"taxable","12":"shipping-taxable","13":"purchasable","14":"product-type-simple","15":"add-to-wishlist-after_add_to_cart"},"acf":[],"_links":{"self":[{"href":"https:\/\/www.makitamarket.com.tr\/site\/wp-json\/wp\/v2\/product\/22393","targetHints":{"allow":["GET"]}}],"collection":[{"href":"https:\/\/www.makitamarket.com.tr\/site\/wp-json\/wp\/v2\/product"}],"about":[{"href":"https:\/\/www.makitamarket.com.tr\/site\/wp-json\/wp\/v2\/types\/product"}],"replies":[{"embeddable":true,"href":"https:\/\/www.makitamarket.com.tr\/site\/wp-json\/wp\/v2\/comments?post=22393"}],"wp:featuredmedia":[{"embeddable":true,"href":"https:\/\/www.makitamarket.com.tr\/site\/wp-json\/wp\/v2\/media\/22392"}],"wp:attachment":[{"href":"https:\/\/www.makitamarket.com.tr\/site\/wp-json\/wp\/v2\/media?parent=22393"}],"wp:term":[{"taxonomy":"product_brand","embeddable":true,"href":"https:\/\/www.makitamarket.com.tr\/site\/wp-json\/wp\/v2\/product_brand?post=22393"},{"taxonomy":"product_cat","embeddable":true,"href":"https:\/\/www.makitamarket.com.tr\/site\/wp-json\/wp\/v2\/product_cat?post=22393"},{"taxonomy":"product_tag","embeddable":true,"href":"https:\/\/www.makitamarket.com.tr\/site\/wp-json\/wp\/v2\/product_tag?post=22393"}],"curies":[{"name":"wp","href":"https:\/\/api.w.org\/{rel}","templated":true}]}}