{"id":22394,"date":"2024-11-28T20:41:40","date_gmt":"2024-11-28T17:41:40","guid":{"rendered":"https:\/\/www.makitamarket.com.tr\/site\/urun\/rainpump-rainpump-qb70-07-hp-santrifuj-pompa\/"},"modified":"2026-04-06T18:40:03","modified_gmt":"2026-04-06T15:40:03","slug":"rainpump-rainpump-qb70-07-hp-santrifuj-pompa","status":"publish","type":"product","link":"https:\/\/www.makitamarket.com.tr\/site\/urun\/rainpump-rainpump-qb70-07-hp-santrifuj-pompa\/","title":{"rendered":"Rainpump RAINQB70-0,7HP RAINPUMP QB70-0,7 HP\u00a0 SANTRIFUJ POMPA"},"content":{"rendered":"<table>\n<tr>\n<td>G\u00fc\u00e7<\/td>\n<td>0.55KW &#8211; 0.75HP<\/td>\n<\/tr>\n<tr>\n<td>Voltaj<\/td>\n<td>220V (Monofaze)<\/td>\n<\/tr>\n<tr>\n<td>Giri\u015f \u00c7ap\u0131  (\u0130nch)<\/td>\n<td>1<\/td>\n<\/tr>\n<tr>\n<td>\u00c7\u0131k\u0131\u015f \u00e7ap\u0131<\/td>\n<td>1<\/td>\n<\/tr>\n<tr>\n<td>Max. Basma Y\u00fcksekli\u011fi (m)<\/td>\n<td>48 m<\/td>\n<\/tr>\n<tr>\n<td>Emme Derinli\u011fi<\/td>\n<td>8<\/td>\n<\/tr>\n<tr>\n<td>Max. Bas\u0131n\u00e7<\/td>\n<td>6 bar<\/td>\n<\/tr>\n<tr>\n<td>\u00d6l\u00e7\u00fc<\/td>\n<td>280x135x160 <\/td>\n<\/tr>\n<tr>\n<td>A\u011f\u0131rl\u0131k<\/td>\n<td>5.3<\/td>\n<\/tr>\n<\/table>\n","protected":false},"excerpt":{"rendered":"<p>G\u00fc\u00e7 0.55KW &#8211; 0.75HP Voltaj 220V (Monofaze) Giri\u015f \u00c7ap\u0131 (\u0130nch) 1 \u00c7\u0131k\u0131\u015f \u00e7ap\u0131 1 Max. Basma Y\u00fcksekli\u011fi (m) 48 m Emme Derinli\u011fi 8 Max. Bas\u0131n\u00e7 6 bar \u00d6l\u00e7\u00fc 280x135x160 A\u011f\u0131rl\u0131k<\/p>\n","protected":false},"featured_media":0,"comment_status":"open","ping_status":"closed","template":"","meta":{"_acf_changed":false},"product_brand":[1517],"product_cat":[1565],"product_tag":[],"class_list":{"0":"post-22394","1":"product","2":"type-product","3":"status-publish","5":"product_brand-rainpump","6":"product_cat-yok-yok","8":"first","9":"instock","10":"taxable","11":"shipping-taxable","12":"purchasable","13":"product-type-simple","14":"add-to-wishlist-after_add_to_cart"},"acf":[],"_links":{"self":[{"href":"https:\/\/www.makitamarket.com.tr\/site\/wp-json\/wp\/v2\/product\/22394","targetHints":{"allow":["GET"]}}],"collection":[{"href":"https:\/\/www.makitamarket.com.tr\/site\/wp-json\/wp\/v2\/product"}],"about":[{"href":"https:\/\/www.makitamarket.com.tr\/site\/wp-json\/wp\/v2\/types\/product"}],"replies":[{"embeddable":true,"href":"https:\/\/www.makitamarket.com.tr\/site\/wp-json\/wp\/v2\/comments?post=22394"}],"wp:attachment":[{"href":"https:\/\/www.makitamarket.com.tr\/site\/wp-json\/wp\/v2\/media?parent=22394"}],"wp:term":[{"taxonomy":"product_brand","embeddable":true,"href":"https:\/\/www.makitamarket.com.tr\/site\/wp-json\/wp\/v2\/product_brand?post=22394"},{"taxonomy":"product_cat","embeddable":true,"href":"https:\/\/www.makitamarket.com.tr\/site\/wp-json\/wp\/v2\/product_cat?post=22394"},{"taxonomy":"product_tag","embeddable":true,"href":"https:\/\/www.makitamarket.com.tr\/site\/wp-json\/wp\/v2\/product_tag?post=22394"}],"curies":[{"name":"wp","href":"https:\/\/api.w.org\/{rel}","templated":true}]}}