{"id":22400,"date":"2024-11-28T20:41:49","date_gmt":"2024-11-28T17:41:49","guid":{"rendered":"https:\/\/www.makitamarket.com.tr\/site\/urun\/rainpump-jet750g2-paslanmaz-celik-govdeli-seri-jet-pompa\/"},"modified":"2025-11-16T12:12:23","modified_gmt":"2025-11-16T09:12:23","slug":"rainpump-jet750g2-paslanmaz-celik-govdeli-seri-jet-pompa","status":"publish","type":"product","link":"https:\/\/www.makitamarket.com.tr\/site\/urun\/rainpump-jet750g2-paslanmaz-celik-govdeli-seri-jet-pompa\/","title":{"rendered":"Rainpump JET750G2 JET750G2 PASLANMAZ \u00c7EL\u0130K G\u00d6VDEL\u0130 SER\u0130 JET POMPA"},"content":{"rendered":"<p>*Bak\u0131r sarg\u0131l\u0131 motor.<\/p>\n<p><\/p>\n<p>Basma Y\u00fcksekli\u011fi: 0.9-35.5 \/ 1.2-33.5 1.5-33 \/ 1.8-31 2.1-28 \/ 2.4-24 2.7-20 \/ 3-15 3.3-6 \/ 3.6-2<\/p>\n<table>\n<tr>\n<td>G\u00fc\u00e7<\/td>\n<td>0.75kW &#8211; 1HP<\/td>\n<\/tr>\n<tr>\n<td>Voltaj<\/td>\n<td>220V (Monofaze)<\/td>\n<\/tr>\n<tr>\n<td>Giri\u015f \u00c7ap\u0131  (\u0130nch)<\/td>\n<td>1<\/td>\n<\/tr>\n<tr>\n<td>\u00c7\u0131k\u0131\u015f \u00e7ap\u0131<\/td>\n<td>1<\/td>\n<\/tr>\n<tr>\n<td>Maks. Debi<\/td>\n<td>5.1 m3\/Saat<\/td>\n<\/tr>\n<tr>\n<td>Max. Basma Y\u00fcksekli\u011fi (m)<\/td>\n<td>46<\/td>\n<\/tr>\n<tr>\n<td>Emme Derinli\u011fi<\/td>\n<td>9<\/td>\n<\/tr>\n<tr>\n<td>Max. Bas\u0131n\u00e7<\/td>\n<td>6 bar<\/td>\n<\/tr>\n<tr>\n<td>\u00d6l\u00e7\u00fc (mm)<\/td>\n<td>410x205x235<\/td>\n<\/tr>\n<tr>\n<td>A\u011f\u0131rl\u0131k<\/td>\n<td>11<\/td>\n<\/tr>\n<\/table>\n","protected":false},"excerpt":{"rendered":"<p>*Bak\u0131r sarg\u0131l\u0131 motor.<\/p>\n<p><\/p>\n<p>Basma Y\u00fcksekli\u011fi: 0.9-35.5 \/ 1.2-33.5 1.5-33 \/ 1.8-31 2.1-28 \/ 2.4-24 2.7-20 \/ 3-15 3.3-6 \/ 3.6-2<\/p>\n","protected":false},"featured_media":22399,"comment_status":"open","ping_status":"closed","template":"","meta":{"_acf_changed":false},"product_brand":[1517],"product_cat":[1565],"product_tag":[],"class_list":{"0":"post-22400","1":"product","2":"type-product","3":"status-publish","4":"has-post-thumbnail","6":"product_brand-rainpump","7":"product_cat-yok-yok","9":"first","10":"outofstock","11":"taxable","12":"shipping-taxable","13":"purchasable","14":"product-type-simple","15":"add-to-wishlist-after_add_to_cart"},"acf":[],"_links":{"self":[{"href":"https:\/\/www.makitamarket.com.tr\/site\/wp-json\/wp\/v2\/product\/22400","targetHints":{"allow":["GET"]}}],"collection":[{"href":"https:\/\/www.makitamarket.com.tr\/site\/wp-json\/wp\/v2\/product"}],"about":[{"href":"https:\/\/www.makitamarket.com.tr\/site\/wp-json\/wp\/v2\/types\/product"}],"replies":[{"embeddable":true,"href":"https:\/\/www.makitamarket.com.tr\/site\/wp-json\/wp\/v2\/comments?post=22400"}],"wp:featuredmedia":[{"embeddable":true,"href":"https:\/\/www.makitamarket.com.tr\/site\/wp-json\/wp\/v2\/media\/22399"}],"wp:attachment":[{"href":"https:\/\/www.makitamarket.com.tr\/site\/wp-json\/wp\/v2\/media?parent=22400"}],"wp:term":[{"taxonomy":"product_brand","embeddable":true,"href":"https:\/\/www.makitamarket.com.tr\/site\/wp-json\/wp\/v2\/product_brand?post=22400"},{"taxonomy":"product_cat","embeddable":true,"href":"https:\/\/www.makitamarket.com.tr\/site\/wp-json\/wp\/v2\/product_cat?post=22400"},{"taxonomy":"product_tag","embeddable":true,"href":"https:\/\/www.makitamarket.com.tr\/site\/wp-json\/wp\/v2\/product_tag?post=22400"}],"curies":[{"name":"wp","href":"https:\/\/api.w.org\/{rel}","templated":true}]}}