{"id":22530,"date":"2025-01-06T16:28:40","date_gmt":"2025-01-06T13:28:40","guid":{"rendered":"https:\/\/www.makitamarket.com.tr\/site\/urun\/biglift-rm-ps1555-tam-akulu-istif-makinasi-1500-kg\/"},"modified":"2025-09-21T16:51:35","modified_gmt":"2025-09-21T13:51:35","slug":"biglift-rm-ps1555-tam-akulu-istif-makinasi-1500-kg","status":"publish","type":"product","link":"https:\/\/www.makitamarket.com.tr\/site\/urun\/biglift-rm-ps1555-tam-akulu-istif-makinasi-1500-kg\/","title":{"rendered":"Biglift RM-PS1555 TAM AK\u00dcL\u00dc \u0130ST\u0130F MAK\u0130NASI 1500 kg"},"content":{"rendered":"<table>\n<tr>\n<td>Kullan\u0131m \u015eekli<\/td>\n<td>Yaya<\/td>\n<\/tr>\n<tr>\n<td>Kald\u0131rma Kapasitesi<\/td>\n<td>1500<\/td>\n<\/tr>\n<tr>\n<td>Y\u00fck Merkezi<\/td>\n<td>600<\/td>\n<\/tr>\n<tr>\n<td>Fren<\/td>\n<td>Elektromanyetik<\/td>\n<\/tr>\n<tr>\n<td>\u00c7atal Boyu<\/td>\n<td>1150<\/td>\n<\/tr>\n<tr>\n<td>\u00c7atal Geni\u015fli\u011fi<\/td>\n<td>575<\/td>\n<\/tr>\n<tr>\n<td>Ak\u00fc<\/td>\n<td>24\/350<\/td>\n<\/tr>\n<tr>\n<td>A\u011f\u0131rl\u0131k Ak\u00fc Dahil<\/td>\n<td>1650 kg<\/td>\n<\/tr>\n<tr>\n<td>Kald\u0131rma Y\u00fcksekli\u011fi<\/td>\n<td>5500<\/td>\n<\/tr>\n<tr>\n<td>Min. Y\u00fckseklik<\/td>\n<td>86 mm<\/td>\n<\/tr>\n<tr>\n<td>Max. Geni\u015flik<\/td>\n<td>1030 mm<\/td>\n<\/tr>\n<tr>\n<td>Makina Uzunlu\u011fu<\/td>\n<td>2120 mm<\/td>\n<\/tr>\n<tr>\n<td>Mast A\u00e7\u0131k Y\u00fck.<\/td>\n<td>6000 mm<\/td>\n<\/tr>\n<tr>\n<td>Mast Kapal\u0131 Y\u00fck.<\/td>\n<td>2220 mm<\/td>\n<\/tr>\n<tr>\n<td>Y\u00fck Tekerleri<\/td>\n<td>80&#215;70 mm<\/td>\n<\/tr>\n<tr>\n<td>Y\u00fcr\u00fcy\u00fc\u015f Tekerleri<\/td>\n<td>230&#215;75<\/td>\n<\/tr>\n<\/table>\n","protected":false},"excerpt":{"rendered":"<p>Kullan\u0131m \u015eekli Yaya Kald\u0131rma Kapasitesi 1500 Y\u00fck Merkezi 600 Fren Elektromanyetik \u00c7atal Boyu 1150 \u00c7atal Geni\u015fli\u011fi 575 Ak\u00fc 24\/350 A\u011f\u0131rl\u0131k Ak\u00fc Dahil 1650 kg Kald\u0131rma Y\u00fcksekli\u011fi 5500 Min. Y\u00fckseklik 86<\/p>\n","protected":false},"featured_media":7756,"comment_status":"open","ping_status":"closed","template":"","meta":{"_acf_changed":false},"product_brand":[1490],"product_cat":[692],"product_tag":[],"class_list":{"0":"post-22530","1":"product","2":"type-product","3":"status-publish","4":"has-post-thumbnail","6":"product_brand-biglift","7":"product_cat-tam-akulu-istif-makinalari","9":"first","10":"outofstock","11":"taxable","12":"shipping-taxable","13":"purchasable","14":"product-type-simple","15":"add-to-wishlist-after_add_to_cart"},"acf":[],"_links":{"self":[{"href":"https:\/\/www.makitamarket.com.tr\/site\/wp-json\/wp\/v2\/product\/22530","targetHints":{"allow":["GET"]}}],"collection":[{"href":"https:\/\/www.makitamarket.com.tr\/site\/wp-json\/wp\/v2\/product"}],"about":[{"href":"https:\/\/www.makitamarket.com.tr\/site\/wp-json\/wp\/v2\/types\/product"}],"replies":[{"embeddable":true,"href":"https:\/\/www.makitamarket.com.tr\/site\/wp-json\/wp\/v2\/comments?post=22530"}],"wp:featuredmedia":[{"embeddable":true,"href":"https:\/\/www.makitamarket.com.tr\/site\/wp-json\/wp\/v2\/media\/7756"}],"wp:attachment":[{"href":"https:\/\/www.makitamarket.com.tr\/site\/wp-json\/wp\/v2\/media?parent=22530"}],"wp:term":[{"taxonomy":"product_brand","embeddable":true,"href":"https:\/\/www.makitamarket.com.tr\/site\/wp-json\/wp\/v2\/product_brand?post=22530"},{"taxonomy":"product_cat","embeddable":true,"href":"https:\/\/www.makitamarket.com.tr\/site\/wp-json\/wp\/v2\/product_cat?post=22530"},{"taxonomy":"product_tag","embeddable":true,"href":"https:\/\/www.makitamarket.com.tr\/site\/wp-json\/wp\/v2\/product_tag?post=22530"}],"curies":[{"name":"wp","href":"https:\/\/api.w.org\/{rel}","templated":true}]}}