{"id":22532,"date":"2025-01-06T16:28:40","date_gmt":"2025-01-06T13:28:40","guid":{"rendered":"https:\/\/www.makitamarket.com.tr\/site\/urun\/lavor-comfort-sr90-binicili-yikama-otomati-24v\/"},"modified":"2025-09-21T16:51:36","modified_gmt":"2025-09-21T13:51:36","slug":"lavor-comfort-sr90-binicili-yikama-otomati-24v","status":"publish","type":"product","link":"https:\/\/www.makitamarket.com.tr\/site\/urun\/lavor-comfort-sr90-binicili-yikama-otomati-24v\/","title":{"rendered":"Lavor COMFORT SR90 B\u0130N\u0130C\u0130L\u0130 YIKAMA OTOMATI 24V"},"content":{"rendered":"<div>\n\tFiyata \u015farj cihaz\u0131 dahil.<\/div>\n<div>\n\tAk\u00fc hari\u00e7tir.<\/div>\n<div>\n\t\u00dcr\u00fcn 4 adet 6 V 200 A ak\u00fc ile \u00e7al\u0131\u015fmaktad\u0131r<\/div>\n<table>\n<tr>\n<td>Teorik Temizleme Kapasitesi<\/td>\n<td>6200 m2\/h<\/td>\n<\/tr>\n<tr>\n<td>G\u00fc\u00e7 Kayna\u011f\u0131<\/td>\n<td>24 V<\/td>\n<\/tr>\n<tr>\n<td>F\u0131r\u00e7a Geni\u015fli\u011fi<\/td>\n<td>900 mm<\/td>\n<\/tr>\n<tr>\n<td>Vakum Geni\u015fli\u011fi<\/td>\n<td>1000 mm<\/td>\n<\/tr>\n<tr>\n<td>Temiz Su Tank\u0131<\/td>\n<td>150 Lt<\/td>\n<\/tr>\n<tr>\n<td>Kirli Su Tank\u0131<\/td>\n<td>180 Lt<\/td>\n<\/tr>\n<tr>\n<td>F\u0131r\u00e7a Devri<\/td>\n<td>150 rpm<\/td>\n<\/tr>\n<tr>\n<td>F\u0131r\u00e7a Motor G\u00fcc\u00fc<\/td>\n<td>1250 W<\/td>\n<\/tr>\n<tr>\n<td>Vakum Motor G\u00fcc\u00fc<\/td>\n<td>550W<\/td>\n<\/tr>\n<tr>\n<td>Y\u00fcr\u00fcy\u00fc\u015f Motor G\u00fcc\u00fc<\/td>\n<td>1000W<\/td>\n<\/tr>\n<tr>\n<td>\u00d6l\u00e7\u00fcler<\/td>\n<td>180x103x150 cm<\/td>\n<\/tr>\n<tr>\n<td>A\u011f\u0131rl\u0131k<\/td>\n<td>270 kg<\/td>\n<\/tr>\n<\/table>\n","protected":false},"excerpt":{"rendered":"<div>\n\tFiyata \u015farj cihaz\u0131 dahil.<\/div>\n<div>\n\tAk\u00fc hari\u00e7tir.<\/div>\n<div>\n\t\u00dcr\u00fcn 4 adet 6 V 200 A ak\u00fc ile \u00e7al\u0131\u015fmaktad\u0131r<\/div>\n","protected":false},"featured_media":7760,"comment_status":"open","ping_status":"closed","template":"","meta":{"_acf_changed":false},"product_brand":[1493],"product_cat":[695],"product_tag":[],"class_list":{"0":"post-22532","1":"product","2":"type-product","3":"status-publish","4":"has-post-thumbnail","6":"product_brand-lavor","7":"product_cat-binicili-yikama-otomatlari","9":"first","10":"outofstock","11":"taxable","12":"shipping-taxable","13":"purchasable","14":"product-type-simple","15":"add-to-wishlist-after_add_to_cart"},"acf":[],"_links":{"self":[{"href":"https:\/\/www.makitamarket.com.tr\/site\/wp-json\/wp\/v2\/product\/22532","targetHints":{"allow":["GET"]}}],"collection":[{"href":"https:\/\/www.makitamarket.com.tr\/site\/wp-json\/wp\/v2\/product"}],"about":[{"href":"https:\/\/www.makitamarket.com.tr\/site\/wp-json\/wp\/v2\/types\/product"}],"replies":[{"embeddable":true,"href":"https:\/\/www.makitamarket.com.tr\/site\/wp-json\/wp\/v2\/comments?post=22532"}],"wp:featuredmedia":[{"embeddable":true,"href":"https:\/\/www.makitamarket.com.tr\/site\/wp-json\/wp\/v2\/media\/7760"}],"wp:attachment":[{"href":"https:\/\/www.makitamarket.com.tr\/site\/wp-json\/wp\/v2\/media?parent=22532"}],"wp:term":[{"taxonomy":"product_brand","embeddable":true,"href":"https:\/\/www.makitamarket.com.tr\/site\/wp-json\/wp\/v2\/product_brand?post=22532"},{"taxonomy":"product_cat","embeddable":true,"href":"https:\/\/www.makitamarket.com.tr\/site\/wp-json\/wp\/v2\/product_cat?post=22532"},{"taxonomy":"product_tag","embeddable":true,"href":"https:\/\/www.makitamarket.com.tr\/site\/wp-json\/wp\/v2\/product_tag?post=22532"}],"curies":[{"name":"wp","href":"https:\/\/api.w.org\/{rel}","templated":true}]}}