{"id":22544,"date":"2025-01-06T16:32:57","date_gmt":"2025-01-06T13:32:57","guid":{"rendered":"https:\/\/www.makitamarket.com.tr\/site\/urun\/max-safety-nit-500-10-nitril-kapli-eldiven-no-9-10\/"},"modified":"2026-04-06T11:59:48","modified_gmt":"2026-04-06T08:59:48","slug":"max-safety-nit-500-10-nitril-kapli-eldiven-no-9-10","status":"publish","type":"product","link":"https:\/\/www.makitamarket.com.tr\/site\/urun\/max-safety-nit-500-10-nitril-kapli-eldiven-no-9-10\/","title":{"rendered":"Max Safety NIT-500-10 N\u0130TR\u0130L KAPLI ELD\u0130VEN NO: 9 &#8211; 10"},"content":{"rendered":"<div>\n\t<strong>Tan\u0131m:<\/strong>\u00a0Pamuk Astarl\u0131 Nitril Eldiven<\/div>\n<div>\n\t\u00a0<\/div>\n<div>\n\t<a href=\"http:\/\/reismakina.com\/images\/stories\/kilavuz\/maxsafety\/NIT-500 UYGUNLUK BEYANI.pdf\"><span style=\"font-size:14px;\"><u><strong>NIT-500 Uygunluk Beyan\u0131<\/strong><\/u><\/span><\/a><\/div>\n<div>\n\t\u00a0<\/div>\n<div>\n\t<span style=\"font-size:14px;\"><strong><a href=\"http:\/\/reismakina.com\/images\/stories\/kilavuz\/maxsafety\/NIT-500 EU DECLARATION OF COMFORMITY.pdf\"><u>NIT-500 EU DECLARATION OF CONFORMITY<\/u><\/a><\/strong><\/span><\/div>\n<table>\n<tr>\n<td>Kaplama<\/td>\n<td>Nitril<\/td>\n<\/tr>\n<tr>\n<td>Astar (\u0130plik)<\/td>\n<td>Pamuk<\/td>\n<\/tr>\n<tr>\n<td>\u00d6l\u00e7\u00fc<\/td>\n<td>9-10<\/td>\n<\/tr>\n<tr>\n<td>Uzunluk<\/td>\n<td>25-27 cm<\/td>\n<\/tr>\n<tr>\n<td>Standard\u0131<\/td>\n<td>CE &#8211; EN388-3121X &#8211; EN420<\/td>\n<\/tr>\n<tr>\n<td>Koli Miktar\u0131<\/td>\n<td>288 \u00c7ift<\/td>\n<\/tr>\n<\/table>\n","protected":false},"excerpt":{"rendered":"<div>\n\t<strong>Tan\u0131m:<\/strong>\u00a0Pamuk Astarl\u0131 Nitril Eldiven<\/div>\n<div>\n\t\u00a0<\/div>\n<div>\n\t<a href=\"http:\/\/reismakina.com\/images\/stories\/kilavuz\/maxsafety\/NIT-500 UYGUNLUK BEYANI.pdf\"><span style=\"font-size:14px;\"><u><strong>NIT-500 Uygunluk Beyan\u0131<\/strong><\/u><\/span><\/a><\/div>\n<div>\n\t\u00a0<\/div>\n<div>\n\t<span style=\"font-size:14px;\"><strong><a href=\"http:\/\/reismakina.com\/images\/stories\/kilavuz\/maxsafety\/NIT-500 EU DECLARATION OF COMFORMITY.pdf\"><u>NIT-500 EU DECLARATION OF CONFORMITY<\/u><\/a><\/strong><\/span><\/div>\n","protected":false},"featured_media":7816,"comment_status":"open","ping_status":"closed","template":"","meta":{"_acf_changed":false},"product_brand":[1492],"product_cat":[708],"product_tag":[],"class_list":{"0":"post-22544","1":"product","2":"type-product","3":"status-publish","4":"has-post-thumbnail","6":"product_brand-max-safety","7":"product_cat-el-koruyucular","9":"first","10":"instock","11":"taxable","12":"shipping-taxable","13":"purchasable","14":"product-type-simple","15":"add-to-wishlist-after_add_to_cart"},"acf":[],"_links":{"self":[{"href":"https:\/\/www.makitamarket.com.tr\/site\/wp-json\/wp\/v2\/product\/22544","targetHints":{"allow":["GET"]}}],"collection":[{"href":"https:\/\/www.makitamarket.com.tr\/site\/wp-json\/wp\/v2\/product"}],"about":[{"href":"https:\/\/www.makitamarket.com.tr\/site\/wp-json\/wp\/v2\/types\/product"}],"replies":[{"embeddable":true,"href":"https:\/\/www.makitamarket.com.tr\/site\/wp-json\/wp\/v2\/comments?post=22544"}],"wp:featuredmedia":[{"embeddable":true,"href":"https:\/\/www.makitamarket.com.tr\/site\/wp-json\/wp\/v2\/media\/7816"}],"wp:attachment":[{"href":"https:\/\/www.makitamarket.com.tr\/site\/wp-json\/wp\/v2\/media?parent=22544"}],"wp:term":[{"taxonomy":"product_brand","embeddable":true,"href":"https:\/\/www.makitamarket.com.tr\/site\/wp-json\/wp\/v2\/product_brand?post=22544"},{"taxonomy":"product_cat","embeddable":true,"href":"https:\/\/www.makitamarket.com.tr\/site\/wp-json\/wp\/v2\/product_cat?post=22544"},{"taxonomy":"product_tag","embeddable":true,"href":"https:\/\/www.makitamarket.com.tr\/site\/wp-json\/wp\/v2\/product_tag?post=22544"}],"curies":[{"name":"wp","href":"https:\/\/api.w.org\/{rel}","templated":true}]}}