{"id":22545,"date":"2025-01-06T16:32:58","date_gmt":"2025-01-06T13:32:58","guid":{"rendered":"https:\/\/www.makitamarket.com.tr\/site\/urun\/max-safety-se1251-yedek-vizor-20x40-cm\/"},"modified":"2026-04-06T12:00:06","modified_gmt":"2026-04-06T09:00:06","slug":"max-safety-se1251-yedek-vizor-20x40-cm","status":"publish","type":"product","link":"https:\/\/www.makitamarket.com.tr\/site\/urun\/max-safety-se1251-yedek-vizor-20x40-cm\/","title":{"rendered":"Max Safety SE1251 YEDEK V\u0130Z\u00d6R 20&#215;40 cm"},"content":{"rendered":"<p>\n\t<strong>\u00d6zellikler:<br \/>\n\t<\/strong><\/p>\n<div id=\"cke_pastebin\">\n<div id=\"cke_pastebin\">\n<div id=\"cke_pastebin\">\n<div id=\"cke_pastebin\">\n<div id=\"cke_pastebin\">\n<div id=\"cke_pastebin\">\n<div id=\"cke_pastebin\">\n\t\t\t\t\t\t\t\u2022 Kal\u0131nl\u0131k: 1.00mm.<\/div>\n<div id=\"cke_pastebin\">\n\t\t\t\t\t\t\t\u2022 Al\u00fcminyum \u00e7er\u00e7eveli.<\/div>\n<div id=\"cke_pastebin\">\n\t\t\t\t\t\t\t\u2022 PC vis\u00f6r.<\/div>\n<div id=\"cke_pastebin\">\n\t\t\t\t\t\t\t\u2022 Part\u00fck\u00fcllere ve \u00e7arpmalara kar\u015f\u0131 koruma sa\u011flar.<\/div>\n<div id=\"cke_pastebin\">\n\t\t\t\t\t\t\t\u2022 A\u011f\u0131rl\u0131k: 115gr \u00b15<\/div><\/div><\/div><\/div><\/div><\/div>\n<\/div>\n<table>\n<tr>\n<td>Cam \u00d6l\u00e7\u00fcleri<\/td>\n<td>20 x 40 cm<\/td>\n<\/tr>\n<tr>\n<td>Cam Rengi<\/td>\n<td>\u015eeffaf<\/td>\n<\/tr>\n<tr>\n<td>Darbe Dayan\u0131m\u0131<\/td>\n<td>B<\/td>\n<\/tr>\n<tr>\n<td>Standard\u0131<\/td>\n<td>CE &#8211; EN166<\/td>\n<\/tr>\n<tr>\n<td>Koli Miktar\u0131<\/td>\n<td>100 Adet<\/td>\n<\/tr>\n<\/table>\n","protected":false},"excerpt":{"rendered":"<p>\n\t<strong>\u00d6zellikler:<br \/>\n\t<\/strong><\/p>\n<div id=\"cke_pastebin\">\n<div id=\"cke_pastebin\">\n<div id=\"cke_pastebin\">\n<div id=\"cke_pastebin\">\n<div id=\"cke_pastebin\">\n<div id=\"cke_pastebin\">\n<div id=\"cke_pastebin\">\n\t\t\t\t\t\t\t\u2022 Kal\u0131nl\u0131k: 1.00mm.<\/div>\n<div id=\"cke_pastebin\">\n\t\t\t\t\t\t\t\u2022 Al\u00fcminyum \u00e7er\u00e7eveli.<\/div>\n<div id=\"cke_pastebin\">\n\t\t\t\t\t\t\t\u2022 PC vis\u00f6r.<\/div>\n<div id=\"cke_pastebin\">\n\t\t\t\t\t\t\t\u2022 Part\u00fck\u00fcllere ve \u00e7arpmalara kar\u015f\u0131 koruma sa\u011flar.<\/div>\n<div id=\"cke_pastebin\">\n\t\t\t\t\t\t\t\u2022 A\u011f\u0131rl\u0131k: 115gr \u00b15<\/div>\n<\/p><\/div>\n<\/p><\/div>\n<\/p><\/div>\n<\/p><\/div>\n<\/p><\/div>\n<\/div>\n","protected":false},"featured_media":7830,"comment_status":"open","ping_status":"closed","template":"","meta":{"_acf_changed":false},"product_brand":[1492],"product_cat":[711],"product_tag":[],"class_list":{"0":"post-22545","1":"product","2":"type-product","3":"status-publish","4":"has-post-thumbnail","6":"product_brand-max-safety","7":"product_cat-yuz-ve-basustu-koruyucular","9":"first","10":"outofstock","11":"taxable","12":"shipping-taxable","13":"purchasable","14":"product-type-simple","15":"add-to-wishlist-after_add_to_cart"},"acf":[],"_links":{"self":[{"href":"https:\/\/www.makitamarket.com.tr\/site\/wp-json\/wp\/v2\/product\/22545","targetHints":{"allow":["GET"]}}],"collection":[{"href":"https:\/\/www.makitamarket.com.tr\/site\/wp-json\/wp\/v2\/product"}],"about":[{"href":"https:\/\/www.makitamarket.com.tr\/site\/wp-json\/wp\/v2\/types\/product"}],"replies":[{"embeddable":true,"href":"https:\/\/www.makitamarket.com.tr\/site\/wp-json\/wp\/v2\/comments?post=22545"}],"wp:featuredmedia":[{"embeddable":true,"href":"https:\/\/www.makitamarket.com.tr\/site\/wp-json\/wp\/v2\/media\/7830"}],"wp:attachment":[{"href":"https:\/\/www.makitamarket.com.tr\/site\/wp-json\/wp\/v2\/media?parent=22545"}],"wp:term":[{"taxonomy":"product_brand","embeddable":true,"href":"https:\/\/www.makitamarket.com.tr\/site\/wp-json\/wp\/v2\/product_brand?post=22545"},{"taxonomy":"product_cat","embeddable":true,"href":"https:\/\/www.makitamarket.com.tr\/site\/wp-json\/wp\/v2\/product_cat?post=22545"},{"taxonomy":"product_tag","embeddable":true,"href":"https:\/\/www.makitamarket.com.tr\/site\/wp-json\/wp\/v2\/product_tag?post=22545"}],"curies":[{"name":"wp","href":"https:\/\/api.w.org\/{rel}","templated":true}]}}