{"id":22552,"date":"2025-01-06T16:33:01","date_gmt":"2025-01-06T13:33:01","guid":{"rendered":"https:\/\/www.makitamarket.com.tr\/site\/urun\/rapid-606-elektrikli-cakma-tabancasi\/"},"modified":"2026-04-06T12:01:00","modified_gmt":"2026-04-06T09:01:00","slug":"rapid-606-elektrikli-cakma-tabancasi","status":"publish","type":"product","link":"https:\/\/www.makitamarket.com.tr\/site\/urun\/rapid-606-elektrikli-cakma-tabancasi\/","title":{"rendered":"Rapid 606 ELEKTR\u0130KL\u0130 \u00c7AKMA TABANCASI"},"content":{"rendered":"<div>\n\tHassas, profesyonel standartlarda g\u00fc\u00e7l\u00fc bi\u00e7imde z\u0131mba teli ve \u00e7ivi \u00e7akmak i\u00e7in. Uzun ve titiz bir \u00e7al\u0131\u015fma \u00f6mr\u00fc s\u00fcresince y\u00fcksek performans. Resim \u00e7er\u00e7eveleri, \u00e7ekmeceler gibi daha k\u00fc\u00e7\u00fck ah\u015fap yap\u0131lar ya da pano sabitlemek i\u00e7in m\u00fckemmel.<\/div>\n<div>\n\t\u2022 Odakl\u0131 g\u00fc\u00e7 sayesinde ayarlanabilir darbe- g\u00fc\u00e7 ne kadar fazla ise z\u0131mba o denli sert \u00e7ak\u0131l\u0131r.<\/div>\n<div>\n\t\u2022 S\u0131k\u0131\u015fan z\u0131mba tellerinin kolayca \u00e7\u0131kart\u0131labilmesi i\u00e7in s\u00f6k\u00fclebilen \u00f6n plaka<\/div>\n<div>\n\t\u2022 Pano klips montaj\u0131na yard\u0131mc\u0131 k\u0131lavuz sa\u00e7\u0131 i\u00e7ermektedir.<\/div>\n<div>\n\t\u2022 Geri tepmesiz hareket, G\u00fcvenlik teti\u011fi<\/div>\n<div>\n\t\u2022 Dar ba\u015fl\u0131 z\u0131mba telleri ve ba\u015fs\u0131z \u00e7iviler i\u00e7in \u00e7ift kartu\u015f<\/div>\n<div>\n\t\u2022 3,5m kablo<\/div>\n<div>\n\t\u2022 Kutu ambalaj<\/div>\n<div>\n\t\u2022 2 y\u0131l garanti<\/div>\n<div>\n\tZ\u0131mba 12-25mm (606 Sserisi z\u0131mba teli)<\/div>\n<div>\n\tBa\u015fs\u0131z \u00c7ivi 15-25mm<\/div>\n<table><\/table>\n","protected":false},"excerpt":{"rendered":"<div>\n\tHassas, profesyonel standartlarda g\u00fc\u00e7l\u00fc bi\u00e7imde z\u0131mba teli ve \u00e7ivi \u00e7akmak i\u00e7in. Uzun ve titiz bir \u00e7al\u0131\u015fma \u00f6mr\u00fc s\u00fcresince y\u00fcksek performans. Resim \u00e7er\u00e7eveleri, \u00e7ekmeceler gibi daha k\u00fc\u00e7\u00fck ah\u015fap yap\u0131lar ya da pano sabitlemek i\u00e7in m\u00fckemmel.<\/div>\n<div>\n\t\u2022 Odakl\u0131 g\u00fc\u00e7 sayesinde ayarlanabilir darbe- g\u00fc\u00e7 ne kadar fazla ise z\u0131mba o denli sert \u00e7ak\u0131l\u0131r.<\/div>\n<div>\n\t\u2022 S\u0131k\u0131\u015fan z\u0131mba tellerinin kolayca \u00e7\u0131kart\u0131labilmesi i\u00e7in s\u00f6k\u00fclebilen \u00f6n plaka<\/div>\n<div>\n\t\u2022 Pano klips montaj\u0131na yard\u0131mc\u0131 k\u0131lavuz sa\u00e7\u0131 i\u00e7ermektedir.<\/div>\n<div>\n\t\u2022 Geri tepmesiz hareket, G\u00fcvenlik teti\u011fi<\/div>\n<div>\n\t\u2022 Dar ba\u015fl\u0131 z\u0131mba telleri ve ba\u015fs\u0131z \u00e7iviler i\u00e7in \u00e7ift kartu\u015f<\/div>\n<div>\n\t\u2022 3,5m kablo<\/div>\n<div>\n\t\u2022 Kutu ambalaj<\/div>\n<div>\n\t\u2022 2 y\u0131l garanti<\/div>\n<div>\n\tZ\u0131mba 12-25mm (606 Sserisi z\u0131mba teli)<\/div>\n<div>\n\tBa\u015fs\u0131z \u00c7ivi 15-25mm<\/div>\n","protected":false},"featured_media":7839,"comment_status":"open","ping_status":"closed","template":"","meta":{"_acf_changed":false},"product_brand":[1491],"product_cat":[712],"product_tag":[],"class_list":{"0":"post-22552","1":"product","2":"type-product","3":"status-publish","4":"has-post-thumbnail","6":"product_brand-rapid","7":"product_cat-zimba-tabancalari","9":"first","10":"instock","11":"taxable","12":"shipping-taxable","13":"purchasable","14":"product-type-simple","15":"add-to-wishlist-after_add_to_cart"},"acf":[],"_links":{"self":[{"href":"https:\/\/www.makitamarket.com.tr\/site\/wp-json\/wp\/v2\/product\/22552","targetHints":{"allow":["GET"]}}],"collection":[{"href":"https:\/\/www.makitamarket.com.tr\/site\/wp-json\/wp\/v2\/product"}],"about":[{"href":"https:\/\/www.makitamarket.com.tr\/site\/wp-json\/wp\/v2\/types\/product"}],"replies":[{"embeddable":true,"href":"https:\/\/www.makitamarket.com.tr\/site\/wp-json\/wp\/v2\/comments?post=22552"}],"wp:featuredmedia":[{"embeddable":true,"href":"https:\/\/www.makitamarket.com.tr\/site\/wp-json\/wp\/v2\/media\/7839"}],"wp:attachment":[{"href":"https:\/\/www.makitamarket.com.tr\/site\/wp-json\/wp\/v2\/media?parent=22552"}],"wp:term":[{"taxonomy":"product_brand","embeddable":true,"href":"https:\/\/www.makitamarket.com.tr\/site\/wp-json\/wp\/v2\/product_brand?post=22552"},{"taxonomy":"product_cat","embeddable":true,"href":"https:\/\/www.makitamarket.com.tr\/site\/wp-json\/wp\/v2\/product_cat?post=22552"},{"taxonomy":"product_tag","embeddable":true,"href":"https:\/\/www.makitamarket.com.tr\/site\/wp-json\/wp\/v2\/product_tag?post=22552"}],"curies":[{"name":"wp","href":"https:\/\/api.w.org\/{rel}","templated":true}]}}