{"id":22574,"date":"2025-01-06T16:33:13","date_gmt":"2025-01-06T13:33:13","guid":{"rendered":"https:\/\/www.makitamarket.com.tr\/site\/urun\/max-safety-ms1-5011-kirilmaz-koni-75-cm\/"},"modified":"2026-04-06T12:05:00","modified_gmt":"2026-04-06T09:05:00","slug":"max-safety-ms1-5011-kirilmaz-koni-75-cm","status":"publish","type":"product","link":"https:\/\/www.makitamarket.com.tr\/site\/urun\/max-safety-ms1-5011-kirilmaz-koni-75-cm\/","title":{"rendered":"Max Safety MS1-5011 KIRILMAZ KON\u0130 75 cm"},"content":{"rendered":"<div>\n\tHigh quality unbreakable material<\/div>\n<div>\n\tStrong resistance to weather conditions<\/div>\n<div>\n\tEasy use with a pratic handle hook<\/div>\n<div>\n\tExcellent visibility provided by orange color<\/div>\n<div>\n\tLong lasting<\/div>\n<div>\n\tDesigned for extra grip on the road<\/div>\n<div>\n\tUV stabilized, non-fading colors used<\/div>\n<div>\n\t\u00a0<\/div>\n<div>\n\tProvides brief reminder for pedestrians or motorists to pedestrians or motorists to proceed with extra caution;<\/div>\n<div>\n\tWarning about possible road obstructions;<\/div>\n<div>\n\tHigh visibility<\/div>\n<div>\n\t<strong>2 Reflectives<br \/>\n\t<\/strong><\/div>\n<table>\n<tr>\n<td>Standards<\/td>\n<td>ISO 9001:2008<\/td>\n<\/tr>\n<tr>\n<td>Size<\/td>\n<td>Height: 750mm Base: \u00d8385x380mm<\/td>\n<\/tr>\n<tr>\n<td>A\u011f\u0131rl\u0131k<\/td>\n<td>2,00\u00b10,15 kg<\/td>\n<\/tr>\n<\/table>\n","protected":false},"excerpt":{"rendered":"<div>\n\tHigh quality unbreakable material<\/div>\n<div>\n\tStrong resistance to weather conditions<\/div>\n<div>\n\tEasy use with a pratic handle hook<\/div>\n<div>\n\tExcellent visibility provided by orange color<\/div>\n<div>\n\tLong lasting<\/div>\n<div>\n\tDesigned for extra grip on the road<\/div>\n<div>\n\tUV stabilized, non-fading colors used<\/div>\n<div>\n\t\u00a0<\/div>\n<div>\n\tProvides brief reminder for pedestrians or motorists to pedestrians or motorists to proceed with extra caution;<\/div>\n<div>\n\tWarning about possible road obstructions;<\/div>\n<div>\n\tHigh visibility<\/div>\n<div>\n\t<strong>2 Reflectives<br \/>\n\t<\/strong><\/div>\n","protected":false},"featured_media":7943,"comment_status":"open","ping_status":"closed","template":"","meta":{"_acf_changed":false},"product_brand":[1492],"product_cat":[694],"product_tag":[],"class_list":{"0":"post-22574","1":"product","2":"type-product","3":"status-publish","4":"has-post-thumbnail","6":"product_brand-max-safety","7":"product_cat-trafik-ekipmanlari","9":"first","10":"instock","11":"taxable","12":"shipping-taxable","13":"purchasable","14":"product-type-simple","15":"add-to-wishlist-after_add_to_cart"},"acf":[],"_links":{"self":[{"href":"https:\/\/www.makitamarket.com.tr\/site\/wp-json\/wp\/v2\/product\/22574","targetHints":{"allow":["GET"]}}],"collection":[{"href":"https:\/\/www.makitamarket.com.tr\/site\/wp-json\/wp\/v2\/product"}],"about":[{"href":"https:\/\/www.makitamarket.com.tr\/site\/wp-json\/wp\/v2\/types\/product"}],"replies":[{"embeddable":true,"href":"https:\/\/www.makitamarket.com.tr\/site\/wp-json\/wp\/v2\/comments?post=22574"}],"wp:featuredmedia":[{"embeddable":true,"href":"https:\/\/www.makitamarket.com.tr\/site\/wp-json\/wp\/v2\/media\/7943"}],"wp:attachment":[{"href":"https:\/\/www.makitamarket.com.tr\/site\/wp-json\/wp\/v2\/media?parent=22574"}],"wp:term":[{"taxonomy":"product_brand","embeddable":true,"href":"https:\/\/www.makitamarket.com.tr\/site\/wp-json\/wp\/v2\/product_brand?post=22574"},{"taxonomy":"product_cat","embeddable":true,"href":"https:\/\/www.makitamarket.com.tr\/site\/wp-json\/wp\/v2\/product_cat?post=22574"},{"taxonomy":"product_tag","embeddable":true,"href":"https:\/\/www.makitamarket.com.tr\/site\/wp-json\/wp\/v2\/product_tag?post=22574"}],"curies":[{"name":"wp","href":"https:\/\/api.w.org\/{rel}","templated":true}]}}