{"id":22580,"date":"2025-01-06T16:33:21","date_gmt":"2025-01-06T13:33:21","guid":{"rendered":"https:\/\/www.makitamarket.com.tr\/site\/urun\/rapid-eg320-silikon-tabancasi\/"},"modified":"2026-04-06T12:08:09","modified_gmt":"2026-04-06T09:08:09","slug":"rapid-eg320-silikon-tabancasi","status":"publish","type":"product","link":"https:\/\/www.makitamarket.com.tr\/site\/urun\/rapid-eg320-silikon-tabancasi\/","title":{"rendered":"Rapid EG320 S\u0130L\u0130KON TABANCASI"},"content":{"rendered":"<div>\n\tKompakt boyutu ve hafifli\u011fi ile nitelenen profesyonel, \u00e7ok ama\u00e7l\u0131 silikon tabancas\u0131. Rahat kullan\u0131\u015fl\u0131, dengeli ve yo\u011fun i\u015flerde dahi hassas \u00e7al\u0131\u015fma i\u00e7in tasarlanm\u0131\u015ft\u0131r.<\/div>\n<div>\n\t\u2022 120W \u2022 1000 g\/saat silikon \u00e7\u0131kt\u0131s\u0131<\/div>\n<div>\n\t\u2022 4 dak \u0131s\u0131nma s\u00fcresi<\/div>\n<div>\n\t\u2022 S\u0131cakl\u0131k ayarlar\u0131: 1950 C kendinden d\u00fczenlemeli<\/div>\n<div>\n\t\u2022 Hem EVA hem de poliamit silikon ile \u00e7al\u0131\u015fmaktad\u0131r<\/div>\n<div>\n\t\u2022 Standart \u00e7\u0131k\u0131\u015f ucu \u00d83.0 mm, de\u011fi\u015ftirilebilir<\/div>\n<div>\n\t\u2022 Ergonomik 4-parmak sap<\/div>\n<div>\n\t\u2022 1,75 m kablo \u2022 Kutu ambalaj<\/div>\n<div>\n\t\u2022 2 y\u0131l garanti<\/div>\n<div>\n\tYap\u0131\u015ft\u0131r\u0131c\u0131 \u00d812mm<\/div>\n<div>\n\tSilikon \u00e7\u0131k\u0131\u015f\u0131 Yukar\u0131s\u0131 1000 gram\/saat<\/div>\n<table><\/table>\n","protected":false},"excerpt":{"rendered":"<div>\n\tKompakt boyutu ve hafifli\u011fi ile nitelenen profesyonel, \u00e7ok ama\u00e7l\u0131 silikon tabancas\u0131. Rahat kullan\u0131\u015fl\u0131, dengeli ve yo\u011fun i\u015flerde dahi hassas \u00e7al\u0131\u015fma i\u00e7in tasarlanm\u0131\u015ft\u0131r.<\/div>\n<div>\n\t\u2022 120W \u2022 1000 g\/saat silikon \u00e7\u0131kt\u0131s\u0131<\/div>\n<div>\n\t\u2022 4 dak \u0131s\u0131nma s\u00fcresi<\/div>\n<div>\n\t\u2022 S\u0131cakl\u0131k ayarlar\u0131: 1950 C kendinden d\u00fczenlemeli<\/div>\n<div>\n\t\u2022 Hem EVA hem de poliamit silikon ile \u00e7al\u0131\u015fmaktad\u0131r<\/div>\n<div>\n\t\u2022 Standart \u00e7\u0131k\u0131\u015f ucu \u00d83.0 mm, de\u011fi\u015ftirilebilir<\/div>\n<div>\n\t\u2022 Ergonomik 4-parmak sap<\/div>\n<div>\n\t\u2022 1,75 m kablo \u2022 Kutu ambalaj<\/div>\n<div>\n\t\u2022 2 y\u0131l garanti<\/div>\n<div>\n\tYap\u0131\u015ft\u0131r\u0131c\u0131 \u00d812mm<\/div>\n<div>\n\tSilikon \u00e7\u0131k\u0131\u015f\u0131 Yukar\u0131s\u0131 1000 gram\/saat<\/div>\n","protected":false},"featured_media":8004,"comment_status":"open","ping_status":"closed","template":"","meta":{"_acf_changed":false},"product_brand":[1491],"product_cat":[703],"product_tag":[],"class_list":{"0":"post-22580","1":"product","2":"type-product","3":"status-publish","4":"has-post-thumbnail","6":"product_brand-rapid","7":"product_cat-sarjli-civi-cakma-tabancalari","9":"first","10":"instock","11":"taxable","12":"shipping-taxable","13":"purchasable","14":"product-type-simple","15":"add-to-wishlist-after_add_to_cart"},"acf":[],"_links":{"self":[{"href":"https:\/\/www.makitamarket.com.tr\/site\/wp-json\/wp\/v2\/product\/22580","targetHints":{"allow":["GET"]}}],"collection":[{"href":"https:\/\/www.makitamarket.com.tr\/site\/wp-json\/wp\/v2\/product"}],"about":[{"href":"https:\/\/www.makitamarket.com.tr\/site\/wp-json\/wp\/v2\/types\/product"}],"replies":[{"embeddable":true,"href":"https:\/\/www.makitamarket.com.tr\/site\/wp-json\/wp\/v2\/comments?post=22580"}],"wp:featuredmedia":[{"embeddable":true,"href":"https:\/\/www.makitamarket.com.tr\/site\/wp-json\/wp\/v2\/media\/8004"}],"wp:attachment":[{"href":"https:\/\/www.makitamarket.com.tr\/site\/wp-json\/wp\/v2\/media?parent=22580"}],"wp:term":[{"taxonomy":"product_brand","embeddable":true,"href":"https:\/\/www.makitamarket.com.tr\/site\/wp-json\/wp\/v2\/product_brand?post=22580"},{"taxonomy":"product_cat","embeddable":true,"href":"https:\/\/www.makitamarket.com.tr\/site\/wp-json\/wp\/v2\/product_cat?post=22580"},{"taxonomy":"product_tag","embeddable":true,"href":"https:\/\/www.makitamarket.com.tr\/site\/wp-json\/wp\/v2\/product_tag?post=22580"}],"curies":[{"name":"wp","href":"https:\/\/api.w.org\/{rel}","templated":true}]}}