{"id":22592,"date":"2025-01-06T16:33:27","date_gmt":"2025-01-06T13:33:27","guid":{"rendered":"https:\/\/www.makitamarket.com.tr\/site\/urun\/max-safety-ms1-5020-kedi-gozlu-reklam-konisi-50-cm\/"},"modified":"2026-04-28T05:41:22","modified_gmt":"2026-04-28T02:41:22","slug":"max-safety-ms1-5020-kedi-gozlu-reklam-konisi-50-cm","status":"publish","type":"product","link":"https:\/\/www.makitamarket.com.tr\/site\/urun\/max-safety-ms1-5020-kedi-gozlu-reklam-konisi-50-cm\/","title":{"rendered":"Max Safety MS1-5020 KED\u0130 G\u00d6ZL\u00dc REKLAM KON\u0130S\u0130 50 cm"},"content":{"rendered":"<div>\n\tStrong resistance to weather conditions\u00a0\u00a0\u00a0\u00a0\u00a0\u00a0\u00a0\u00a0\u00a0\u00a0\u00a0<\/div>\n<div>\n\tSigns and heavy base attachable\u00a0\u00a0\u00a0\u00a0\u00a0\u00a0\u00a0\u00a0\u00a0\u00a0\u00a0\u00a0\u00a0\u00a0\u00a0\u00a0\u00a0\u00a0\u00a0\u00a0\u00a0\u00a0\u00a0<\/div>\n<div>\n\tExcellent\u00a0 Night visibility provided by cat eyes reflectors\u00a0\u00a0\u00a0\u00a0\u00a0\u00a0\u00a0\u00a0\u00a0\u00a0\u00a0\u00a0\u00a0\u00a0\u00a0\u00a0\u00a0\u00a0\u00a0\u00a0\u00a0\u00a0\u00a0\u00a0\u00a0\u00a0\u00a0\u00a0\u00a0<\/div>\n<div>\n\tImpact resistance and high performance\u00a0\u00a0\u00a0\u00a0\u00a0<\/div>\n<div>\n\t<strong><br \/>\n\t<\/strong><\/div>\n<div>\n\t<strong>General Application<br \/>\n\t<\/strong><\/div>\n<div>\n\tSuitable for areas with double-sided advertising space (shop, pavement, store etc)\u00a0\u00a0\u00a0\u00a0\u00a0\u00a0\u00a0<\/div>\n<table>\n<tr>\n<td>Standards<\/td>\n<td>ISO 9001:2008<\/td>\n<\/tr>\n<tr>\n<td>A\u011f\u0131rl\u0131k<\/td>\n<td>1,00\u00b10,15 kg<\/td>\n<\/tr>\n<tr>\n<td>Size<\/td>\n<td>Height: 350mm Base: \u00d8350x500mm<\/td>\n<\/tr>\n<tr>\n<td>Material<\/td>\n<td>PPC<\/td>\n<\/tr>\n<\/table>\n","protected":false},"excerpt":{"rendered":"<div>\n\tStrong resistance to weather conditions\u00a0\u00a0\u00a0\u00a0\u00a0\u00a0\u00a0\u00a0\u00a0\u00a0\u00a0<\/div>\n<div>\n\tSigns and heavy base attachable\u00a0\u00a0\u00a0\u00a0\u00a0\u00a0\u00a0\u00a0\u00a0\u00a0\u00a0\u00a0\u00a0\u00a0\u00a0\u00a0\u00a0\u00a0\u00a0\u00a0\u00a0\u00a0\u00a0<\/div>\n<div>\n\tExcellent\u00a0 Night visibility provided by cat eyes reflectors\u00a0\u00a0\u00a0\u00a0\u00a0\u00a0\u00a0\u00a0\u00a0\u00a0\u00a0\u00a0\u00a0\u00a0\u00a0\u00a0\u00a0\u00a0\u00a0\u00a0\u00a0\u00a0\u00a0\u00a0\u00a0\u00a0\u00a0\u00a0\u00a0<\/div>\n<div>\n\tImpact resistance and high performance\u00a0\u00a0\u00a0\u00a0\u00a0<\/div>\n<div>\n\t<strong><br \/>\n\t<\/strong><\/div>\n<div>\n\t<strong>General Application<br \/>\n\t<\/strong><\/div>\n<div>\n\tSuitable for areas with double-sided advertising space (shop, pavement, store etc)\u00a0\u00a0\u00a0\u00a0\u00a0\u00a0\u00a0<\/div>\n","protected":false},"featured_media":8041,"comment_status":"open","ping_status":"closed","template":"","meta":{"_acf_changed":false},"product_brand":[1492],"product_cat":[694],"product_tag":[],"class_list":{"0":"post-22592","1":"product","2":"type-product","3":"status-publish","4":"has-post-thumbnail","6":"product_brand-max-safety","7":"product_cat-trafik-ekipmanlari","9":"first","10":"outofstock","11":"taxable","12":"shipping-taxable","13":"purchasable","14":"product-type-simple","15":"add-to-wishlist-after_add_to_cart"},"acf":[],"_links":{"self":[{"href":"https:\/\/www.makitamarket.com.tr\/site\/wp-json\/wp\/v2\/product\/22592","targetHints":{"allow":["GET"]}}],"collection":[{"href":"https:\/\/www.makitamarket.com.tr\/site\/wp-json\/wp\/v2\/product"}],"about":[{"href":"https:\/\/www.makitamarket.com.tr\/site\/wp-json\/wp\/v2\/types\/product"}],"replies":[{"embeddable":true,"href":"https:\/\/www.makitamarket.com.tr\/site\/wp-json\/wp\/v2\/comments?post=22592"}],"wp:featuredmedia":[{"embeddable":true,"href":"https:\/\/www.makitamarket.com.tr\/site\/wp-json\/wp\/v2\/media\/8041"}],"wp:attachment":[{"href":"https:\/\/www.makitamarket.com.tr\/site\/wp-json\/wp\/v2\/media?parent=22592"}],"wp:term":[{"taxonomy":"product_brand","embeddable":true,"href":"https:\/\/www.makitamarket.com.tr\/site\/wp-json\/wp\/v2\/product_brand?post=22592"},{"taxonomy":"product_cat","embeddable":true,"href":"https:\/\/www.makitamarket.com.tr\/site\/wp-json\/wp\/v2\/product_cat?post=22592"},{"taxonomy":"product_tag","embeddable":true,"href":"https:\/\/www.makitamarket.com.tr\/site\/wp-json\/wp\/v2\/product_tag?post=22592"}],"curies":[{"name":"wp","href":"https:\/\/api.w.org\/{rel}","templated":true}]}}