{"id":22595,"date":"2025-01-06T16:33:29","date_gmt":"2025-01-06T13:33:29","guid":{"rendered":"https:\/\/www.makitamarket.com.tr\/site\/urun\/rapid-pb131-havali-civi-cakma-tabancasi\/"},"modified":"2026-03-30T07:01:40","modified_gmt":"2026-03-30T04:01:40","slug":"rapid-pb131-havali-civi-cakma-tabancasi","status":"publish","type":"product","link":"https:\/\/www.makitamarket.com.tr\/site\/urun\/rapid-pb131-havali-civi-cakma-tabancasi\/","title":{"rendered":"Rapid PB131 HAVALI \u00c7\u0130V\u0130 \u00c7AKMA TABANCASI"},"content":{"rendered":"<div>\n\tS\u0131k kullan\u0131m ve y\u00fcksek tempolu \u00e7al\u0131\u015fma i\u00e7in tasarlanm\u0131\u015f profesyonel, haval\u0131 ba\u015fs\u0131z \u00e7ivi \u00e7akma tabancas\u0131. Lambri, kap\u0131 kasalar\u0131, ah\u015fap teras kaplamalar\u0131 ve mobilya \u00fcretimi i\u00e7in ideal.<\/div>\n<div>\n\t\u2022\u00a050 mm \u00e7ivi \u00e7akar<\/div>\n<div>\n\t\u2022 Sequential actuation trigger<\/div>\n<div>\n\t\u2022 3600 ayarlanabilir hava egzozu &#8211; tozlar\u0131 \u00e7al\u0131\u015fma alanlar\u0131 d\u0131\u015f\u0131nda tutar<\/div>\n<div>\n\t\u2022 G\u00fc\u00e7l\u00fc ve dayan\u0131kl\u0131, hafi f magnezyum ana g\u00f6vde<\/div>\n<div>\n\t\u2022 Ayarlanabilir derinlik mekanizmas\u0131<\/div>\n<div>\n\t\u2022 H\u0131zl\u0131 y\u00fckleme sistemi<\/div>\n<div>\n\t\u2022 Rahat kavrama<\/div>\n<div>\n\t\u2022 Koruyucu g\u00f6zl\u00fckler, ya\u011f kab\u0131, anahtarlar ve 300 adet 30 mm z\u0131mba teli ile ba\u015flang\u0131\u00e7 seti dahil<\/div>\n<div>\n\t\u2022 Kutu ambalaj<\/div>\n<div>\n\t\u2022 2 y\u0131l garanti<\/div>\n<div>\n\tBa\u015fs\u0131z \u00c7ivi 15-50mm<\/div>\n<table><\/table>\n","protected":false},"excerpt":{"rendered":"<div>\n\tS\u0131k kullan\u0131m ve y\u00fcksek tempolu \u00e7al\u0131\u015fma i\u00e7in tasarlanm\u0131\u015f profesyonel, haval\u0131 ba\u015fs\u0131z \u00e7ivi \u00e7akma tabancas\u0131. Lambri, kap\u0131 kasalar\u0131, ah\u015fap teras kaplamalar\u0131 ve mobilya \u00fcretimi i\u00e7in ideal.<\/div>\n<div>\n\t\u2022\u00a050 mm \u00e7ivi \u00e7akar<\/div>\n<div>\n\t\u2022 Sequential actuation trigger<\/div>\n<div>\n\t\u2022 3600 ayarlanabilir hava egzozu &#8211; tozlar\u0131 \u00e7al\u0131\u015fma alanlar\u0131 d\u0131\u015f\u0131nda tutar<\/div>\n<div>\n\t\u2022 G\u00fc\u00e7l\u00fc ve dayan\u0131kl\u0131, hafi f magnezyum ana g\u00f6vde<\/div>\n<div>\n\t\u2022 Ayarlanabilir derinlik mekanizmas\u0131<\/div>\n<div>\n\t\u2022 H\u0131zl\u0131 y\u00fckleme sistemi<\/div>\n<div>\n\t\u2022 Rahat kavrama<\/div>\n<div>\n\t\u2022 Koruyucu g\u00f6zl\u00fckler, ya\u011f kab\u0131, anahtarlar ve 300 adet 30 mm z\u0131mba teli ile ba\u015flang\u0131\u00e7 seti dahil<\/div>\n<div>\n\t\u2022 Kutu ambalaj<\/div>\n<div>\n\t\u2022 2 y\u0131l garanti<\/div>\n<div>\n\tBa\u015fs\u0131z \u00c7ivi 15-50mm<\/div>\n","protected":false},"featured_media":8050,"comment_status":"open","ping_status":"closed","template":"","meta":{"_acf_changed":false},"product_brand":[1491],"product_cat":[712],"product_tag":[],"class_list":{"0":"post-22595","1":"product","2":"type-product","3":"status-publish","4":"has-post-thumbnail","6":"product_brand-rapid","7":"product_cat-zimba-tabancalari","9":"first","10":"instock","11":"taxable","12":"shipping-taxable","13":"purchasable","14":"product-type-simple","15":"add-to-wishlist-after_add_to_cart"},"acf":[],"_links":{"self":[{"href":"https:\/\/www.makitamarket.com.tr\/site\/wp-json\/wp\/v2\/product\/22595","targetHints":{"allow":["GET"]}}],"collection":[{"href":"https:\/\/www.makitamarket.com.tr\/site\/wp-json\/wp\/v2\/product"}],"about":[{"href":"https:\/\/www.makitamarket.com.tr\/site\/wp-json\/wp\/v2\/types\/product"}],"replies":[{"embeddable":true,"href":"https:\/\/www.makitamarket.com.tr\/site\/wp-json\/wp\/v2\/comments?post=22595"}],"wp:featuredmedia":[{"embeddable":true,"href":"https:\/\/www.makitamarket.com.tr\/site\/wp-json\/wp\/v2\/media\/8050"}],"wp:attachment":[{"href":"https:\/\/www.makitamarket.com.tr\/site\/wp-json\/wp\/v2\/media?parent=22595"}],"wp:term":[{"taxonomy":"product_brand","embeddable":true,"href":"https:\/\/www.makitamarket.com.tr\/site\/wp-json\/wp\/v2\/product_brand?post=22595"},{"taxonomy":"product_cat","embeddable":true,"href":"https:\/\/www.makitamarket.com.tr\/site\/wp-json\/wp\/v2\/product_cat?post=22595"},{"taxonomy":"product_tag","embeddable":true,"href":"https:\/\/www.makitamarket.com.tr\/site\/wp-json\/wp\/v2\/product_tag?post=22595"}],"curies":[{"name":"wp","href":"https:\/\/api.w.org\/{rel}","templated":true}]}}