{"id":22600,"date":"2025-01-06T16:33:30","date_gmt":"2025-01-06T13:33:30","guid":{"rendered":"https:\/\/www.makitamarket.com.tr\/site\/urun\/rapid-esn530-elektrikli-cakma-tabancasi\/"},"modified":"2026-01-23T11:56:34","modified_gmt":"2026-01-23T08:56:34","slug":"rapid-esn530-elektrikli-cakma-tabancasi","status":"publish","type":"product","link":"https:\/\/www.makitamarket.com.tr\/site\/urun\/rapid-esn530-elektrikli-cakma-tabancasi\/","title":{"rendered":"Rapid ESN530 ELEKTR\u0130KL\u0130 \u00c7AKMA TABANCASI"},"content":{"rendered":"<div>\n\tEv i\u00e7inde daha titiz projeler i\u00e7in hafif, kolay kullan\u0131lan, elektrikli \u00e7akma tabancas\u0131. Tekstil i\u015fleri veya deri ya da ince ah\u015fap malzeme i\u00e7in etkindir.<\/div>\n<div>\n\t\u2022 \u00d6n cephe duvara yak\u0131n mesafede z\u0131mba \u00e7akmay\u0131 kolayla\u015ft\u0131r\u0131r.<\/div>\n<div>\n\t\u2022 \u00c7elikten mamul zor a\u015f\u0131nan par\u00e7alar sayesinde uzun \u00e7al\u0131\u015fma \u00f6mr\u00fc.<\/div>\n<div>\n\t\u2022 Yumu\u015fak kavrama sap ile birlikte ergonomik tasar\u0131m.<\/div>\n<div>\n\t\u2022 G\u00fcvenlik teti\u011fi.<\/div>\n<div>\n\t\u2022 2,5m. kablo.<\/div>\n<div>\n\t\u2022 Z\u0131mba telleri ve ba\u015fs\u0131z \u00e7iviler i\u00e7in \u00e7ift kartu\u015f.<\/div>\n<div>\n\t\u2022 2 y\u0131l garanti.<\/div>\n<div>\n\tZ\u0131mba 6-14mm (53 serisi z\u0131mba teli)<\/div>\n<div>\n\tBa\u015fs\u0131z \u00c7ivi\u00a0 15mm<\/div>\n<table><\/table>\n","protected":false},"excerpt":{"rendered":"<div>\n\tEv i\u00e7inde daha titiz projeler i\u00e7in hafif, kolay kullan\u0131lan, elektrikli \u00e7akma tabancas\u0131. Tekstil i\u015fleri veya deri ya da ince ah\u015fap malzeme i\u00e7in etkindir.<\/div>\n<div>\n\t\u2022 \u00d6n cephe duvara yak\u0131n mesafede z\u0131mba \u00e7akmay\u0131 kolayla\u015ft\u0131r\u0131r.<\/div>\n<div>\n\t\u2022 \u00c7elikten mamul zor a\u015f\u0131nan par\u00e7alar sayesinde uzun \u00e7al\u0131\u015fma \u00f6mr\u00fc.<\/div>\n<div>\n\t\u2022 Yumu\u015fak kavrama sap ile birlikte ergonomik tasar\u0131m.<\/div>\n<div>\n\t\u2022 G\u00fcvenlik teti\u011fi.<\/div>\n<div>\n\t\u2022 2,5m. kablo.<\/div>\n<div>\n\t\u2022 Z\u0131mba telleri ve ba\u015fs\u0131z \u00e7iviler i\u00e7in \u00e7ift kartu\u015f.<\/div>\n<div>\n\t\u2022 2 y\u0131l garanti.<\/div>\n<div>\n\tZ\u0131mba 6-14mm (53 serisi z\u0131mba teli)<\/div>\n<div>\n\tBa\u015fs\u0131z \u00c7ivi\u00a0 15mm<\/div>\n","protected":false},"featured_media":8067,"comment_status":"open","ping_status":"closed","template":"","meta":{"_acf_changed":false},"product_brand":[1491],"product_cat":[712],"product_tag":[],"class_list":{"0":"post-22600","1":"product","2":"type-product","3":"status-publish","4":"has-post-thumbnail","6":"product_brand-rapid","7":"product_cat-zimba-tabancalari","9":"first","10":"outofstock","11":"taxable","12":"shipping-taxable","13":"purchasable","14":"product-type-simple","15":"add-to-wishlist-after_add_to_cart"},"acf":[],"_links":{"self":[{"href":"https:\/\/www.makitamarket.com.tr\/site\/wp-json\/wp\/v2\/product\/22600","targetHints":{"allow":["GET"]}}],"collection":[{"href":"https:\/\/www.makitamarket.com.tr\/site\/wp-json\/wp\/v2\/product"}],"about":[{"href":"https:\/\/www.makitamarket.com.tr\/site\/wp-json\/wp\/v2\/types\/product"}],"replies":[{"embeddable":true,"href":"https:\/\/www.makitamarket.com.tr\/site\/wp-json\/wp\/v2\/comments?post=22600"}],"wp:featuredmedia":[{"embeddable":true,"href":"https:\/\/www.makitamarket.com.tr\/site\/wp-json\/wp\/v2\/media\/8067"}],"wp:attachment":[{"href":"https:\/\/www.makitamarket.com.tr\/site\/wp-json\/wp\/v2\/media?parent=22600"}],"wp:term":[{"taxonomy":"product_brand","embeddable":true,"href":"https:\/\/www.makitamarket.com.tr\/site\/wp-json\/wp\/v2\/product_brand?post=22600"},{"taxonomy":"product_cat","embeddable":true,"href":"https:\/\/www.makitamarket.com.tr\/site\/wp-json\/wp\/v2\/product_cat?post=22600"},{"taxonomy":"product_tag","embeddable":true,"href":"https:\/\/www.makitamarket.com.tr\/site\/wp-json\/wp\/v2\/product_tag?post=22600"}],"curies":[{"name":"wp","href":"https:\/\/api.w.org\/{rel}","templated":true}]}}