{"id":22603,"date":"2025-01-06T16:33:31","date_gmt":"2025-01-06T13:33:31","guid":{"rendered":"https:\/\/www.makitamarket.com.tr\/site\/urun\/leica-rugby-680-insaat-lazer-metresi\/"},"modified":"2026-04-06T12:11:23","modified_gmt":"2026-04-06T09:11:23","slug":"leica-rugby-680-insaat-lazer-metresi","status":"publish","type":"product","link":"https:\/\/www.makitamarket.com.tr\/site\/urun\/leica-rugby-680-insaat-lazer-metresi\/","title":{"rendered":"Leica RUGBY 680 \u0130N\u015eAAT LAZER METRES\u0130"},"content":{"rendered":"<div>\n\tYatay otomatik tesviye ve \u00e7ift eksende %8 dijital e\u011fim verebilme.<\/div>\n<div>\n\t\u0130\u00e7 saha ve d\u0131\u015f saha genel in\u015faat uygulamalar\u0131 i\u00e7in uygundur.<\/div>\n<table>\n<tr>\n<td>Uygulamalar<\/td>\n<td>Yatay Otomatik Tesviye \u00c7ift Eksende Dijital E\u011fim Verebilme<\/td>\n<\/tr>\n<tr>\n<td>Lazer S\u0131n\u0131f\u0131<\/td>\n<td>1<\/td>\n<\/tr>\n<tr>\n<td>Lazer Tipi<\/td>\n<td>635 nm k\u0131rm\u0131z\u0131<\/td>\n<\/tr>\n<tr>\n<td>Yukar\u0131 \u015fak\u00fcl<\/td>\n<td>Yok<\/td>\n<\/tr>\n<tr>\n<td>Hassasiyet<\/td>\n<td>30m \u00b1 1.5 mm<\/td>\n<\/tr>\n<tr>\n<td>Kendinden Terazileme Aral\u0131\u011f\u0131<\/td>\n<td>\u00b1 5\u00b0<\/td>\n<\/tr>\n<tr>\n<td>E\u011fim aral\u0131\u011f\u0131<\/td>\n<td>Dijital %8 \u00e7ift eksen<\/td>\n<\/tr>\n<tr>\n<td>Ak\u0131ll\u0131 e\u011fim<\/td>\n<td>Var<\/td>\n<\/tr>\n<tr>\n<td>Rotasyon<\/td>\n<td>10 rps<\/td>\n<\/tr>\n<tr>\n<td>Tarama<\/td>\n<td>&#8211;<\/td>\n<\/tr>\n<tr>\n<td>90\u00b0 Tarama<\/td>\n<td>&#8211;<\/td>\n<\/tr>\n<tr>\n<td>A\u015fa\u011f\u0131 \u015fak\u00fcl<\/td>\n<td>&#8211;<\/td>\n<\/tr>\n<tr>\n<td>Uyku Modu<\/td>\n<td>&#8211;<\/td>\n<\/tr>\n<tr>\n<td>Maksimum Mesafe (\u00d8) RE120\/120G<\/td>\n<td>900m<\/td>\n<\/tr>\n<tr>\n<td>Maksimum Mesafe (\u00d8) RE140\/160<\/td>\n<td>1100m<\/td>\n<\/tr>\n<tr>\n<td>Maksimum Mesafe (\u00d8) RC400 Kumanda<\/td>\n<td>200m<\/td>\n<\/tr>\n<tr>\n<td>\u00c7al\u0131\u015fma S\u00fcresi (Li-ion Batarya)<\/td>\n<td>40 saat<\/td>\n<\/tr>\n<tr>\n<td>\u00c7al\u0131\u015fma S\u00fcresi (Alkalin Batarya)<\/td>\n<td>60 saat<\/td>\n<\/tr>\n<tr>\n<td>\u00c7al\u0131\u015fma S\u0131cakl\u0131\u011f\u0131<\/td>\n<td>-20 + 50\u00b0C<\/td>\n<\/tr>\n<tr>\n<td>Koruma S\u0131n\u0131f\u0131<\/td>\n<td>IP67<\/td>\n<\/tr>\n<tr>\n<td>Garanti<\/td>\n<td>3 y\u0131l<\/td>\n<\/tr>\n<\/table>\n","protected":false},"excerpt":{"rendered":"<div>\n\tYatay otomatik tesviye ve \u00e7ift eksende %8 dijital e\u011fim verebilme.<\/div>\n<div>\n\t\u0130\u00e7 saha ve d\u0131\u015f saha genel in\u015faat uygulamalar\u0131 i\u00e7in uygundur.<\/div>\n","protected":false},"featured_media":8075,"comment_status":"open","ping_status":"closed","template":"","meta":{"_acf_changed":false},"product_brand":[1504],"product_cat":[747],"product_tag":[],"class_list":{"0":"post-22603","1":"product","2":"type-product","3":"status-publish","4":"has-post-thumbnail","6":"product_brand-leica","7":"product_cat-rotasyon-insaat-lazerleri","9":"first","10":"instock","11":"taxable","12":"shipping-taxable","13":"purchasable","14":"product-type-simple","15":"add-to-wishlist-after_add_to_cart"},"acf":[],"_links":{"self":[{"href":"https:\/\/www.makitamarket.com.tr\/site\/wp-json\/wp\/v2\/product\/22603","targetHints":{"allow":["GET"]}}],"collection":[{"href":"https:\/\/www.makitamarket.com.tr\/site\/wp-json\/wp\/v2\/product"}],"about":[{"href":"https:\/\/www.makitamarket.com.tr\/site\/wp-json\/wp\/v2\/types\/product"}],"replies":[{"embeddable":true,"href":"https:\/\/www.makitamarket.com.tr\/site\/wp-json\/wp\/v2\/comments?post=22603"}],"wp:featuredmedia":[{"embeddable":true,"href":"https:\/\/www.makitamarket.com.tr\/site\/wp-json\/wp\/v2\/media\/8075"}],"wp:attachment":[{"href":"https:\/\/www.makitamarket.com.tr\/site\/wp-json\/wp\/v2\/media?parent=22603"}],"wp:term":[{"taxonomy":"product_brand","embeddable":true,"href":"https:\/\/www.makitamarket.com.tr\/site\/wp-json\/wp\/v2\/product_brand?post=22603"},{"taxonomy":"product_cat","embeddable":true,"href":"https:\/\/www.makitamarket.com.tr\/site\/wp-json\/wp\/v2\/product_cat?post=22603"},{"taxonomy":"product_tag","embeddable":true,"href":"https:\/\/www.makitamarket.com.tr\/site\/wp-json\/wp\/v2\/product_tag?post=22603"}],"curies":[{"name":"wp","href":"https:\/\/api.w.org\/{rel}","templated":true}]}}