{"id":22605,"date":"2025-01-06T16:33:33","date_gmt":"2025-01-06T13:33:33","guid":{"rendered":"https:\/\/www.makitamarket.com.tr\/site\/urun\/fini-bk119-500f-kasnakli-yagli-kompresor-10-145-bar-psi\/"},"modified":"2025-11-16T04:13:58","modified_gmt":"2025-11-16T01:13:58","slug":"fini-bk119-500f-kasnakli-yagli-kompresor-10-145-bar-psi","status":"publish","type":"product","link":"https:\/\/www.makitamarket.com.tr\/site\/urun\/fini-bk119-500f-kasnakli-yagli-kompresor-10-145-bar-psi\/","title":{"rendered":"Fini BK119 500F KASNAKLI YA\u011eLI KOMPRES\u00d6R 10\/145 bar &#8211; psi"},"content":{"rendered":"<table>\n<tr>\n<td>G\u00fc\u00e7<\/td>\n<td>5,5-7,5 (Trifaze)<\/td>\n<\/tr>\n<tr>\n<td>Hava Giri\u015fi<\/td>\n<td>840-50,4<\/td>\n<\/tr>\n<tr>\n<td>Bas\u0131n\u00e7<\/td>\n<td>10-145<\/td>\n<\/tr>\n<tr>\n<td>\u00d6l\u00e7\u00fcler<\/td>\n<td>195 x 60 x 125 cm<\/td>\n<\/tr>\n<tr>\n<td>Net A\u011f\u0131rl\u0131k<\/td>\n<td>201 kg<\/td>\n<\/tr>\n<tr>\n<td>Depo Hacmi<\/td>\n<td>500 lt<\/td>\n<\/tr>\n<tr>\n<td>Ses D\u00fczeyi (dbA)<\/td>\n<td>80<\/td>\n<\/tr>\n<\/table>\n","protected":false},"excerpt":{"rendered":"<p>G\u00fc\u00e7 5,5-7,5 (Trifaze) Hava Giri\u015fi 840-50,4 Bas\u0131n\u00e7 10-145 \u00d6l\u00e7\u00fcler 195 x 60 x 125 cm Net A\u011f\u0131rl\u0131k 201 kg Depo Hacmi 500 lt Ses D\u00fczeyi (dbA) 80<\/p>\n","protected":false},"featured_media":8085,"comment_status":"open","ping_status":"closed","template":"","meta":{"_acf_changed":false},"product_brand":[1505],"product_cat":[756],"product_tag":[],"class_list":{"0":"post-22605","1":"product","2":"type-product","3":"status-publish","4":"has-post-thumbnail","6":"product_brand-fini","7":"product_cat-kompresorler","9":"first","10":"outofstock","11":"taxable","12":"shipping-taxable","13":"purchasable","14":"product-type-simple","15":"add-to-wishlist-after_add_to_cart"},"acf":[],"_links":{"self":[{"href":"https:\/\/www.makitamarket.com.tr\/site\/wp-json\/wp\/v2\/product\/22605","targetHints":{"allow":["GET"]}}],"collection":[{"href":"https:\/\/www.makitamarket.com.tr\/site\/wp-json\/wp\/v2\/product"}],"about":[{"href":"https:\/\/www.makitamarket.com.tr\/site\/wp-json\/wp\/v2\/types\/product"}],"replies":[{"embeddable":true,"href":"https:\/\/www.makitamarket.com.tr\/site\/wp-json\/wp\/v2\/comments?post=22605"}],"wp:featuredmedia":[{"embeddable":true,"href":"https:\/\/www.makitamarket.com.tr\/site\/wp-json\/wp\/v2\/media\/8085"}],"wp:attachment":[{"href":"https:\/\/www.makitamarket.com.tr\/site\/wp-json\/wp\/v2\/media?parent=22605"}],"wp:term":[{"taxonomy":"product_brand","embeddable":true,"href":"https:\/\/www.makitamarket.com.tr\/site\/wp-json\/wp\/v2\/product_brand?post=22605"},{"taxonomy":"product_cat","embeddable":true,"href":"https:\/\/www.makitamarket.com.tr\/site\/wp-json\/wp\/v2\/product_cat?post=22605"},{"taxonomy":"product_tag","embeddable":true,"href":"https:\/\/www.makitamarket.com.tr\/site\/wp-json\/wp\/v2\/product_tag?post=22605"}],"curies":[{"name":"wp","href":"https:\/\/api.w.org\/{rel}","templated":true}]}}