{"id":22606,"date":"2025-01-06T16:33:33","date_gmt":"2025-01-06T13:33:33","guid":{"rendered":"https:\/\/www.makitamarket.com.tr\/site\/urun\/full-fullmk22-metal-kilitli-takim-cantasi-22\/"},"modified":"2026-03-15T08:09:56","modified_gmt":"2026-03-15T05:09:56","slug":"full-fullmk22-metal-kilitli-takim-cantasi-22","status":"publish","type":"product","link":"https:\/\/www.makitamarket.com.tr\/site\/urun\/full-fullmk22-metal-kilitli-takim-cantasi-22\/","title":{"rendered":"Full FULLMK22 METAL K\u0130L\u0130TL\u0130 TAKIM \u00c7ANTASI 22&#8243;"},"content":{"rendered":"<table>\n<tr>\n<td>A\u00e7\u0131klama<\/td>\n<td>Metal Kilit &#8211; 22&#8221; &#8211; 57&#215;31.5&#215;29.5 cm<\/td>\n<\/tr>\n<tr>\n<td>Koli Adedi<\/td>\n<td>6<\/td>\n<\/tr>\n<tr>\n<td>\u00d6zellik<\/td>\n<td>Organizerli<\/td>\n<\/tr>\n<\/table>\n","protected":false},"excerpt":{"rendered":"<p>A\u00e7\u0131klama Metal Kilit &#8211; 22&#8221; &#8211; 57&#215;31.5&#215;29.5 cm Koli Adedi 6 \u00d6zellik Organizerli<\/p>\n","protected":false},"featured_media":8086,"comment_status":"open","ping_status":"closed","template":"","meta":{"_acf_changed":false},"product_brand":[1502],"product_cat":[734],"product_tag":[],"class_list":{"0":"post-22606","1":"product","2":"type-product","3":"status-publish","4":"has-post-thumbnail","6":"product_brand-full","7":"product_cat-plastik-takim-cantalari","9":"first","10":"outofstock","11":"taxable","12":"shipping-taxable","13":"purchasable","14":"product-type-simple","15":"add-to-wishlist-after_add_to_cart"},"acf":[],"_links":{"self":[{"href":"https:\/\/www.makitamarket.com.tr\/site\/wp-json\/wp\/v2\/product\/22606","targetHints":{"allow":["GET"]}}],"collection":[{"href":"https:\/\/www.makitamarket.com.tr\/site\/wp-json\/wp\/v2\/product"}],"about":[{"href":"https:\/\/www.makitamarket.com.tr\/site\/wp-json\/wp\/v2\/types\/product"}],"replies":[{"embeddable":true,"href":"https:\/\/www.makitamarket.com.tr\/site\/wp-json\/wp\/v2\/comments?post=22606"}],"wp:featuredmedia":[{"embeddable":true,"href":"https:\/\/www.makitamarket.com.tr\/site\/wp-json\/wp\/v2\/media\/8086"}],"wp:attachment":[{"href":"https:\/\/www.makitamarket.com.tr\/site\/wp-json\/wp\/v2\/media?parent=22606"}],"wp:term":[{"taxonomy":"product_brand","embeddable":true,"href":"https:\/\/www.makitamarket.com.tr\/site\/wp-json\/wp\/v2\/product_brand?post=22606"},{"taxonomy":"product_cat","embeddable":true,"href":"https:\/\/www.makitamarket.com.tr\/site\/wp-json\/wp\/v2\/product_cat?post=22606"},{"taxonomy":"product_tag","embeddable":true,"href":"https:\/\/www.makitamarket.com.tr\/site\/wp-json\/wp\/v2\/product_tag?post=22606"}],"curies":[{"name":"wp","href":"https:\/\/api.w.org\/{rel}","templated":true}]}}