{"id":22613,"date":"2025-01-06T16:33:37","date_gmt":"2025-01-06T13:33:37","guid":{"rendered":"https:\/\/www.makitamarket.com.tr\/site\/urun\/kama-by-reis-kdk11500sc3-dizel-jenerator-8-8-kw-11-kva\/"},"modified":"2025-11-16T04:15:37","modified_gmt":"2025-11-16T01:15:37","slug":"kama-by-reis-kdk11500sc3-dizel-jenerator-8-8-kw-11-kva","status":"publish","type":"product","link":"https:\/\/www.makitamarket.com.tr\/site\/urun\/kama-by-reis-kdk11500sc3-dizel-jenerator-8-8-kw-11-kva\/","title":{"rendered":"Kama By Reis KDK11500SC3 D\u0130ZEL JENERAT\u00d6R 8.8 kW\/11 kVA"},"content":{"rendered":"<p>Harici Oto. Transfer Pano Kodu: <strong>OTP375TD<\/strong><\/p>\n<table>\n<tr>\n<td>Maksimum G\u00fc\u00e7 (kW\/kVA)<\/td>\n<td>8,8 \/ 11<\/td>\n<\/tr>\n<tr>\n<td>S\u00fcrekli G\u00fc\u00e7 (kW\/kVA)<\/td>\n<td>8 \/ 10<\/td>\n<\/tr>\n<tr>\n<td>S\u00fcrekli \u00c7\u0131k\u0131\u015f Amperi  (A)<\/td>\n<td>14,4<\/td>\n<\/tr>\n<tr>\n<td>Faz Say\u0131s\u0131<\/td>\n<td>3 (Trifaze)<\/td>\n<\/tr>\n<tr>\n<td>\u00c7\u0131k\u0131\u015f Voltaj\u0131  (V)<\/td>\n<td>230\/400<\/td>\n<\/tr>\n<tr>\n<td>G\u00fc\u00e7 Fakt\u00f6r\u00fc     (Cos \u03c6)<\/td>\n<td>1 \/ 0.8<\/td>\n<\/tr>\n<tr>\n<td>Frekans (Hz)<\/td>\n<td>50<\/td>\n<\/tr>\n<tr>\n<td>G\u00f6sterge Ekran\u0131<\/td>\n<td>Dijital<\/td>\n<\/tr>\n<tr>\n<td>Motor tipi<\/td>\n<td>1 Silindir Hava So\u011futmal\u0131<\/td>\n<\/tr>\n<tr>\n<td>Motor Modeli<\/td>\n<td>1100F<\/td>\n<\/tr>\n<tr>\n<td>Motor G\u00fcc\u00fc (HP)<\/td>\n<td>15<\/td>\n<\/tr>\n<tr>\n<td>Silindir Hacmi  (cc)<\/td>\n<td>667<\/td>\n<\/tr>\n<tr>\n<td>\u00c7al\u0131\u015ft\u0131rma \u015eekli<\/td>\n<td>Mar\u015fl\u0131<\/td>\n<\/tr>\n<tr>\n<td>Yak\u0131t Tipi<\/td>\n<td>Euro Dizel<\/td>\n<\/tr>\n<tr>\n<td>Yak\u0131t Deposu Kapasitesi  (Lt)<\/td>\n<td>26<\/td>\n<\/tr>\n<tr>\n<td>Yak\u0131t T\u00fcketimi (Lt \/ Saat)<\/td>\n<td>2,4<\/td>\n<\/tr>\n<tr>\n<td>Ya\u011f Kapasitesi ( Lt )<\/td>\n<td>2<\/td>\n<\/tr>\n<tr>\n<td>Ya\u011f Tipi<\/td>\n<td>15W40<\/td>\n<\/tr>\n<tr>\n<td>Ses Seviyesi (dBA-7m)<\/td>\n<td>72<\/td>\n<\/tr>\n<tr>\n<td>A\u011f\u0131rl\u0131k  (Kg)<\/td>\n<td>208<\/td>\n<\/tr>\n<tr>\n<td>Boyutlar (UxGxY)(mm)<\/td>\n<td>1100x545x760<\/td>\n<\/tr>\n<\/table>\n","protected":false},"excerpt":{"rendered":"<p>Harici Oto. Transfer Pano Kodu: <strong>OTP375TD<\/strong><\/p>\n","protected":false},"featured_media":0,"comment_status":"open","ping_status":"closed","template":"","meta":{"_acf_changed":false},"product_brand":[1500],"product_cat":[730],"product_tag":[],"class_list":{"0":"post-22613","1":"product","2":"type-product","3":"status-publish","5":"product_brand-kama-by-reis","6":"product_cat-dizel-jeneratorler","8":"first","9":"outofstock","10":"taxable","11":"shipping-taxable","12":"purchasable","13":"product-type-simple","14":"add-to-wishlist-after_add_to_cart"},"acf":[],"_links":{"self":[{"href":"https:\/\/www.makitamarket.com.tr\/site\/wp-json\/wp\/v2\/product\/22613","targetHints":{"allow":["GET"]}}],"collection":[{"href":"https:\/\/www.makitamarket.com.tr\/site\/wp-json\/wp\/v2\/product"}],"about":[{"href":"https:\/\/www.makitamarket.com.tr\/site\/wp-json\/wp\/v2\/types\/product"}],"replies":[{"embeddable":true,"href":"https:\/\/www.makitamarket.com.tr\/site\/wp-json\/wp\/v2\/comments?post=22613"}],"wp:attachment":[{"href":"https:\/\/www.makitamarket.com.tr\/site\/wp-json\/wp\/v2\/media?parent=22613"}],"wp:term":[{"taxonomy":"product_brand","embeddable":true,"href":"https:\/\/www.makitamarket.com.tr\/site\/wp-json\/wp\/v2\/product_brand?post=22613"},{"taxonomy":"product_cat","embeddable":true,"href":"https:\/\/www.makitamarket.com.tr\/site\/wp-json\/wp\/v2\/product_cat?post=22613"},{"taxonomy":"product_tag","embeddable":true,"href":"https:\/\/www.makitamarket.com.tr\/site\/wp-json\/wp\/v2\/product_tag?post=22613"}],"curies":[{"name":"wp","href":"https:\/\/api.w.org\/{rel}","templated":true}]}}