{"id":22616,"date":"2025-01-06T16:33:37","date_gmt":"2025-01-06T13:33:37","guid":{"rendered":"https:\/\/www.makitamarket.com.tr\/site\/urun\/makita-hm1812-elektropnomatik-kirici\/"},"modified":"2026-04-06T12:11:44","modified_gmt":"2026-04-06T09:11:44","slug":"makita-hm1812-elektropnomatik-kirici","status":"publish","type":"product","link":"https:\/\/www.makitamarket.com.tr\/site\/urun\/makita-hm1812-elektropnomatik-kirici\/","title":{"rendered":"Makita HM1812 ELEKTROPN\u00d6MAT\u0130K KIRICI"},"content":{"rendered":"<p>Model HM1812<\/p>\n<p>Elektropn\u00f6matik K\u0131r\u0131c\u0131lar<\/p>\n<p>2.000 W \u2022 72.8 J<\/p>\n<p><span style=\"color: rgb(0, 112, 192);\">Verimli AVT sistemine sahip elektropn\u00f6matik k\u0131r\u0131c\u0131 modeli. <\/span><\/p>\n<p>SDS-MAX u\u00e7lar\u0131yla uyumludur. 2.000 W motor kapasitesi ve dakikada 870 darbe say\u0131s\u0131na sahiptir. 72.8 J darbe enerjisine sahiptir.<\/p>\n<p><span style=\"color: red;\">Kullan\u0131m amac\u0131: <\/span>Bu alet a\u011f\u0131r k\u0131rma ve yontma i\u015flerinin yan\u0131 s\u0131ra vidalama ve uygun aksesuarlarla birlikte kullan\u0131lmak i\u00e7in tasarlanm\u0131\u015ft\u0131r.<\/p>\n<p><u>\u00d6zellikleri:<\/u><\/p>\n<p><span style=\"color: red;\">G\u00fc\u00e7 Kayna\u011f\u0131:<\/span>Makinenin, yaln\u0131zca isim levhas\u0131nda belirtilenle ayn\u0131 voltajl\u0131 g\u00fc\u00e7 kayna\u011f\u0131na ba\u011flanmas\u0131 gerekir ve yaln\u0131zca tek fazl\u0131 AC g\u00fc\u00e7 kayna\u011f\u0131yla \u00e7al\u0131\u015ft\u0131r\u0131labilir. \u00c7ifte yal\u0131t\u0131ml\u0131d\u0131r ve topraklamas\u0131z prizlerle de kullan\u0131labilir.<\/p>\n<p>AVT(Titre\u015fim \u00d6nleme Teknolojisi); \u00e7al\u0131\u015fma esnas\u0131nda olu\u015fan titre\u015fim, makine i\u00e7inde s\u00f6n\u00fcmlenir ve kullan\u0131c\u0131ya yans\u0131ma azalt\u0131l\u0131r. Kullan\u0131c\u0131 yorulmadan, uzun s\u00fcreli makineyi kullanabilir. <\/p>\n<p>Soft No Load(Yumu\u015fak Ba\u015flama Teknolojisi);makine ilk \u00e7al\u0131\u015ft\u0131\u011f\u0131 anda tam devrine ula\u015fmaz.Kademeli olarak devir artar ve b\u00f6ylece i\u015f par\u00e7as\u0131 zarar g\u00f6rmez.<\/p>\n<ol>\n<li data-list=\"bullet\"><span class=\"ql-ui\" contenteditable=\"false\"><\/span>\u00c7ift yal\u0131t\u0131ml\u0131d\u0131r.<\/li>\n<li data-list=\"bullet\"><span class=\"ql-ui\" contenteditable=\"false\"><\/span>28.6mm alt\u0131gen \u015faftl\u0131 u\u00e7 mevcuttur<\/li>\n<li data-list=\"bullet\"><span class=\"ql-ui\" contenteditable=\"false\"><\/span>Yumu\u015fak ba\u015flama \u00f6zelli\u011fi mevcuttur.<\/li>\n<\/ol>\n<p>Ambalaj i\u00e7eri\u011fi: Anahtar<\/p>\n<table>\n<tr>\n<td>S\u00fcrekli Ak\u0131m Giri\u015fi<\/td>\n<td>2000W<\/td>\n<\/tr>\n<tr>\n<td>Dakikada darbe say\u0131s\u0131<\/td>\n<td>870<\/td>\n<\/tr>\n<tr>\n<td>Net A\u011f\u0131rl\u0131k<\/td>\n<td>31,3 <\/td>\n<\/tr>\n<tr>\n<td>Darbe enerjisi<\/td>\n<td>Deney sonucu : 62.0 J &#8211; EPTA de\u011feri : 72.8 J<\/td>\n<\/tr>\n<\/table>\n","protected":false},"excerpt":{"rendered":"<p>Model HM1812<\/p>\n<p>Elektropn\u00f6matik K\u0131r\u0131c\u0131lar<\/p>\n<p>2.000 W \u2022 72.8 J<\/p>\n<p><span style=\"color: rgb(0, 112, 192);\">Verimli AVT sistemine sahip elektropn\u00f6matik k\u0131r\u0131c\u0131 modeli. <\/span><\/p>\n<p>SDS-MAX u\u00e7lar\u0131yla uyumludur. 2.000 W motor kapasitesi ve dakikada 870 darbe say\u0131s\u0131na sahiptir. 72.8 J darbe enerjisine sahiptir.<\/p>\n<p><span style=\"color: red;\">Kullan\u0131m amac\u0131: <\/span>Bu alet a\u011f\u0131r k\u0131rma ve yontma i\u015flerinin yan\u0131 s\u0131ra vidalama ve uygun aksesuarlarla birlikte kullan\u0131lmak i\u00e7in tasarlanm\u0131\u015ft\u0131r.<\/p>\n<p><u>\u00d6zellikleri:<\/u><\/p>\n<p><span style=\"color: red;\">G\u00fc\u00e7 Kayna\u011f\u0131:<\/span>Makinenin, yaln\u0131zca isim levhas\u0131nda belirtilenle ayn\u0131 voltajl\u0131 g\u00fc\u00e7 kayna\u011f\u0131na ba\u011flanmas\u0131 gerekir ve yaln\u0131zca tek fazl\u0131 AC g\u00fc\u00e7 kayna\u011f\u0131yla \u00e7al\u0131\u015ft\u0131r\u0131labilir. \u00c7ifte yal\u0131t\u0131ml\u0131d\u0131r ve topraklamas\u0131z prizlerle de kullan\u0131labilir.<\/p>\n<p>AVT(Titre\u015fim \u00d6nleme Teknolojisi); \u00e7al\u0131\u015fma esnas\u0131nda olu\u015fan titre\u015fim, makine i\u00e7inde s\u00f6n\u00fcmlenir ve kullan\u0131c\u0131ya yans\u0131ma azalt\u0131l\u0131r. Kullan\u0131c\u0131 yorulmadan, uzun s\u00fcreli makineyi kullanabilir. <\/p>\n<p>Soft No Load(Yumu\u015fak Ba\u015flama Teknolojisi);makine ilk \u00e7al\u0131\u015ft\u0131\u011f\u0131 anda tam devrine ula\u015fmaz.Kademeli olarak devir artar ve b\u00f6ylece i\u015f par\u00e7as\u0131 zarar g\u00f6rmez.<\/p>\n<ol>\n<li data-list=\"bullet\"><span class=\"ql-ui\" contenteditable=\"false\"><\/span>\u00c7ift yal\u0131t\u0131ml\u0131d\u0131r.<\/li>\n<li data-list=\"bullet\"><span class=\"ql-ui\" contenteditable=\"false\"><\/span>28.6mm alt\u0131gen \u015faftl\u0131 u\u00e7 mevcuttur<\/li>\n<li data-list=\"bullet\"><span class=\"ql-ui\" contenteditable=\"false\"><\/span>Yumu\u015fak ba\u015flama \u00f6zelli\u011fi mevcuttur.<\/li>\n<\/ol>\n<p>Ambalaj i\u00e7eri\u011fi: Anahtar<\/p>\n","protected":false},"featured_media":8112,"comment_status":"open","ping_status":"closed","template":"","meta":{"_acf_changed":false},"product_brand":[1485],"product_cat":[769],"product_tag":[],"class_list":{"0":"post-22616","1":"product","2":"type-product","3":"status-publish","4":"has-post-thumbnail","6":"product_brand-makita","7":"product_cat-insaat-grubu-elektrikli-ve-akulu-el-aletleri-elektrikli-ve-akulu-el-aletleri","9":"first","10":"instock","11":"taxable","12":"shipping-taxable","13":"purchasable","14":"product-type-simple","15":"add-to-wishlist-after_add_to_cart"},"acf":[],"_links":{"self":[{"href":"https:\/\/www.makitamarket.com.tr\/site\/wp-json\/wp\/v2\/product\/22616","targetHints":{"allow":["GET"]}}],"collection":[{"href":"https:\/\/www.makitamarket.com.tr\/site\/wp-json\/wp\/v2\/product"}],"about":[{"href":"https:\/\/www.makitamarket.com.tr\/site\/wp-json\/wp\/v2\/types\/product"}],"replies":[{"embeddable":true,"href":"https:\/\/www.makitamarket.com.tr\/site\/wp-json\/wp\/v2\/comments?post=22616"}],"wp:featuredmedia":[{"embeddable":true,"href":"https:\/\/www.makitamarket.com.tr\/site\/wp-json\/wp\/v2\/media\/8112"}],"wp:attachment":[{"href":"https:\/\/www.makitamarket.com.tr\/site\/wp-json\/wp\/v2\/media?parent=22616"}],"wp:term":[{"taxonomy":"product_brand","embeddable":true,"href":"https:\/\/www.makitamarket.com.tr\/site\/wp-json\/wp\/v2\/product_brand?post=22616"},{"taxonomy":"product_cat","embeddable":true,"href":"https:\/\/www.makitamarket.com.tr\/site\/wp-json\/wp\/v2\/product_cat?post=22616"},{"taxonomy":"product_tag","embeddable":true,"href":"https:\/\/www.makitamarket.com.tr\/site\/wp-json\/wp\/v2\/product_tag?post=22616"}],"curies":[{"name":"wp","href":"https:\/\/api.w.org\/{rel}","templated":true}]}}