{"id":22619,"date":"2025-01-06T16:33:39","date_gmt":"2025-01-06T13:33:39","guid":{"rendered":"https:\/\/www.makitamarket.com.tr\/site\/urun\/full-fullpk19-metal-kilitli-takim-cantasi-19\/"},"modified":"2025-11-16T04:15:40","modified_gmt":"2025-11-16T01:15:40","slug":"full-fullpk19-metal-kilitli-takim-cantasi-19","status":"publish","type":"product","link":"https:\/\/www.makitamarket.com.tr\/site\/urun\/full-fullpk19-metal-kilitli-takim-cantasi-19\/","title":{"rendered":"Full FULLPK19 METAL K\u0130L\u0130TL\u0130 TAKIM \u00c7ANTASI 19&#8243;"},"content":{"rendered":"<table>\n<tr>\n<td>A\u00e7\u0131klama<\/td>\n<td>Metal Kilitli &#8211; 19&#8221; -49x26x24 cm<\/td>\n<\/tr>\n<tr>\n<td>Koli Adedi<\/td>\n<td>9<\/td>\n<\/tr>\n<tr>\n<td>\u00d6zellik<\/td>\n<td>Organizerli<\/td>\n<\/tr>\n<\/table>\n","protected":false},"excerpt":{"rendered":"<p>A\u00e7\u0131klama Metal Kilitli &#8211; 19&#8221; -49x26x24 cm Koli Adedi 9 \u00d6zellik Organizerli<\/p>\n","protected":false},"featured_media":8123,"comment_status":"open","ping_status":"closed","template":"","meta":{"_acf_changed":false},"product_brand":[1502],"product_cat":[734],"product_tag":[],"class_list":{"0":"post-22619","1":"product","2":"type-product","3":"status-publish","4":"has-post-thumbnail","6":"product_brand-full","7":"product_cat-plastik-takim-cantalari","9":"first","10":"outofstock","11":"taxable","12":"shipping-taxable","13":"purchasable","14":"product-type-simple","15":"add-to-wishlist-after_add_to_cart"},"acf":[],"_links":{"self":[{"href":"https:\/\/www.makitamarket.com.tr\/site\/wp-json\/wp\/v2\/product\/22619","targetHints":{"allow":["GET"]}}],"collection":[{"href":"https:\/\/www.makitamarket.com.tr\/site\/wp-json\/wp\/v2\/product"}],"about":[{"href":"https:\/\/www.makitamarket.com.tr\/site\/wp-json\/wp\/v2\/types\/product"}],"replies":[{"embeddable":true,"href":"https:\/\/www.makitamarket.com.tr\/site\/wp-json\/wp\/v2\/comments?post=22619"}],"wp:featuredmedia":[{"embeddable":true,"href":"https:\/\/www.makitamarket.com.tr\/site\/wp-json\/wp\/v2\/media\/8123"}],"wp:attachment":[{"href":"https:\/\/www.makitamarket.com.tr\/site\/wp-json\/wp\/v2\/media?parent=22619"}],"wp:term":[{"taxonomy":"product_brand","embeddable":true,"href":"https:\/\/www.makitamarket.com.tr\/site\/wp-json\/wp\/v2\/product_brand?post=22619"},{"taxonomy":"product_cat","embeddable":true,"href":"https:\/\/www.makitamarket.com.tr\/site\/wp-json\/wp\/v2\/product_cat?post=22619"},{"taxonomy":"product_tag","embeddable":true,"href":"https:\/\/www.makitamarket.com.tr\/site\/wp-json\/wp\/v2\/product_tag?post=22619"}],"curies":[{"name":"wp","href":"https:\/\/api.w.org\/{rel}","templated":true}]}}