{"id":22620,"date":"2025-01-06T16:33:39","date_gmt":"2025-01-06T13:33:39","guid":{"rendered":"https:\/\/www.makitamarket.com.tr\/site\/urun\/powerwash-hy50b2-yikama-makinasi-550w\/"},"modified":"2025-11-16T04:15:40","modified_gmt":"2025-11-16T01:15:40","slug":"powerwash-hy50b2-yikama-makinasi-550w","status":"publish","type":"product","link":"https:\/\/www.makitamarket.com.tr\/site\/urun\/powerwash-hy50b2-yikama-makinasi-550w\/","title":{"rendered":"Powerwash HY50B2 YIKAMA MAK\u0130NASI 550W"},"content":{"rendered":"<p>PROFESYONEL KULLANIM ALANLARI \u0130\u00c7\u0130N TASARLANMI\u015e OLAN POWERWAS HY50B AK\u00dcL\u00dc ZEM\u0130N TEM\u0130ZLEME OTOMATIDIR.AYNI ZAMANDA \u00dcR\u00dcN \u0130LE B\u0130RL\u0130KTE VER\u0130LEN PED TUTUCU \u0130LE B\u0130RL\u0130KTE KUSURSUZ ZEM\u0130N TEM\u0130ZLEME YAPAB\u0130L\u0130RS\u0130N\u0130Z<\/p>\n<table>\n<tr>\n<td>Teorik Temizleme Kapasitesi<\/td>\n<td>1900m2\/h<\/td>\n<\/tr>\n<tr>\n<td>F\u0131r\u00e7a \u00e7ap\u0131<\/td>\n<td>510mm<\/td>\n<\/tr>\n<tr>\n<td>S\u0131y\u0131r\u0131c\u0131 lastik geni\u015fli\u011fi<\/td>\n<td>760mm<\/td>\n<\/tr>\n<tr>\n<td>Kirli\/Temiz Su<\/td>\n<td>40 lt<\/td>\n<\/tr>\n<tr>\n<td>Voltaj<\/td>\n<td>24V<\/td>\n<\/tr>\n<tr>\n<td>A\u011f\u0131rl\u0131k<\/td>\n<td>130kg<\/td>\n<\/tr>\n<tr>\n<td>F\u0131r\u00e7a Motor G\u00fcc\u00fc<\/td>\n<td>550Watt<\/td>\n<\/tr>\n<tr>\n<td>\u00d6l\u00e7\u00fcler<\/td>\n<td>1200x500x1010<\/td>\n<\/tr>\n<tr>\n<td>Ak\u00fc Kodu<\/td>\n<td>POWERAKU12V105A<\/td>\n<\/tr>\n<\/table>\n","protected":false},"excerpt":{"rendered":"<p>PROFESYONEL KULLANIM ALANLARI \u0130\u00c7\u0130N TASARLANMI\u015e OLAN POWERWAS HY50B AK\u00dcL\u00dc ZEM\u0130N TEM\u0130ZLEME OTOMATIDIR.AYNI ZAMANDA \u00dcR\u00dcN \u0130LE B\u0130RL\u0130KTE VER\u0130LEN PED TUTUCU \u0130LE B\u0130RL\u0130KTE KUSURSUZ ZEM\u0130N TEM\u0130ZLEME YAPAB\u0130L\u0130RS\u0130N\u0130Z<\/p>\n","protected":false},"featured_media":8124,"comment_status":"open","ping_status":"closed","template":"","meta":{"_acf_changed":false},"product_brand":[1489],"product_cat":[1565],"product_tag":[],"class_list":{"0":"post-22620","1":"product","2":"type-product","3":"status-publish","4":"has-post-thumbnail","6":"product_brand-powerwash","7":"product_cat-yok-yok","9":"first","10":"outofstock","11":"taxable","12":"shipping-taxable","13":"purchasable","14":"product-type-simple","15":"add-to-wishlist-after_add_to_cart"},"acf":[],"_links":{"self":[{"href":"https:\/\/www.makitamarket.com.tr\/site\/wp-json\/wp\/v2\/product\/22620","targetHints":{"allow":["GET"]}}],"collection":[{"href":"https:\/\/www.makitamarket.com.tr\/site\/wp-json\/wp\/v2\/product"}],"about":[{"href":"https:\/\/www.makitamarket.com.tr\/site\/wp-json\/wp\/v2\/types\/product"}],"replies":[{"embeddable":true,"href":"https:\/\/www.makitamarket.com.tr\/site\/wp-json\/wp\/v2\/comments?post=22620"}],"wp:featuredmedia":[{"embeddable":true,"href":"https:\/\/www.makitamarket.com.tr\/site\/wp-json\/wp\/v2\/media\/8124"}],"wp:attachment":[{"href":"https:\/\/www.makitamarket.com.tr\/site\/wp-json\/wp\/v2\/media?parent=22620"}],"wp:term":[{"taxonomy":"product_brand","embeddable":true,"href":"https:\/\/www.makitamarket.com.tr\/site\/wp-json\/wp\/v2\/product_brand?post=22620"},{"taxonomy":"product_cat","embeddable":true,"href":"https:\/\/www.makitamarket.com.tr\/site\/wp-json\/wp\/v2\/product_cat?post=22620"},{"taxonomy":"product_tag","embeddable":true,"href":"https:\/\/www.makitamarket.com.tr\/site\/wp-json\/wp\/v2\/product_tag?post=22620"}],"curies":[{"name":"wp","href":"https:\/\/api.w.org\/{rel}","templated":true}]}}