{"id":22626,"date":"2025-01-06T16:33:42","date_gmt":"2025-01-06T13:33:42","guid":{"rendered":"https:\/\/www.makitamarket.com.tr\/site\/urun\/biglift-rm-efs1030-sabit-catal-istif-makinasi-1000-kg\/"},"modified":"2026-03-30T11:23:20","modified_gmt":"2026-03-30T08:23:20","slug":"biglift-rm-efs1030-sabit-catal-istif-makinasi-1000-kg","status":"publish","type":"product","link":"https:\/\/www.makitamarket.com.tr\/site\/urun\/biglift-rm-efs1030-sabit-catal-istif-makinasi-1000-kg\/","title":{"rendered":"Biglift RM-EFS1030 SAB\u0130T \u00c7ATAL \u0130ST\u0130F MAK\u0130NASI 1000 kg"},"content":{"rendered":"<p>1000 kg kald\u0131rma kapasitesi ve 2500 mm kald\u0131rma y\u00fcksekli\u011fiyle y\u00fcklerin dengeli bir \u015fekilde ta\u015f\u0131nmas\u0131na ve istiflenmesine olanak sa\u011flar. Kullan\u0131c\u0131 dostu kontrol kolu, operat\u00f6r\u00fcn makineyi kolayca y\u00f6nlendirmesini sa\u011flarken ergonomik tasar\u0131m\u0131, uzun s\u00fcreli kullan\u0131mlarda konfor sunar.<\/p>\n<table>\n<tr>\n<td>Kald\u0131rma Kapasitesi<\/td>\n<td>1000<\/td>\n<\/tr>\n<tr>\n<td>Max \u00c7atal Y\u00fcksekli\u011fi<\/td>\n<td>3000<\/td>\n<\/tr>\n<tr>\n<td>\u00c7atal Geni\u015fli\u011fi<\/td>\n<td>550<\/td>\n<\/tr>\n<tr>\n<td>\u00c7atal Boyu<\/td>\n<td>1150<\/td>\n<\/tr>\n<tr>\n<td>Makina Y\u00fcksekli\u011fi<\/td>\n<td>2060<\/td>\n<\/tr>\n<tr>\n<td>Makina Boyu<\/td>\n<td>1668<\/td>\n<\/tr>\n<tr>\n<td>Makina Geni\u015fli\u011fi<\/td>\n<td>740<\/td>\n<\/tr>\n<tr>\n<td>Y\u00f6n Tekerle\u011fi<\/td>\n<td>180&#215;50<\/td>\n<\/tr>\n<tr>\n<td>A\u011f\u0131rl\u0131k<\/td>\n<td>310<\/td>\n<\/tr>\n<tr>\n<td>Y\u00fck Merkezi<\/td>\n<td>600<\/td>\n<\/tr>\n<tr>\n<td>Min \u00c7atal Y\u00fcksekli\u011fi<\/td>\n<td>85<\/td>\n<\/tr>\n<tr>\n<td>\u00d6n Tekerlekleri<\/td>\n<td>74&#215;70 mm<\/td>\n<\/tr>\n<\/table>\n","protected":false},"excerpt":{"rendered":"<p>1000 kg kald\u0131rma kapasitesi ve 2500 mm kald\u0131rma y\u00fcksekli\u011fiyle y\u00fcklerin dengeli bir \u015fekilde ta\u015f\u0131nmas\u0131na ve istiflenmesine olanak sa\u011flar. Kullan\u0131c\u0131 dostu kontrol kolu, operat\u00f6r\u00fcn makineyi kolayca y\u00f6nlendirmesini sa\u011flarken ergonomik tasar\u0131m\u0131, uzun s\u00fcreli kullan\u0131mlarda konfor sunar.<\/p>\n","protected":false},"featured_media":8143,"comment_status":"open","ping_status":"closed","template":"","meta":{"_acf_changed":false},"product_brand":[1490],"product_cat":[781],"product_tag":[],"class_list":{"0":"post-22626","1":"product","2":"type-product","3":"status-publish","4":"has-post-thumbnail","6":"product_brand-biglift","7":"product_cat-manuel-istif-makinalari","9":"first","10":"instock","11":"taxable","12":"shipping-taxable","13":"purchasable","14":"product-type-simple","15":"add-to-wishlist-after_add_to_cart"},"acf":[],"_links":{"self":[{"href":"https:\/\/www.makitamarket.com.tr\/site\/wp-json\/wp\/v2\/product\/22626","targetHints":{"allow":["GET"]}}],"collection":[{"href":"https:\/\/www.makitamarket.com.tr\/site\/wp-json\/wp\/v2\/product"}],"about":[{"href":"https:\/\/www.makitamarket.com.tr\/site\/wp-json\/wp\/v2\/types\/product"}],"replies":[{"embeddable":true,"href":"https:\/\/www.makitamarket.com.tr\/site\/wp-json\/wp\/v2\/comments?post=22626"}],"wp:featuredmedia":[{"embeddable":true,"href":"https:\/\/www.makitamarket.com.tr\/site\/wp-json\/wp\/v2\/media\/8143"}],"wp:attachment":[{"href":"https:\/\/www.makitamarket.com.tr\/site\/wp-json\/wp\/v2\/media?parent=22626"}],"wp:term":[{"taxonomy":"product_brand","embeddable":true,"href":"https:\/\/www.makitamarket.com.tr\/site\/wp-json\/wp\/v2\/product_brand?post=22626"},{"taxonomy":"product_cat","embeddable":true,"href":"https:\/\/www.makitamarket.com.tr\/site\/wp-json\/wp\/v2\/product_cat?post=22626"},{"taxonomy":"product_tag","embeddable":true,"href":"https:\/\/www.makitamarket.com.tr\/site\/wp-json\/wp\/v2\/product_tag?post=22626"}],"curies":[{"name":"wp","href":"https:\/\/api.w.org\/{rel}","templated":true}]}}