{"id":22628,"date":"2025-01-06T16:33:42","date_gmt":"2025-01-06T13:33:42","guid":{"rendered":"https:\/\/www.makitamarket.com.tr\/site\/urun\/makita-ek7651h-benzinli-kesim-motoru\/"},"modified":"2025-07-11T18:38:05","modified_gmt":"2025-07-11T15:38:05","slug":"makita-ek7651h-benzinli-kesim-motoru","status":"publish","type":"product","link":"https:\/\/www.makitamarket.com.tr\/site\/urun\/makita-ek7651h-benzinli-kesim-motoru\/","title":{"rendered":"Makita EK7651H BENZ\u0130NL\u0130 KES\u0130M MOTORU"},"content":{"rendered":"<p>Bas\u0131n\u00e7l\u0131 su sistemi<\/p>\n<p>4 zamanl\u0131 motor<\/p>\n<table>\n<tr>\n<td>Testere \u00e7ap\u0131<\/td>\n<td>355&#215;25.4 mm<\/td>\n<\/tr>\n<tr>\n<td>Maksimum disk h\u0131z\u0131<\/td>\n<td>4300devir\/dk<\/td>\n<\/tr>\n<tr>\n<td>Motor Hacmi<\/td>\n<td>75,6mL<\/td>\n<\/tr>\n<tr>\n<td>Maksimum Kesme<\/td>\n<td>122mm<\/td>\n<\/tr>\n<tr>\n<td>G\u00fc\u00e7<\/td>\n<td>3.0 kW 4.1PS<\/td>\n<\/tr>\n<tr>\n<td>Yak\u0131t Kar\u0131\u015f\u0131m\u0131<\/td>\n<td>50:1<\/td>\n<\/tr>\n<tr>\n<td>Yak\u0131t Tank\u0131<\/td>\n<td>1L<\/td>\n<\/tr>\n<tr>\n<td>Net A\u011f\u0131rl\u0131k<\/td>\n<td>14,2 Kg<\/td>\n<\/tr>\n<tr>\n<td>Tavsiye edilen ya\u011f<\/td>\n<td>1030-15W40 ya\u011f<\/td>\n<\/tr>\n<\/table>\n","protected":false},"excerpt":{"rendered":"<p>Bas\u0131n\u00e7l\u0131 su sistemi<\/p>\n<p>4 zamanl\u0131 motor<\/p>\n","protected":false},"featured_media":8146,"comment_status":"open","ping_status":"closed","template":"","meta":{"_acf_changed":false},"product_brand":[],"product_cat":[783],"product_tag":[],"class_list":{"0":"post-22628","1":"product","2":"type-product","3":"status-publish","4":"has-post-thumbnail","6":"product_cat-benzinli-kesim-motorlari","8":"first","9":"outofstock","10":"taxable","11":"shipping-taxable","12":"purchasable","13":"product-type-simple","14":"add-to-wishlist-after_add_to_cart"},"acf":[],"_links":{"self":[{"href":"https:\/\/www.makitamarket.com.tr\/site\/wp-json\/wp\/v2\/product\/22628","targetHints":{"allow":["GET"]}}],"collection":[{"href":"https:\/\/www.makitamarket.com.tr\/site\/wp-json\/wp\/v2\/product"}],"about":[{"href":"https:\/\/www.makitamarket.com.tr\/site\/wp-json\/wp\/v2\/types\/product"}],"replies":[{"embeddable":true,"href":"https:\/\/www.makitamarket.com.tr\/site\/wp-json\/wp\/v2\/comments?post=22628"}],"wp:featuredmedia":[{"embeddable":true,"href":"https:\/\/www.makitamarket.com.tr\/site\/wp-json\/wp\/v2\/media\/8146"}],"wp:attachment":[{"href":"https:\/\/www.makitamarket.com.tr\/site\/wp-json\/wp\/v2\/media?parent=22628"}],"wp:term":[{"taxonomy":"product_brand","embeddable":true,"href":"https:\/\/www.makitamarket.com.tr\/site\/wp-json\/wp\/v2\/product_brand?post=22628"},{"taxonomy":"product_cat","embeddable":true,"href":"https:\/\/www.makitamarket.com.tr\/site\/wp-json\/wp\/v2\/product_cat?post=22628"},{"taxonomy":"product_tag","embeddable":true,"href":"https:\/\/www.makitamarket.com.tr\/site\/wp-json\/wp\/v2\/product_tag?post=22628"}],"curies":[{"name":"wp","href":"https:\/\/api.w.org\/{rel}","templated":true}]}}