{"id":22631,"date":"2025-01-06T16:33:44","date_gmt":"2025-01-06T13:33:44","guid":{"rendered":"https:\/\/www.makitamarket.com.tr\/site\/urun\/fini-mk113-270-kasnakli-yagli-kompresor-10-145-bar-psi\/"},"modified":"2025-11-16T04:17:05","modified_gmt":"2025-11-16T01:17:05","slug":"fini-mk113-270-kasnakli-yagli-kompresor-10-145-bar-psi","status":"publish","type":"product","link":"https:\/\/www.makitamarket.com.tr\/site\/urun\/fini-mk113-270-kasnakli-yagli-kompresor-10-145-bar-psi\/","title":{"rendered":"Fini MK113-270 KASNAKLI YA\u011eLI KOMPRES\u00d6R 10\/145 bar &#8211; psi"},"content":{"rendered":"<table>\n<tr>\n<td>G\u00fc\u00e7<\/td>\n<td>4\/5.5 (Trifaze)<\/td>\n<\/tr>\n<tr>\n<td>Hava giri\u015fi (lt\/d-m3\/saat)<\/td>\n<td>540 \/32.4<\/td>\n<\/tr>\n<tr>\n<td>Bas\u0131n\u00e7 (bar-psi)<\/td>\n<td>10\/145<\/td>\n<\/tr>\n<tr>\n<td>\u00d6l\u00e7\u00fcler<\/td>\n<td>155 x 59 x 110 cm<\/td>\n<\/tr>\n<tr>\n<td>Net A\u011f\u0131rl\u0131k<\/td>\n<td>131 kg<\/td>\n<\/tr>\n<tr>\n<td>Depo Hacmi<\/td>\n<td>270 lt<\/td>\n<\/tr>\n<tr>\n<td>Ses D\u00fczeyi (dbA)<\/td>\n<td>96<\/td>\n<\/tr>\n<\/table>\n","protected":false},"excerpt":{"rendered":"<p>G\u00fc\u00e7 4\/5.5 (Trifaze) Hava giri\u015fi (lt\/d-m3\/saat) 540 \/32.4 Bas\u0131n\u00e7 (bar-psi) 10\/145 \u00d6l\u00e7\u00fcler 155 x 59 x 110 cm Net A\u011f\u0131rl\u0131k 131 kg Depo Hacmi 270 lt Ses D\u00fczeyi (dbA) 96<\/p>\n","protected":false},"featured_media":8153,"comment_status":"open","ping_status":"closed","template":"","meta":{"_acf_changed":false},"product_brand":[1505],"product_cat":[756],"product_tag":[],"class_list":{"0":"post-22631","1":"product","2":"type-product","3":"status-publish","4":"has-post-thumbnail","6":"product_brand-fini","7":"product_cat-kompresorler","9":"first","10":"outofstock","11":"taxable","12":"shipping-taxable","13":"purchasable","14":"product-type-simple","15":"add-to-wishlist-after_add_to_cart"},"acf":[],"_links":{"self":[{"href":"https:\/\/www.makitamarket.com.tr\/site\/wp-json\/wp\/v2\/product\/22631","targetHints":{"allow":["GET"]}}],"collection":[{"href":"https:\/\/www.makitamarket.com.tr\/site\/wp-json\/wp\/v2\/product"}],"about":[{"href":"https:\/\/www.makitamarket.com.tr\/site\/wp-json\/wp\/v2\/types\/product"}],"replies":[{"embeddable":true,"href":"https:\/\/www.makitamarket.com.tr\/site\/wp-json\/wp\/v2\/comments?post=22631"}],"wp:featuredmedia":[{"embeddable":true,"href":"https:\/\/www.makitamarket.com.tr\/site\/wp-json\/wp\/v2\/media\/8153"}],"wp:attachment":[{"href":"https:\/\/www.makitamarket.com.tr\/site\/wp-json\/wp\/v2\/media?parent=22631"}],"wp:term":[{"taxonomy":"product_brand","embeddable":true,"href":"https:\/\/www.makitamarket.com.tr\/site\/wp-json\/wp\/v2\/product_brand?post=22631"},{"taxonomy":"product_cat","embeddable":true,"href":"https:\/\/www.makitamarket.com.tr\/site\/wp-json\/wp\/v2\/product_cat?post=22631"},{"taxonomy":"product_tag","embeddable":true,"href":"https:\/\/www.makitamarket.com.tr\/site\/wp-json\/wp\/v2\/product_tag?post=22631"}],"curies":[{"name":"wp","href":"https:\/\/api.w.org\/{rel}","templated":true}]}}