{"id":22633,"date":"2025-01-06T16:33:45","date_gmt":"2025-01-06T13:33:45","guid":{"rendered":"https:\/\/www.makitamarket.com.tr\/site\/urun\/makita-hr005gm201-elektropnomatik-kirici-delici-40v\/"},"modified":"2026-03-30T07:04:50","modified_gmt":"2026-03-30T04:04:50","slug":"makita-hr005gm201-elektropnomatik-kirici-delici-40v","status":"publish","type":"product","link":"https:\/\/www.makitamarket.com.tr\/site\/urun\/makita-hr005gm201-elektropnomatik-kirici-delici-40v\/","title":{"rendered":"Makita HR005GM201 ELEKTROPN\u00d6MAT\u0130K KIRICI &#8211; DEL\u0130C\u0130 40V"},"content":{"rendered":"<p><strong class=\"red-title\" style=\"font-size: 16px;\">A\u00e7\u0131klama:<\/strong> <span><\/p>\n<p>Model HR005GM201<\/p>\n<p>Elektropn\u00f6matik K\u0131r\u0131c\u0131-Delici<\/p>\n<p>40Vmax \u2022 SDS-MAX \u2022 40 mm \u2022 8,0 J<\/p>\n<p><span style=\"color: rgb(0, 112, 192);\">Profesyoneller i\u00e7in y\u00fcksek performansl\u0131 elektropn\u00f6matik k\u0131r\u0131c\u0131-delici<\/span><\/p>\n<p>Beton, ta\u015f ve di\u011fer sert malzemelerde k\u0131rma ve delme i\u015flemleri i\u00e7in tasarlanm\u0131\u015f, g\u00fc\u00e7l\u00fc ve dayan\u0131kl\u0131 bir ak\u00fcl\u00fc k\u0131r\u0131c\u0131-delici matkap modelidir. 40V XGT Li-Ion ile \u00e7al\u0131\u015fan bu cihaz,8,0 J darbe g\u00fcc\u00fc ve SDS-MAX u\u00e7 sistemi sayesinde zorlu i\u015flerde \u00fcst\u00fcn performans sunar. Betonda 40 mm kapasiteye ve dakikada 250-500 bo\u015fta devire sahiptir. Anti-vibrasyon teknolojisi (AVT) d\u00fc\u015f\u00fck titre\u015fim seviyesiyle uzun s\u00fcreli kullan\u0131mlarda konfor sa\u011flar. Dakikada darbe say\u0131s\u0131 1.450-2.900\u2019d\u00fcr.Elektronik h\u0131z kontrol\u00fc, farkl\u0131 malzemelere uyum sa\u011flarken dayan\u0131kl\u0131 tasar\u0131m\u0131, zorlu \u015fantiye ko\u015fullar\u0131nda g\u00fcvenilir bir kullan\u0131m imk\u00e2n\u0131 sunar. Bu model, in\u015faat, tamirat ve profesyonel projelerde g\u00fc\u00e7l\u00fc bir yard\u0131mc\u0131d\u0131r.<\/p>\n<p><\/span><strong class=\"red-title\" style=\"font-size: 16px;\">Kullan\u0131m Amac\u0131:<\/strong> <span><\/p>\n<p><span style=\"color: red;\"> <\/span>Bu alet tu\u011fla, beton ve ta\u015f malzemelerde darbeli delme i\u015flemi ve yontma i\u015fi i\u00e7in tasarlanm\u0131\u015ft\u0131r.<\/p>\n<p><\/span><strong class=\"red-title\" style=\"font-size: 16px;\">\u00d6zellikler:<\/strong> <span><\/p>\n<p><\/p>\n<p>40V,AFT,XGT,AWS,AVT,SOFT NO LOAD,BL MOTOR,XPT<\/p>\n<p>XGT(Next Generation Technology Extreme Power); yenilik\u00e7i tasar\u0131m ve 40 volt ak\u00fclerle zorlu taleplerin kar\u015f\u0131land\u0131\u011f\u0131 in\u015faat,end\u00fcstri,bah\u00e7ecilik ve bir\u00e7ok alanda kullan\u0131labilen \u00fcr\u00fcnlerin kar\u0131\u015f\u0131m\u0131d\u0131r.XGT ak\u00fcleri son derece dayan\u0131kl\u0131 olacak \u015fekilde tasarlanm\u0131\u015f olup ak\u00fcleri su ge\u00e7irmez \u00fc\u00e7 katmanl\u0131 bir yap\u0131ya ve darbelere kar\u015f\u0131 korunakl\u0131 olacak \u015fekilde tasarlanm\u0131\u015ft\u0131r.<\/p>\n<p>BL Motor\/K\u00f6m\u00fcrs\u00fcz Motor mevcuttur. K\u00f6m\u00fcrs\u00fcz motor sayesinde \u00e7al\u0131\u015fma esnas\u0131nda olu\u015fan \u0131s\u0131 enerjisi kaybolmaz ve makinenin g\u00fcc\u00fcne iletilir.<\/p>\n<p>XPT(Ekstra Koruma Teknolojisi) sayesinde nemli ve ya\u011fmurlu ortamlarda kullan\u0131labilir. D\u00fc\u015fmeye kar\u015f\u0131 ekstra dayan\u0131kl\u0131d\u0131r<\/p>\n<p>AVT(Titre\u015fim \u00d6nleme Teknolojisi); \u00e7al\u0131\u015fma esnas\u0131nda olu\u015fan titre\u015fim, makine i\u00e7inde s\u00f6n\u00fcmlenir ve kullan\u0131c\u0131ya yans\u0131ma azalt\u0131l\u0131r. Kullan\u0131c\u0131 yorulmadan, uzun s\u00fcreli makineyi kullanabilir.<\/p>\n<p>AWS( Uzaktan Ba\u011flanma Teknolojisi);bluetooth ile makineleri birbirine ba\u011flama \u00f6zelli\u011fi sunar.<\/p>\n<p>Soft No Load(Yumu\u015fak Ba\u015flama Teknolojisi);makine ilk \u00e7al\u0131\u015ft\u0131\u011f\u0131 anda tam devrine ula\u015fmaz.Kademeli olarak devir artar ve b\u00f6ylece i\u015f par\u00e7as\u0131 zarar g\u00f6rmez.<\/p>\n<ol>\n<li data-list=\"ordered\"><span class=\"ql-ui\" contenteditable=\"false\"><\/span>De\u011fi\u015fken h\u0131z \u00f6zelli\u011fi vard\u0131r.<\/li>\n<li data-list=\"ordered\"><span class=\"ql-ui\" contenteditable=\"false\"><\/span>Yumu\u015fak ba\u015flama \u00f6zelli\u011fi mevcuttur<\/li>\n<li data-list=\"ordered\"><span class=\"ql-ui\" contenteditable=\"false\"><\/span><span style=\"color: black;\">Sabit h\u0131z \u00f6zelli\u011fi vard\u0131r.<\/span><\/li>\n<li data-list=\"ordered\"><span class=\"ql-ui\" contenteditable=\"false\"><\/span>Elektrik freni mevcuttur.<\/li>\n<li data-list=\"ordered\"><span class=\"ql-ui\" contenteditable=\"false\"><\/span>Sa\u011f-sol d\u00f6n\u00fc\u015f ayarl\u0131d\u0131r.<\/li>\n<li data-list=\"ordered\"><span class=\"ql-ui\" contenteditable=\"false\"><\/span>U\u00e7 s\u0131k\u0131\u015fmalar\u0131nda alet ve kullan\u0131c\u0131n\u0131n zarar g\u00f6rmesini \u00f6nlemek i\u00e7in tork s\u0131n\u0131rland\u0131r\u0131c\u0131 \u00f6zelli\u011fi vard\u0131r.<\/li>\n<li data-list=\"ordered\"><span class=\"ql-ui\" contenteditable=\"false\"><\/span>SDS-Max tip ba\u011flant\u0131 \u00f6zellikli k\u0131r\u0131c\u0131 ve delici u\u00e7lar ile kullan\u0131l\u0131r.<\/li>\n<li data-list=\"ordered\"><span class=\"ql-ui\" contenteditable=\"false\"><\/span>Toz emme \u00fcnitesi mevcuttur<\/li>\n<li data-list=\"ordered\"><span class=\"ql-ui\" contenteditable=\"false\"><\/span>Led \u0131\u015f\u0131\u011f\u0131 vard\u0131r<\/li>\n<li data-list=\"ordered\"><span class=\"ql-ui\" contenteditable=\"false\"><\/span>Plastik ta\u015f\u0131ma \u00e7antal\u0131d\u0131r.<\/li>\n<\/ol>\n<p><\/span><strong class=\"red-title\" style=\"font-size: 16px;\">Paket \u0130\u00e7eri\u011fi:<\/strong> <span><\/p>\n<p>Yan sap, derinlik mesnedi, gres ya\u011f\u0131, bez, \u00e7ift ak\u00fc, \u015farj cihaz\u0131.<\/p>\n<p><\/span><\/p>\n<table>\n<tr>\n<td>Kapasite<\/td>\n<td>Beton: 40 mm<\/td>\n<\/tr>\n<tr>\n<td>Bo\u015fta Devir<\/td>\n<td>250-500 devir\/dk<\/td>\n<\/tr>\n<tr>\n<td>Darbe enerjisi<\/td>\n<td>8.0 J<\/td>\n<\/tr>\n<tr>\n<td>G\u00fc\u00e7-Kapasite<\/td>\n<td>40V\/4.0Ah\/Li-ion<\/td>\n<\/tr>\n<tr>\n<td>Ak\u00fc \/ \u015earj Cihaz\u0131<\/td>\n<td>BL4040 \/ DC40RA<\/td>\n<\/tr>\n<tr>\n<td>Net A\u011f\u0131rl\u0131k<\/td>\n<td>7.8 <\/td>\n<\/tr>\n<\/table>\n","protected":false},"excerpt":{"rendered":"<p><strong class=\"red-title\" style=\"font-size: 16px;\">A\u00e7\u0131klama:<\/strong> <span><\/p>\n<p>Model HR005GM201<\/p>\n<p>Elektropn\u00f6matik K\u0131r\u0131c\u0131-Delici<\/p>\n<p>40Vmax \u2022 SDS-MAX \u2022 40 mm \u2022 8,0 J<\/p>\n<p><span style=\"color: rgb(0, 112, 192);\">Profesyoneller i\u00e7in y\u00fcksek performansl\u0131 elektropn\u00f6matik k\u0131r\u0131c\u0131-delici<\/span><\/p>\n<p>Beton, ta\u015f ve di\u011fer sert malzemelerde k\u0131rma ve delme i\u015flemleri i\u00e7in tasarlanm\u0131\u015f, g\u00fc\u00e7l\u00fc ve dayan\u0131kl\u0131 bir ak\u00fcl\u00fc k\u0131r\u0131c\u0131-delici matkap modelidir. 40V XGT Li-Ion ile \u00e7al\u0131\u015fan bu cihaz,8,0 J darbe g\u00fcc\u00fc ve SDS-MAX u\u00e7 sistemi sayesinde zorlu i\u015flerde \u00fcst\u00fcn performans sunar. Betonda 40 mm kapasiteye ve dakikada 250-500 bo\u015fta devire sahiptir. Anti-vibrasyon teknolojisi (AVT) d\u00fc\u015f\u00fck titre\u015fim seviyesiyle uzun s\u00fcreli kullan\u0131mlarda konfor sa\u011flar. Dakikada darbe say\u0131s\u0131 1.450-2.900\u2019d\u00fcr.Elektronik h\u0131z kontrol\u00fc, farkl\u0131 malzemelere uyum sa\u011flarken dayan\u0131kl\u0131 tasar\u0131m\u0131, zorlu \u015fantiye ko\u015fullar\u0131nda g\u00fcvenilir bir kullan\u0131m imk\u00e2n\u0131 sunar. Bu model, in\u015faat, tamirat ve profesyonel projelerde g\u00fc\u00e7l\u00fc bir yard\u0131mc\u0131d\u0131r.<\/p>\n<p><\/span><strong class=\"red-title\" style=\"font-size: 16px;\">Kullan\u0131m Amac\u0131:<\/strong> <span><\/p>\n<p><span style=\"color: red;\"> <\/span>Bu alet tu\u011fla, beton ve ta\u015f malzemelerde darbeli delme i\u015flemi ve yontma i\u015fi i\u00e7in tasarlanm\u0131\u015ft\u0131r.<\/p>\n<p><\/span><strong class=\"red-title\" style=\"font-size: 16px;\">\u00d6zellikler:<\/strong> <span><\/p>\n<p><\/p>\n<p>40V,AFT,XGT,AWS,AVT,SOFT NO LOAD,BL MOTOR,XPT<\/p>\n<p>XGT(Next Generation Technology Extreme Power); yenilik\u00e7i tasar\u0131m ve 40 volt ak\u00fclerle zorlu taleplerin kar\u015f\u0131land\u0131\u011f\u0131 in\u015faat,end\u00fcstri,bah\u00e7ecilik ve bir\u00e7ok alanda kullan\u0131labilen \u00fcr\u00fcnlerin kar\u0131\u015f\u0131m\u0131d\u0131r.XGT ak\u00fcleri son derece dayan\u0131kl\u0131 olacak \u015fekilde tasarlanm\u0131\u015f olup ak\u00fcleri su ge\u00e7irmez \u00fc\u00e7 katmanl\u0131 bir yap\u0131ya ve darbelere kar\u015f\u0131 korunakl\u0131 olacak \u015fekilde tasarlanm\u0131\u015ft\u0131r.<\/p>\n<p>BL Motor\/K\u00f6m\u00fcrs\u00fcz Motor mevcuttur. K\u00f6m\u00fcrs\u00fcz motor sayesinde \u00e7al\u0131\u015fma esnas\u0131nda olu\u015fan \u0131s\u0131 enerjisi kaybolmaz ve makinenin g\u00fcc\u00fcne iletilir.<\/p>\n<p>XPT(Ekstra Koruma Teknolojisi) sayesinde nemli ve ya\u011fmurlu ortamlarda kullan\u0131labilir. D\u00fc\u015fmeye kar\u015f\u0131 ekstra dayan\u0131kl\u0131d\u0131r<\/p>\n<p>AVT(Titre\u015fim \u00d6nleme Teknolojisi); \u00e7al\u0131\u015fma esnas\u0131nda olu\u015fan titre\u015fim, makine i\u00e7inde s\u00f6n\u00fcmlenir ve kullan\u0131c\u0131ya yans\u0131ma azalt\u0131l\u0131r. Kullan\u0131c\u0131 yorulmadan, uzun s\u00fcreli makineyi kullanabilir.<\/p>\n<p>AWS( Uzaktan Ba\u011flanma Teknolojisi);bluetooth ile makineleri birbirine ba\u011flama \u00f6zelli\u011fi sunar.<\/p>\n<p>Soft No Load(Yumu\u015fak Ba\u015flama Teknolojisi);makine ilk \u00e7al\u0131\u015ft\u0131\u011f\u0131 anda tam devrine ula\u015fmaz.Kademeli olarak devir artar ve b\u00f6ylece i\u015f par\u00e7as\u0131 zarar g\u00f6rmez.<\/p>\n<ol>\n<li data-list=\"ordered\"><span class=\"ql-ui\" contenteditable=\"false\"><\/span>De\u011fi\u015fken h\u0131z \u00f6zelli\u011fi vard\u0131r.<\/li>\n<li data-list=\"ordered\"><span class=\"ql-ui\" contenteditable=\"false\"><\/span>Yumu\u015fak ba\u015flama \u00f6zelli\u011fi mevcuttur<\/li>\n<li data-list=\"ordered\"><span class=\"ql-ui\" contenteditable=\"false\"><\/span><span style=\"color: black;\">Sabit h\u0131z \u00f6zelli\u011fi vard\u0131r.<\/span><\/li>\n<li data-list=\"ordered\"><span class=\"ql-ui\" contenteditable=\"false\"><\/span>Elektrik freni mevcuttur.<\/li>\n<li data-list=\"ordered\"><span class=\"ql-ui\" contenteditable=\"false\"><\/span>Sa\u011f-sol d\u00f6n\u00fc\u015f ayarl\u0131d\u0131r.<\/li>\n<li data-list=\"ordered\"><span class=\"ql-ui\" contenteditable=\"false\"><\/span>U\u00e7 s\u0131k\u0131\u015fmalar\u0131nda alet ve kullan\u0131c\u0131n\u0131n zarar g\u00f6rmesini \u00f6nlemek i\u00e7in tork s\u0131n\u0131rland\u0131r\u0131c\u0131 \u00f6zelli\u011fi vard\u0131r.<\/li>\n<li data-list=\"ordered\"><span class=\"ql-ui\" contenteditable=\"false\"><\/span>SDS-Max tip ba\u011flant\u0131 \u00f6zellikli k\u0131r\u0131c\u0131 ve delici u\u00e7lar ile kullan\u0131l\u0131r.<\/li>\n<li data-list=\"ordered\"><span class=\"ql-ui\" contenteditable=\"false\"><\/span>Toz emme \u00fcnitesi mevcuttur<\/li>\n<li data-list=\"ordered\"><span class=\"ql-ui\" contenteditable=\"false\"><\/span>Led \u0131\u015f\u0131\u011f\u0131 vard\u0131r<\/li>\n<li data-list=\"ordered\"><span class=\"ql-ui\" contenteditable=\"false\"><\/span>Plastik ta\u015f\u0131ma \u00e7antal\u0131d\u0131r.<\/li>\n<\/ol>\n<p><\/span><strong class=\"red-title\" style=\"font-size: 16px;\">Paket \u0130\u00e7eri\u011fi:<\/strong> <span><\/p>\n<p>Yan sap, derinlik mesnedi, gres ya\u011f\u0131, bez, \u00e7ift ak\u00fc, \u015farj cihaz\u0131.<\/p>\n<p><\/span><\/p>\n","protected":false},"featured_media":8157,"comment_status":"open","ping_status":"closed","template":"","meta":{"_acf_changed":false},"product_brand":[1485],"product_cat":[785],"product_tag":[],"class_list":{"0":"post-22633","1":"product","2":"type-product","3":"status-publish","4":"has-post-thumbnail","6":"product_brand-makita","7":"product_cat-40-volt","9":"first","10":"instock","11":"taxable","12":"shipping-taxable","13":"purchasable","14":"product-type-simple","15":"add-to-wishlist-after_add_to_cart"},"acf":[],"_links":{"self":[{"href":"https:\/\/www.makitamarket.com.tr\/site\/wp-json\/wp\/v2\/product\/22633","targetHints":{"allow":["GET"]}}],"collection":[{"href":"https:\/\/www.makitamarket.com.tr\/site\/wp-json\/wp\/v2\/product"}],"about":[{"href":"https:\/\/www.makitamarket.com.tr\/site\/wp-json\/wp\/v2\/types\/product"}],"replies":[{"embeddable":true,"href":"https:\/\/www.makitamarket.com.tr\/site\/wp-json\/wp\/v2\/comments?post=22633"}],"wp:featuredmedia":[{"embeddable":true,"href":"https:\/\/www.makitamarket.com.tr\/site\/wp-json\/wp\/v2\/media\/8157"}],"wp:attachment":[{"href":"https:\/\/www.makitamarket.com.tr\/site\/wp-json\/wp\/v2\/media?parent=22633"}],"wp:term":[{"taxonomy":"product_brand","embeddable":true,"href":"https:\/\/www.makitamarket.com.tr\/site\/wp-json\/wp\/v2\/product_brand?post=22633"},{"taxonomy":"product_cat","embeddable":true,"href":"https:\/\/www.makitamarket.com.tr\/site\/wp-json\/wp\/v2\/product_cat?post=22633"},{"taxonomy":"product_tag","embeddable":true,"href":"https:\/\/www.makitamarket.com.tr\/site\/wp-json\/wp\/v2\/product_tag?post=22633"}],"curies":[{"name":"wp","href":"https:\/\/api.w.org\/{rel}","templated":true}]}}