{"id":22643,"date":"2025-01-06T16:33:48","date_gmt":"2025-01-06T13:33:48","guid":{"rendered":"https:\/\/www.makitamarket.com.tr\/site\/urun\/turcoboor-80-4-manyetik-matkap\/"},"modified":"2026-03-30T07:06:51","modified_gmt":"2026-03-30T04:06:51","slug":"turcoboor-80-4-manyetik-matkap","status":"publish","type":"product","link":"https:\/\/www.makitamarket.com.tr\/site\/urun\/turcoboor-80-4-manyetik-matkap\/","title":{"rendered":"Turcoboor 80\/4 MANYET\u0130K MATKAP"},"content":{"rendered":"<table>\n<tr>\n<td>Kesici U\u00e7 ile Delme \u00c7ap\u0131<\/td>\n<td>\u00d8 12-80<\/td>\n<\/tr>\n<tr>\n<td>Matkap Ucuyla Delme<\/td>\n<td>\u00d8 1-32 mm<\/td>\n<\/tr>\n<tr>\n<td>Sap Kal\u0131nl\u0131\u011f\u0131<\/td>\n<td>MK3-19mm Weldon<\/td>\n<\/tr>\n<tr>\n<td>Mil Hareketi<\/td>\n<td>260 mm<\/td>\n<\/tr>\n<tr>\n<td>H\u0131z<\/td>\n<td>(I)200 dev\/dak, (II)320 dev\/dak, (III)415 dev\/dak, (IV)650 dev\/dak<\/td>\n<\/tr>\n<tr>\n<td>Motor G\u00fcc\u00fc<\/td>\n<td>1700 W<\/td>\n<\/tr>\n<tr>\n<td>Manyetik Kuvvet<\/td>\n<td>3000 kg<\/td>\n<\/tr>\n<tr>\n<td>Manyetik Taban (U x G)<\/td>\n<td>220x110x64<\/td>\n<\/tr>\n<tr>\n<td>A\u011f\u0131rl\u0131k<\/td>\n<td>28<\/td>\n<\/tr>\n<tr>\n<td>Uzunluk<\/td>\n<td>365<\/td>\n<\/tr>\n<tr>\n<td>Geni\u015flik<\/td>\n<td>310<\/td>\n<\/tr>\n<tr>\n<td>Y\u00fckseklik<\/td>\n<td>510-710<\/td>\n<\/tr>\n<\/table>\n","protected":false},"excerpt":{"rendered":"<p>Kesici U\u00e7 ile Delme \u00c7ap\u0131 \u00d8 12-80 Matkap Ucuyla Delme \u00d8 1-32 mm Sap Kal\u0131nl\u0131\u011f\u0131 MK3-19mm Weldon Mil Hareketi 260 mm H\u0131z (I)200 dev\/dak, (II)320 dev\/dak, (III)415 dev\/dak, (IV)650 dev\/dak<\/p>\n","protected":false},"featured_media":8175,"comment_status":"open","ping_status":"closed","template":"","meta":{"_acf_changed":false},"product_brand":[1506],"product_cat":[765],"product_tag":[],"class_list":{"0":"post-22643","1":"product","2":"type-product","3":"status-publish","4":"has-post-thumbnail","6":"product_brand-turcoboor","7":"product_cat-manyetik-matkaplar","9":"first","10":"instock","11":"taxable","12":"shipping-taxable","13":"purchasable","14":"product-type-simple","15":"add-to-wishlist-after_add_to_cart"},"acf":[],"_links":{"self":[{"href":"https:\/\/www.makitamarket.com.tr\/site\/wp-json\/wp\/v2\/product\/22643","targetHints":{"allow":["GET"]}}],"collection":[{"href":"https:\/\/www.makitamarket.com.tr\/site\/wp-json\/wp\/v2\/product"}],"about":[{"href":"https:\/\/www.makitamarket.com.tr\/site\/wp-json\/wp\/v2\/types\/product"}],"replies":[{"embeddable":true,"href":"https:\/\/www.makitamarket.com.tr\/site\/wp-json\/wp\/v2\/comments?post=22643"}],"wp:featuredmedia":[{"embeddable":true,"href":"https:\/\/www.makitamarket.com.tr\/site\/wp-json\/wp\/v2\/media\/8175"}],"wp:attachment":[{"href":"https:\/\/www.makitamarket.com.tr\/site\/wp-json\/wp\/v2\/media?parent=22643"}],"wp:term":[{"taxonomy":"product_brand","embeddable":true,"href":"https:\/\/www.makitamarket.com.tr\/site\/wp-json\/wp\/v2\/product_brand?post=22643"},{"taxonomy":"product_cat","embeddable":true,"href":"https:\/\/www.makitamarket.com.tr\/site\/wp-json\/wp\/v2\/product_cat?post=22643"},{"taxonomy":"product_tag","embeddable":true,"href":"https:\/\/www.makitamarket.com.tr\/site\/wp-json\/wp\/v2\/product_tag?post=22643"}],"curies":[{"name":"wp","href":"https:\/\/api.w.org\/{rel}","templated":true}]}}