{"id":22660,"date":"2025-01-06T16:33:55","date_gmt":"2025-01-06T13:33:55","guid":{"rendered":"https:\/\/www.makitamarket.com.tr\/site\/urun\/makita-ls1019l-cift-surgulu-gonye-kesme-makinasi\/"},"modified":"2026-03-30T07:07:51","modified_gmt":"2026-03-30T04:07:51","slug":"makita-ls1019l-cift-surgulu-gonye-kesme-makinasi","status":"publish","type":"product","link":"https:\/\/www.makitamarket.com.tr\/site\/urun\/makita-ls1019l-cift-surgulu-gonye-kesme-makinasi\/","title":{"rendered":"Makita LS1019L \u00c7\u0130FT S\u00dcRG\u00dcL\u00dc G\u00d6NYE KESME MAK\u0130NASI"},"content":{"rendered":"<p>Model LS1019L<\/p>\n<p>\u00c7ift S\u00fcrg\u00fcl\u00fc<\/p>\n<p><span style=\"color: black; background-color: white;\">1.510 W \u2022 260 mm \u2022 3.200 dak\u207b\u00b9<\/span><\/p>\n<p><strong style=\"color: rgb(0, 112, 192);\">Ah\u015fap ve al\u00fcminyum i\u00e7in profesyonel \u00e7ift s\u00fcrg\u00fcl\u00fc g\u00f6nye kesme modeli<\/strong><\/p>\n<p>Ah\u015fap, al\u00fcminyum ve benzeri malzemelerde hassas ve g\u00fc\u00e7l\u00fc kesimler yapmak i\u00e7in tasarlanm\u0131\u015f profesyonel \u00e7ift s\u00fcrg\u00fcl\u00fc g\u00f6nye kesme modelidir.<span style=\"color: rgb(33, 37, 41);\"> 1.510 W motor g\u00fcc\u00fc ve 260 mm b\u0131\u00e7ak \u00e7ap\u0131na sahiptir.<\/span>90\u00b068-91&#215;279-310 mm ve <span style=\"color: rgb(33, 37, 41);\">45\u00b0 68-91&#215;197-218 mm<\/span> g\u00f6nye ayar kapasitesi ile <span style=\"color: rgb(33, 37, 41);\">hassas a\u00e7\u0131 kesimlerinde \u00fcst\u00fcn performans sunar.<\/span> Dakikada 3.200 bo\u015fta devire sahiptir. Entegre lazer k\u0131lavuz ve toz toplama sistemi sayesinde daha hassas ve temiz kesimler sunar. Ergonomik tasar\u0131m\u0131 ve sa\u011flam yap\u0131s\u0131yla genellikle marangozluk, mobilya yap\u0131m\u0131 ve in\u015faat projelerinde profesyonel kullan\u0131c\u0131lar taraf\u0131ndan tercih edilir.<\/p>\n<p><span style=\"color: red;\">Kullan\u0131m amac\u0131: <\/span>Bu alet,ah\u015fap malzemede d\u00fcz ve g\u00f6nyeli hassas kesimler yapmak i\u00e7in tasarlanm\u0131\u015ft\u0131r. Uygun testere b\u0131\u00e7aklar\u0131 ile al\u00fcminyum da kesilebilir.<\/p>\n<p><u>\u00d6zellikleri:<\/u><\/p>\n<p><span style=\"color: red;\">G\u00fc\u00e7 Kayna\u011f\u0131:<\/span>Aletin,yaln\u0131zca isim levhas\u0131nda belirtilen ayn\u0131 voltajl\u0131 g\u00fc\u00e7 kayna\u011f\u0131na ba\u011flanmas\u0131 gerekir ve yaln\u0131zca tek fazl\u0131 AC g\u00fc\u00e7 kayna\u011f\u0131yla \u00e7al\u0131\u015ft\u0131r\u0131labilir. \u00c7ifte yal\u0131t\u0131ml\u0131d\u0131r ve topraklamas\u0131z prizlerle de kullan\u0131labilir.<\/p>\n<ol>\n<li data-list=\"bullet\"><span class=\"ql-ui\" contenteditable=\"false\"><\/span>\u00c7ift yal\u0131t\u0131ml\u0131d\u0131r.<\/li>\n<li data-list=\"bullet\"><span class=\"ql-ui\" contenteditable=\"false\"><\/span><span style=\"color: black;\">Sabit h\u0131z \u00f6zelli\u011fi vard\u0131r.<\/span><\/li>\n<li data-list=\"bullet\"><span class=\"ql-ui\" contenteditable=\"false\"><\/span>Yumu\u015fak ba\u015flama \u00f6zelli\u011fi mevcuttur.<\/li>\n<li data-list=\"bullet\"><span class=\"ql-ui\" contenteditable=\"false\"><\/span>Elektrik freni mevcuttur.<\/li>\n<li data-list=\"bullet\"><span class=\"ql-ui\" contenteditable=\"false\"><\/span>Toz emme \u00fcnitesi mevcuttur.<\/li>\n<li data-list=\"bullet\"><span class=\"ql-ui\" contenteditable=\"false\"><\/span>45 derece sa\u011f-sol a\u00e7\u0131l\u0131 kesme<\/li>\n<li data-list=\"bullet\"><span class=\"ql-ui\" contenteditable=\"false\"><\/span>Lazer i\u015faretleyicisi<\/li>\n<\/ol>\n<p>Ambalaj i\u00e7eri\u011fi: TCT kesim b\u0131\u00e7a\u011f\u0131, toz torbas\u0131,\u00fc\u00e7gen g\u00f6nye, d\u00fc\u015fey k\u0131ska\u00e7, anahtar<\/p>\n<table>\n<tr>\n<td>S\u00fcrekli Ak\u0131m Giri\u015fi<\/td>\n<td>1510W<\/td>\n<\/tr>\n<tr>\n<td>Kapasite<\/td>\n<td>90\u00b0 : 91&#215;279 mm, 45\u00b0 : 91&#215;197 mm<\/td>\n<\/tr>\n<tr>\n<td>Testere \u00d6l\u00e7\u00fcleri<\/td>\n<td>260&#215;30 mm<\/td>\n<\/tr>\n<tr>\n<td>Bo\u015fta Devir<\/td>\n<td>3.200devir\/dak<\/td>\n<\/tr>\n<tr>\n<td>Net A\u011f\u0131rl\u0131k<\/td>\n<td>26.3 kg<\/td>\n<\/tr>\n<tr>\n<td>Ak\u0131m<\/td>\n<td>6.9Ah<\/td>\n<\/tr>\n<\/table>\n","protected":false},"excerpt":{"rendered":"<p>Model LS1019L<\/p>\n<p>\u00c7ift S\u00fcrg\u00fcl\u00fc<\/p>\n<p><span style=\"color: black; background-color: white;\">1.510 W \u2022 260 mm \u2022 3.200 dak\u207b\u00b9<\/span><\/p>\n<p><strong style=\"color: rgb(0, 112, 192);\">Ah\u015fap ve al\u00fcminyum i\u00e7in profesyonel \u00e7ift s\u00fcrg\u00fcl\u00fc g\u00f6nye kesme modeli<\/strong><\/p>\n<p>Ah\u015fap, al\u00fcminyum ve benzeri malzemelerde hassas ve g\u00fc\u00e7l\u00fc kesimler yapmak i\u00e7in tasarlanm\u0131\u015f profesyonel \u00e7ift s\u00fcrg\u00fcl\u00fc g\u00f6nye kesme modelidir.<span style=\"color: rgb(33, 37, 41);\"> 1.510 W motor g\u00fcc\u00fc ve 260 mm b\u0131\u00e7ak \u00e7ap\u0131na sahiptir.<\/span>90\u00b068-91&#215;279-310 mm ve <span style=\"color: rgb(33, 37, 41);\">45\u00b0 68-91&#215;197-218 mm<\/span> g\u00f6nye ayar kapasitesi ile <span style=\"color: rgb(33, 37, 41);\">hassas a\u00e7\u0131 kesimlerinde \u00fcst\u00fcn performans sunar.<\/span> Dakikada 3.200 bo\u015fta devire sahiptir. Entegre lazer k\u0131lavuz ve toz toplama sistemi sayesinde daha hassas ve temiz kesimler sunar. Ergonomik tasar\u0131m\u0131 ve sa\u011flam yap\u0131s\u0131yla genellikle marangozluk, mobilya yap\u0131m\u0131 ve in\u015faat projelerinde profesyonel kullan\u0131c\u0131lar taraf\u0131ndan tercih edilir.<\/p>\n<p><span style=\"color: red;\">Kullan\u0131m amac\u0131: <\/span>Bu alet,ah\u015fap malzemede d\u00fcz ve g\u00f6nyeli hassas kesimler yapmak i\u00e7in tasarlanm\u0131\u015ft\u0131r. Uygun testere b\u0131\u00e7aklar\u0131 ile al\u00fcminyum da kesilebilir.<\/p>\n<p><u>\u00d6zellikleri:<\/u><\/p>\n<p><span style=\"color: red;\">G\u00fc\u00e7 Kayna\u011f\u0131:<\/span>Aletin,yaln\u0131zca isim levhas\u0131nda belirtilen ayn\u0131 voltajl\u0131 g\u00fc\u00e7 kayna\u011f\u0131na ba\u011flanmas\u0131 gerekir ve yaln\u0131zca tek fazl\u0131 AC g\u00fc\u00e7 kayna\u011f\u0131yla \u00e7al\u0131\u015ft\u0131r\u0131labilir. \u00c7ifte yal\u0131t\u0131ml\u0131d\u0131r ve topraklamas\u0131z prizlerle de kullan\u0131labilir.<\/p>\n<ol>\n<li data-list=\"bullet\"><span class=\"ql-ui\" contenteditable=\"false\"><\/span>\u00c7ift yal\u0131t\u0131ml\u0131d\u0131r.<\/li>\n<li data-list=\"bullet\"><span class=\"ql-ui\" contenteditable=\"false\"><\/span><span style=\"color: black;\">Sabit h\u0131z \u00f6zelli\u011fi vard\u0131r.<\/span><\/li>\n<li data-list=\"bullet\"><span class=\"ql-ui\" contenteditable=\"false\"><\/span>Yumu\u015fak ba\u015flama \u00f6zelli\u011fi mevcuttur.<\/li>\n<li data-list=\"bullet\"><span class=\"ql-ui\" contenteditable=\"false\"><\/span>Elektrik freni mevcuttur.<\/li>\n<li data-list=\"bullet\"><span class=\"ql-ui\" contenteditable=\"false\"><\/span>Toz emme \u00fcnitesi mevcuttur.<\/li>\n<li data-list=\"bullet\"><span class=\"ql-ui\" contenteditable=\"false\"><\/span>45 derece sa\u011f-sol a\u00e7\u0131l\u0131 kesme<\/li>\n<li data-list=\"bullet\"><span class=\"ql-ui\" contenteditable=\"false\"><\/span>Lazer i\u015faretleyicisi<\/li>\n<\/ol>\n<p>Ambalaj i\u00e7eri\u011fi: TCT kesim b\u0131\u00e7a\u011f\u0131, toz torbas\u0131,\u00fc\u00e7gen g\u00f6nye, d\u00fc\u015fey k\u0131ska\u00e7, anahtar<\/p>\n","protected":false},"featured_media":8254,"comment_status":"open","ping_status":"closed","template":"","meta":{"_acf_changed":false},"product_brand":[1485],"product_cat":[818],"product_tag":[],"class_list":{"0":"post-22660","1":"product","2":"type-product","3":"status-publish","4":"has-post-thumbnail","6":"product_brand-makita","7":"product_cat-gonye-kesme-makinalari","9":"first","10":"instock","11":"taxable","12":"shipping-taxable","13":"purchasable","14":"product-type-simple","15":"add-to-wishlist-after_add_to_cart"},"acf":[],"_links":{"self":[{"href":"https:\/\/www.makitamarket.com.tr\/site\/wp-json\/wp\/v2\/product\/22660","targetHints":{"allow":["GET"]}}],"collection":[{"href":"https:\/\/www.makitamarket.com.tr\/site\/wp-json\/wp\/v2\/product"}],"about":[{"href":"https:\/\/www.makitamarket.com.tr\/site\/wp-json\/wp\/v2\/types\/product"}],"replies":[{"embeddable":true,"href":"https:\/\/www.makitamarket.com.tr\/site\/wp-json\/wp\/v2\/comments?post=22660"}],"wp:featuredmedia":[{"embeddable":true,"href":"https:\/\/www.makitamarket.com.tr\/site\/wp-json\/wp\/v2\/media\/8254"}],"wp:attachment":[{"href":"https:\/\/www.makitamarket.com.tr\/site\/wp-json\/wp\/v2\/media?parent=22660"}],"wp:term":[{"taxonomy":"product_brand","embeddable":true,"href":"https:\/\/www.makitamarket.com.tr\/site\/wp-json\/wp\/v2\/product_brand?post=22660"},{"taxonomy":"product_cat","embeddable":true,"href":"https:\/\/www.makitamarket.com.tr\/site\/wp-json\/wp\/v2\/product_cat?post=22660"},{"taxonomy":"product_tag","embeddable":true,"href":"https:\/\/www.makitamarket.com.tr\/site\/wp-json\/wp\/v2\/product_tag?post=22660"}],"curies":[{"name":"wp","href":"https:\/\/api.w.org\/{rel}","templated":true}]}}