{"id":22669,"date":"2025-01-06T16:33:59","date_gmt":"2025-01-06T13:33:59","guid":{"rendered":"https:\/\/www.makitamarket.com.tr\/site\/urun\/scheppach-basa4-serit-testere\/"},"modified":"2026-01-23T12:02:30","modified_gmt":"2026-01-23T09:02:30","slug":"scheppach-basa4-serit-testere","status":"publish","type":"product","link":"https:\/\/www.makitamarket.com.tr\/site\/urun\/scheppach-basa4-serit-testere\/","title":{"rendered":"Scheppach BASA4 \u015eER\u0130T TESTERE"},"content":{"rendered":"<table>\n<tr>\n<td>Ebatlar (UxGxY)<\/td>\n<td>1050x600x1940 mm<\/td>\n<\/tr>\n<tr>\n<td>Tabla \u00d6l\u00e7\u00fcleri<\/td>\n<td>400 x 548 mm<\/td>\n<\/tr>\n<tr>\n<td>Tabla Ayar\u0131<\/td>\n<td>-17\/+45\u00b0<\/td>\n<\/tr>\n<tr>\n<td>Kasnak \u00c7ap\u0131<\/td>\n<td>380 mm<\/td>\n<\/tr>\n<tr>\n<td>Testere Uzunlu\u011fu<\/td>\n<td>2895 mm<\/td>\n<\/tr>\n<tr>\n<td>Kesim H\u0131z\u0131<\/td>\n<td>700-1000 m\/dak<\/td>\n<\/tr>\n<tr>\n<td>Motor<\/td>\n<td>220-240V ~\/50 Hz<\/td>\n<\/tr>\n<tr>\n<td>Giri\u015f<\/td>\n<td>1500 W<\/td>\n<\/tr>\n<tr>\n<td>A\u011f\u0131rl\u0131k<\/td>\n<td>107 kg<\/td>\n<\/tr>\n<tr>\n<td>H\u0131z Ayar\u0131<\/td>\n<td>2 kademeli<\/td>\n<\/tr>\n<tr>\n<td>Kesme Kapasitesi<\/td>\n<td>250 x 375 mm<\/td>\n<\/tr>\n<\/table>\n","protected":false},"excerpt":{"rendered":"<p>Ebatlar (UxGxY) 1050x600x1940 mm Tabla \u00d6l\u00e7\u00fcleri 400 x 548 mm Tabla Ayar\u0131 -17\/+45\u00b0 Kasnak \u00c7ap\u0131 380 mm Testere Uzunlu\u011fu 2895 mm Kesim H\u0131z\u0131 700-1000 m\/dak Motor 220-240V ~\/50 Hz Giri\u015f<\/p>\n","protected":false},"featured_media":8305,"comment_status":"open","ping_status":"closed","template":"","meta":{"_acf_changed":false},"product_brand":[1514],"product_cat":[828],"product_tag":[],"class_list":{"0":"post-22669","1":"product","2":"type-product","3":"status-publish","4":"has-post-thumbnail","6":"product_brand-scheppach","7":"product_cat-serit-testere-makinalari","9":"first","10":"outofstock","11":"taxable","12":"shipping-taxable","13":"purchasable","14":"product-type-simple","15":"add-to-wishlist-after_add_to_cart"},"acf":[],"_links":{"self":[{"href":"https:\/\/www.makitamarket.com.tr\/site\/wp-json\/wp\/v2\/product\/22669","targetHints":{"allow":["GET"]}}],"collection":[{"href":"https:\/\/www.makitamarket.com.tr\/site\/wp-json\/wp\/v2\/product"}],"about":[{"href":"https:\/\/www.makitamarket.com.tr\/site\/wp-json\/wp\/v2\/types\/product"}],"replies":[{"embeddable":true,"href":"https:\/\/www.makitamarket.com.tr\/site\/wp-json\/wp\/v2\/comments?post=22669"}],"wp:featuredmedia":[{"embeddable":true,"href":"https:\/\/www.makitamarket.com.tr\/site\/wp-json\/wp\/v2\/media\/8305"}],"wp:attachment":[{"href":"https:\/\/www.makitamarket.com.tr\/site\/wp-json\/wp\/v2\/media?parent=22669"}],"wp:term":[{"taxonomy":"product_brand","embeddable":true,"href":"https:\/\/www.makitamarket.com.tr\/site\/wp-json\/wp\/v2\/product_brand?post=22669"},{"taxonomy":"product_cat","embeddable":true,"href":"https:\/\/www.makitamarket.com.tr\/site\/wp-json\/wp\/v2\/product_cat?post=22669"},{"taxonomy":"product_tag","embeddable":true,"href":"https:\/\/www.makitamarket.com.tr\/site\/wp-json\/wp\/v2\/product_tag?post=22669"}],"curies":[{"name":"wp","href":"https:\/\/api.w.org\/{rel}","templated":true}]}}