{"id":22673,"date":"2025-01-06T16:34:02","date_gmt":"2025-01-06T13:34:02","guid":{"rendered":"https:\/\/www.makitamarket.com.tr\/site\/urun\/makita-tw001gm201-darbeli-somun-sikma-40v\/"},"modified":"2026-04-13T19:00:56","modified_gmt":"2026-04-13T16:00:56","slug":"makita-tw001gm201-darbeli-somun-sikma-40v","status":"publish","type":"product","link":"https:\/\/www.makitamarket.com.tr\/site\/urun\/makita-tw001gm201-darbeli-somun-sikma-40v\/","title":{"rendered":"Makita TW001GM201 DARBEL\u0130 SOMUN SIKMA 40V"},"content":{"rendered":"<p>Model TW001GM201<\/p>\n<p>Darbeli Somun S\u0131kma \u00be\u201d(19mm)<\/p>\n<p>40V maks. \u2022 3\/4&#8243; \u2022 1 800 Nm \u2022 0 \u2013 1.800 dak\u207b\u00b9<\/p>\n<p><span style=\"color: rgb(0, 112, 192);\">A\u011f\u0131r i\u015fler i\u00e7in elektronik d\u00f6rt kademeli g\u00fc\u00e7 ayarlar\u0131na sahip y\u00fcksek torklu, k\u00f6m\u00fcrs\u00fcz darbeli somun s\u0131kma<\/span><\/p>\n<p>1.800 Nm&#8217;ye kadar s\u0131kma torkuna sahip g\u00fc\u00e7l\u00fc, k\u00f6m\u00fcrs\u00fcz darbeli somun s\u0131kma modelidir. Elektronik 4 kademeli g\u00fc\u00e7 se\u00e7imi ve Ek ayd\u0131nlatma i\u00e7in 2 x ikiz LED \u0131\u015f\u0131kla donat\u0131lm\u0131\u015f olan bu alet, y\u00fcksek s\u0131kma torku gerektiren uygulamalar i\u00e7in idealdir.<\/p>\n<p><span style=\"color: red;\">Kullan\u0131m amac\u0131: <\/span>Bu aletin c\u0131vata ve somunlar\u0131 s\u0131kmak i\u00e7in kullan\u0131lmas\u0131 ama\u00e7lanm\u0131\u015ft\u0131r.<\/p>\n<p><u>\u00d6zellikleri:<\/u><\/p>\n<p>40Vmax, XGT,BL MOTOR,XPT<\/p>\n<p>XGT(Next Generation Technology Extreme Power); yenilik\u00e7i tasar\u0131m ve 40 volt ak\u00fclerle zorlu taleplerin kar\u015f\u0131land\u0131\u011f\u0131 in\u015faat,end\u00fcstri,bah\u00e7ecilik ve bir\u00e7ok alanda kullan\u0131labilen \u00fcr\u00fcnlerin kar\u0131\u015f\u0131m\u0131d\u0131r.XGT ak\u00fcleri son derece dayan\u0131kl\u0131 olacak \u015fekilde tasarlanm\u0131\u015f olup ak\u00fcleri su ge\u00e7irmez \u00fc\u00e7 katmanl\u0131 bir yap\u0131ya ve darbelere kar\u015f\u0131 korunakl\u0131 olacak \u015fekilde tasarlanm\u0131\u015ft\u0131r.<\/p>\n<p>BL Motor\/K\u00f6m\u00fcrs\u00fcz Motor mevcuttur. K\u00f6m\u00fcrs\u00fcz motor sayesinde \u00e7al\u0131\u015fma esnas\u0131nda olu\u015fan \u0131s\u0131 enerjisi kaybolmaz ve makinenin g\u00fcc\u00fcne iletilir.<\/p>\n<p>XPT(Ekstra Koruma Teknolojisi) sayesinde nemli ve ya\u011fmurlu ortamlarda kullan\u0131labilir. D\u00fc\u015fmeye kar\u015f\u0131 ekstra dayan\u0131kl\u0131d\u0131r.<\/p>\n<ol>\n<li data-list=\"ordered\"><span class=\"ql-ui\" contenteditable=\"false\"><\/span>De\u011fi\u015fken h\u0131z \u00f6zelli\u011fi vard\u0131r.<\/li>\n<li data-list=\"ordered\"><span class=\"ql-ui\" contenteditable=\"false\"><\/span>Elektrik freni mevcuttur.<\/li>\n<li data-list=\"ordered\"><span class=\"ql-ui\" contenteditable=\"false\"><\/span>Sa\u011f-sol d\u00f6n\u00fc\u015f ayarl\u0131d\u0131r.<\/li>\n<li data-list=\"ordered\"><span class=\"ql-ui\" contenteditable=\"false\"><\/span>Otomatik h\u0131z 4 mevcuttur.<\/li>\n<li data-list=\"ordered\"><span class=\"ql-ui\" contenteditable=\"false\"><\/span>Led \u0131\u015f\u0131\u011f\u0131 vard\u0131r<\/li>\n<li data-list=\"ordered\"><span class=\"ql-ui\" contenteditable=\"false\"><\/span>Plastik ta\u015f\u0131ma \u00e7antal\u0131d\u0131r.<\/li>\n<\/ol>\n<p>Bo\u015fta devir Maks \/ Sert \/ Orta \/ Yumu\u015fak :&nbsp;<strong>0-1800 \/ 1.400\/ 1.150 \/ 950 dev\/dk<\/strong><\/p>\n<p>Darbe say\u0131s\u0131 Maks \/ Sert \/ Orta \/ Yumu\u015fak :&nbsp;<strong>0-2.500 \/ 2.400 \/ 2.200 \/ 1.900 dar\/dk<\/strong><\/p>\n<p><strong>S\u00f6kme Torku:2050N.m<\/strong><\/p>\n<p><strong>Ambalaj i\u00e7eri\u011fi:Bel kancas\u0131,\u00e7ift ak\u00fc,\u015farj cihaz\u0131<\/strong><\/p>\n<table>\n<tr>\n<td>Kapasite<\/td>\n<td>Standart civata : M12-M36, Y\u00fcksek germeli civata : M10-M27<\/td>\n<\/tr>\n<tr>\n<td>Maksimum Tork<\/td>\n<td>1.800 N.m<\/td>\n<\/tr>\n<tr>\n<td>Net A\u011f\u0131rl\u0131k<\/td>\n<td>4.0Kg<\/td>\n<\/tr>\n<tr>\n<td>G\u00fc\u00e7-Kapasite<\/td>\n<td>40V\/4.0Ah\/Li-ion<\/td>\n<\/tr>\n<tr>\n<td>Ak\u00fc \/ \u015earj Cihaz\u0131<\/td>\n<td>BL4040 \/ DC40RA<\/td>\n<\/tr>\n<\/table>\n","protected":false},"excerpt":{"rendered":"<p>Model TW001GM201<\/p>\n<p>Darbeli Somun S\u0131kma \u00be\u201d(19mm)<\/p>\n<p>40V maks. \u2022 3\/4&#8243; \u2022 1 800 Nm \u2022 0 \u2013 1.800 dak\u207b\u00b9<\/p>\n<p><span style=\"color: rgb(0, 112, 192);\">A\u011f\u0131r i\u015fler i\u00e7in elektronik d\u00f6rt kademeli g\u00fc\u00e7 ayarlar\u0131na sahip y\u00fcksek torklu, k\u00f6m\u00fcrs\u00fcz darbeli somun s\u0131kma<\/span><\/p>\n<p>1.800 Nm&#8217;ye kadar s\u0131kma torkuna sahip g\u00fc\u00e7l\u00fc, k\u00f6m\u00fcrs\u00fcz darbeli somun s\u0131kma modelidir. Elektronik 4 kademeli g\u00fc\u00e7 se\u00e7imi ve Ek ayd\u0131nlatma i\u00e7in 2 x ikiz LED \u0131\u015f\u0131kla donat\u0131lm\u0131\u015f olan bu alet, y\u00fcksek s\u0131kma torku gerektiren uygulamalar i\u00e7in idealdir.<\/p>\n<p><span style=\"color: red;\">Kullan\u0131m amac\u0131: <\/span>Bu aletin c\u0131vata ve somunlar\u0131 s\u0131kmak i\u00e7in kullan\u0131lmas\u0131 ama\u00e7lanm\u0131\u015ft\u0131r.<\/p>\n<p><u>\u00d6zellikleri:<\/u><\/p>\n<p>40Vmax, XGT,BL MOTOR,XPT<\/p>\n<p>XGT(Next Generation Technology Extreme Power); yenilik\u00e7i tasar\u0131m ve 40 volt ak\u00fclerle zorlu taleplerin kar\u015f\u0131land\u0131\u011f\u0131 in\u015faat,end\u00fcstri,bah\u00e7ecilik ve bir\u00e7ok alanda kullan\u0131labilen \u00fcr\u00fcnlerin kar\u0131\u015f\u0131m\u0131d\u0131r.XGT ak\u00fcleri son derece dayan\u0131kl\u0131 olacak \u015fekilde tasarlanm\u0131\u015f olup ak\u00fcleri su ge\u00e7irmez \u00fc\u00e7 katmanl\u0131 bir yap\u0131ya ve darbelere kar\u015f\u0131 korunakl\u0131 olacak \u015fekilde tasarlanm\u0131\u015ft\u0131r.<\/p>\n<p>BL Motor\/K\u00f6m\u00fcrs\u00fcz Motor mevcuttur. K\u00f6m\u00fcrs\u00fcz motor sayesinde \u00e7al\u0131\u015fma esnas\u0131nda olu\u015fan \u0131s\u0131 enerjisi kaybolmaz ve makinenin g\u00fcc\u00fcne iletilir.<\/p>\n<p>XPT(Ekstra Koruma Teknolojisi) sayesinde nemli ve ya\u011fmurlu ortamlarda kullan\u0131labilir. D\u00fc\u015fmeye kar\u015f\u0131 ekstra dayan\u0131kl\u0131d\u0131r.<\/p>\n<ol>\n<li data-list=\"ordered\"><span class=\"ql-ui\" contenteditable=\"false\"><\/span>De\u011fi\u015fken h\u0131z \u00f6zelli\u011fi vard\u0131r.<\/li>\n<li data-list=\"ordered\"><span class=\"ql-ui\" contenteditable=\"false\"><\/span>Elektrik freni mevcuttur.<\/li>\n<li data-list=\"ordered\"><span class=\"ql-ui\" contenteditable=\"false\"><\/span>Sa\u011f-sol d\u00f6n\u00fc\u015f ayarl\u0131d\u0131r.<\/li>\n<li data-list=\"ordered\"><span class=\"ql-ui\" contenteditable=\"false\"><\/span>Otomatik h\u0131z 4 mevcuttur.<\/li>\n<li data-list=\"ordered\"><span class=\"ql-ui\" contenteditable=\"false\"><\/span>Led \u0131\u015f\u0131\u011f\u0131 vard\u0131r<\/li>\n<li data-list=\"ordered\"><span class=\"ql-ui\" contenteditable=\"false\"><\/span>Plastik ta\u015f\u0131ma \u00e7antal\u0131d\u0131r.<\/li>\n<\/ol>\n<p>Bo\u015fta devir Maks \/ Sert \/ Orta \/ Yumu\u015fak :&nbsp;<strong>0-1800 \/ 1.400\/ 1.150 \/ 950 dev\/dk<\/strong><\/p>\n<p>Darbe say\u0131s\u0131 Maks \/ Sert \/ Orta \/ Yumu\u015fak :&nbsp;<strong>0-2.500 \/ 2.400 \/ 2.200 \/ 1.900 dar\/dk<\/strong><\/p>\n<p><strong>S\u00f6kme Torku:2050N.m<\/strong><\/p>\n<p><strong>Ambalaj i\u00e7eri\u011fi:Bel kancas\u0131,\u00e7ift ak\u00fc,\u015farj cihaz\u0131<\/strong><\/p>\n","protected":false},"featured_media":8349,"comment_status":"open","ping_status":"closed","template":"","meta":{"_acf_changed":false},"product_brand":[1485],"product_cat":[785],"product_tag":[],"class_list":{"0":"post-22673","1":"product","2":"type-product","3":"status-publish","4":"has-post-thumbnail","6":"product_brand-makita","7":"product_cat-40-volt","9":"first","10":"instock","11":"taxable","12":"shipping-taxable","13":"purchasable","14":"product-type-simple","15":"add-to-wishlist-after_add_to_cart"},"acf":[],"_links":{"self":[{"href":"https:\/\/www.makitamarket.com.tr\/site\/wp-json\/wp\/v2\/product\/22673","targetHints":{"allow":["GET"]}}],"collection":[{"href":"https:\/\/www.makitamarket.com.tr\/site\/wp-json\/wp\/v2\/product"}],"about":[{"href":"https:\/\/www.makitamarket.com.tr\/site\/wp-json\/wp\/v2\/types\/product"}],"replies":[{"embeddable":true,"href":"https:\/\/www.makitamarket.com.tr\/site\/wp-json\/wp\/v2\/comments?post=22673"}],"wp:featuredmedia":[{"embeddable":true,"href":"https:\/\/www.makitamarket.com.tr\/site\/wp-json\/wp\/v2\/media\/8349"}],"wp:attachment":[{"href":"https:\/\/www.makitamarket.com.tr\/site\/wp-json\/wp\/v2\/media?parent=22673"}],"wp:term":[{"taxonomy":"product_brand","embeddable":true,"href":"https:\/\/www.makitamarket.com.tr\/site\/wp-json\/wp\/v2\/product_brand?post=22673"},{"taxonomy":"product_cat","embeddable":true,"href":"https:\/\/www.makitamarket.com.tr\/site\/wp-json\/wp\/v2\/product_cat?post=22673"},{"taxonomy":"product_tag","embeddable":true,"href":"https:\/\/www.makitamarket.com.tr\/site\/wp-json\/wp\/v2\/product_tag?post=22673"}],"curies":[{"name":"wp","href":"https:\/\/api.w.org\/{rel}","templated":true}]}}