{"id":22675,"date":"2025-01-06T16:34:05","date_gmt":"2025-01-06T13:34:05","guid":{"rendered":"https:\/\/www.makitamarket.com.tr\/site\/urun\/scheppach-lata-5-0-torna-makinasi\/"},"modified":"2026-01-23T12:03:29","modified_gmt":"2026-01-23T09:03:29","slug":"scheppach-lata-5-0-torna-makinasi","status":"publish","type":"product","link":"https:\/\/www.makitamarket.com.tr\/site\/urun\/scheppach-lata-5-0-torna-makinasi\/","title":{"rendered":"Scheppach LATA 5.0 TORNA MAK\u0130NASI"},"content":{"rendered":"<table>\n<tr>\n<td>Ebatlar (UxGxY)<\/td>\n<td>1610x490x1175 mm<\/td>\n<\/tr>\n<tr>\n<td>\u00c7al\u0131\u015fma Aral\u0131\u011f\u0131<\/td>\n<td>1050 mm<\/td>\n<\/tr>\n<tr>\n<td>Mil H\u0131z\u0131<\/td>\n<td>500-2100 d\/dak.<\/td>\n<\/tr>\n<tr>\n<td>Y\u00fckseklik<\/td>\n<td>910 mm<\/td>\n<\/tr>\n<tr>\n<td>H\u0131z<\/td>\n<td>1400 d\/dak<\/td>\n<\/tr>\n<tr>\n<td>Motor<\/td>\n<td>230-240  Volt \/ 50Hz<\/td>\n<\/tr>\n<tr>\n<td>G\u00fc\u00e7<\/td>\n<td>750 W<\/td>\n<\/tr>\n<tr>\n<td>A\u011f\u0131rl\u0131k<\/td>\n<td>92 kg.<\/td>\n<\/tr>\n<\/table>\n","protected":false},"excerpt":{"rendered":"<p>Ebatlar (UxGxY) 1610x490x1175 mm \u00c7al\u0131\u015fma Aral\u0131\u011f\u0131 1050 mm Mil H\u0131z\u0131 500-2100 d\/dak. Y\u00fckseklik 910 mm H\u0131z 1400 d\/dak Motor 230-240 Volt \/ 50Hz G\u00fc\u00e7 750 W A\u011f\u0131rl\u0131k 92 kg.<\/p>\n","protected":false},"featured_media":8390,"comment_status":"open","ping_status":"closed","template":"","meta":{"_acf_changed":false},"product_brand":[1514],"product_cat":[1565],"product_tag":[],"class_list":{"0":"post-22675","1":"product","2":"type-product","3":"status-publish","4":"has-post-thumbnail","6":"product_brand-scheppach","7":"product_cat-yok-yok","9":"first","10":"outofstock","11":"taxable","12":"shipping-taxable","13":"purchasable","14":"product-type-simple","15":"add-to-wishlist-after_add_to_cart"},"acf":[],"_links":{"self":[{"href":"https:\/\/www.makitamarket.com.tr\/site\/wp-json\/wp\/v2\/product\/22675","targetHints":{"allow":["GET"]}}],"collection":[{"href":"https:\/\/www.makitamarket.com.tr\/site\/wp-json\/wp\/v2\/product"}],"about":[{"href":"https:\/\/www.makitamarket.com.tr\/site\/wp-json\/wp\/v2\/types\/product"}],"replies":[{"embeddable":true,"href":"https:\/\/www.makitamarket.com.tr\/site\/wp-json\/wp\/v2\/comments?post=22675"}],"wp:featuredmedia":[{"embeddable":true,"href":"https:\/\/www.makitamarket.com.tr\/site\/wp-json\/wp\/v2\/media\/8390"}],"wp:attachment":[{"href":"https:\/\/www.makitamarket.com.tr\/site\/wp-json\/wp\/v2\/media?parent=22675"}],"wp:term":[{"taxonomy":"product_brand","embeddable":true,"href":"https:\/\/www.makitamarket.com.tr\/site\/wp-json\/wp\/v2\/product_brand?post=22675"},{"taxonomy":"product_cat","embeddable":true,"href":"https:\/\/www.makitamarket.com.tr\/site\/wp-json\/wp\/v2\/product_cat?post=22675"},{"taxonomy":"product_tag","embeddable":true,"href":"https:\/\/www.makitamarket.com.tr\/site\/wp-json\/wp\/v2\/product_tag?post=22675"}],"curies":[{"name":"wp","href":"https:\/\/api.w.org\/{rel}","templated":true}]}}