{"id":22694,"date":"2025-01-06T16:34:14","date_gmt":"2025-01-06T13:34:14","guid":{"rendered":"https:\/\/www.makitamarket.com.tr\/site\/urun\/makita-ga023gm201-taslama-makinasi-40v\/"},"modified":"2026-04-06T12:19:07","modified_gmt":"2026-04-06T09:19:07","slug":"makita-ga023gm201-taslama-makinasi-40v","status":"publish","type":"product","link":"https:\/\/www.makitamarket.com.tr\/site\/urun\/makita-ga023gm201-taslama-makinasi-40v\/","title":{"rendered":"Makita GA023GM201 TA\u015eLAMA MAK\u0130NASI 40V"},"content":{"rendered":"<p>Model GA023GM201<\/p>\n<p>Avu\u00e7 Ta\u015flama<\/p>\n<p>40V maks. \u2022 125 mm \u2022 3.000 \u2013 8.500 dak\u207b\u00b9<\/p>\n<p><span style=\"color: rgb(0, 112, 192);\">Kesme ve ta\u015flama i\u00e7in frenli verimli k\u00f6m\u00fcrs\u00fcz alet<\/span><\/p>\n<p>Zorlu profesyonel kullan\u0131m i\u00e7in 125 mm kapasiteye sahip k\u00f6m\u00fcrs\u00fcz, kayd\u0131rmal\u0131 avu\u00e7 ta\u015flama makinas\u0131. De\u011fi\u015fken h\u0131z kontrol kadran\u0131 kullan\u0131larak 3.000 \u2013 8.500 dak\u207b\u00b9 aras\u0131nda ayarlanabilir h\u0131z. AWS uzaktan elektrikli s\u00fcp\u00fcrge ba\u015flatma i\u015flevi.<\/p>\n<p><span style=\"color: red;\">Kullan\u0131m amac\u0131: <\/span>Bu alet, metal ve ta\u015f malzemelerin su kullanmadan ta\u015flanmas\u0131, z\u0131mparalanmas\u0131, telle f\u0131r\u00e7alanmas\u0131, delik a\u00e7\u0131lmas\u0131 ve kesilmesi amac\u0131yla tasarlanm\u0131\u015ft\u0131r. <\/p>\n<p><u>\u00d6zellikleri:<\/u><\/p>\n<p>XGT,AFT, BL MOTOR,XPT,\u00c7\u0130FT AK\u00dcL\u00dc<\/p>\n<p>XGT(Next Generation Technology Extreme Power); yenilik\u00e7i tasar\u0131m ve 40 volt ak\u00fclerle zorlu taleplerin kar\u015f\u0131land\u0131\u011f\u0131 in\u015faat,end\u00fcstri,bah\u00e7ecilik ve bir\u00e7ok alanda kullan\u0131labilen \u00fcr\u00fcnlerin kar\u0131\u015f\u0131m\u0131d\u0131r.XGT ak\u00fcleri son derece dayan\u0131kl\u0131 olacak \u015fekilde tasarlanm\u0131\u015f olup ak\u00fcleri su ge\u00e7irmez \u00fc\u00e7 katmanl\u0131 bir yap\u0131ya ve darbelere kar\u015f\u0131 korunakl\u0131 olacak \u015fekilde tasarlanm\u0131\u015ft\u0131r.<\/p>\n<p>BL Motor\/K\u00f6m\u00fcrs\u00fcz Motor mevcuttur. K\u00f6m\u00fcrs\u00fcz motor sayesinde \u00e7al\u0131\u015fma esnas\u0131nda olu\u015fan \u0131s\u0131 enerjisi kaybolmaz ve makinenin g\u00fcc\u00fcne iletilir.<\/p>\n<p>XPT(Ekstra Koruma Teknolojisi) sayesinde nemli ve ya\u011fmurlu ortamlarda kullan\u0131labilir. D\u00fc\u015fmeye kar\u015f\u0131 ekstra dayan\u0131kl\u0131d\u0131r.<\/p>\n<p>AFT(A\u015f\u0131r\u0131 Y\u00fck Alg\u0131lama Teknolojisi);\u00e7al\u0131\u015fma s\u0131ras\u0131nda cihaza a\u015f\u0131r\u0131 y\u00fck bindi\u011finde cihaz otomatik olarak durur. <\/p>\n<p>Ak\u00fcl\u00fc yap\u0131s\u0131 kullan\u0131c\u0131ya kablosuz kullan\u0131m imkan\u0131 sunar ve bu sayede kullan\u0131c\u0131lar geni\u015f alanlarda kablo s\u0131n\u0131rlamalar\u0131 olmadan rahat\u00e7a \u00e7al\u0131\u015fabilirler.<\/p>\n<ol>\n<li data-list=\"ordered\"><span class=\"ql-ui\" contenteditable=\"false\"><\/span>De\u011fi\u015fken h\u0131z \u00f6zelli\u011fi vard\u0131r.<\/li>\n<li data-list=\"ordered\"><span class=\"ql-ui\" contenteditable=\"false\"><\/span>Elektrik freni mevcuttur.<\/li>\n<li data-list=\"ordered\"><span class=\"ql-ui\" contenteditable=\"false\"><\/span><span style=\"color: rgb(33, 37, 41);\">Yumu\u015fak ba\u015flama \u00f6zelli\u011fi mevcuttur<\/span><\/li>\n<li data-list=\"ordered\"><span class=\"ql-ui\" contenteditable=\"false\"><\/span>Toz emme \u00fcnitesi mevcuttur<\/li>\n<li data-list=\"ordered\"><span class=\"ql-ui\" contenteditable=\"false\"><\/span>Plastik ta\u015f\u0131ma \u00e7antal\u0131d\u0131r.<\/li>\n<\/ol>\n<p>Ambalaj i\u00e7eri\u011fi:Ta\u015flama ta\u015f\u0131,siper,yan sap,anahtar,\u00e7ift ak\u00fc,\u015farj cihaz\u0131<\/p>\n<table>\n<tr>\n<td>Kapasite<\/td>\n<td>Kesici\/A\u015f\u0131nd\u0131r\u0131c\u0131\/Elmas : 125mm<\/td>\n<\/tr>\n<tr>\n<td>Bo\u015fta Devir<\/td>\n<td>3.000-8.500 devir\/dk<\/td>\n<\/tr>\n<tr>\n<td>Mil \u00c7ap\u0131<\/td>\n<td>M14<\/td>\n<\/tr>\n<tr>\n<td>Net A\u011f\u0131rl\u0131k<\/td>\n<td>3,2 kg<\/td>\n<\/tr>\n<tr>\n<td>G\u00fc\u00e7-Kapasite<\/td>\n<td>40V\/4.0Ah\/Li-ion<\/td>\n<\/tr>\n<tr>\n<td>Ak\u00fc \/ \u015earj Cihaz\u0131<\/td>\n<td>BL4040 \/ DC40RA<\/td>\n<\/tr>\n<\/table>\n","protected":false},"excerpt":{"rendered":"<p>Model GA023GM201<\/p>\n<p>Avu\u00e7 Ta\u015flama<\/p>\n<p>40V maks. \u2022 125 mm \u2022 3.000 \u2013 8.500 dak\u207b\u00b9<\/p>\n<p><span style=\"color: rgb(0, 112, 192);\">Kesme ve ta\u015flama i\u00e7in frenli verimli k\u00f6m\u00fcrs\u00fcz alet<\/span><\/p>\n<p>Zorlu profesyonel kullan\u0131m i\u00e7in 125 mm kapasiteye sahip k\u00f6m\u00fcrs\u00fcz, kayd\u0131rmal\u0131 avu\u00e7 ta\u015flama makinas\u0131. De\u011fi\u015fken h\u0131z kontrol kadran\u0131 kullan\u0131larak 3.000 \u2013 8.500 dak\u207b\u00b9 aras\u0131nda ayarlanabilir h\u0131z. AWS uzaktan elektrikli s\u00fcp\u00fcrge ba\u015flatma i\u015flevi.<\/p>\n<p><span style=\"color: red;\">Kullan\u0131m amac\u0131: <\/span>Bu alet, metal ve ta\u015f malzemelerin su kullanmadan ta\u015flanmas\u0131, z\u0131mparalanmas\u0131, telle f\u0131r\u00e7alanmas\u0131, delik a\u00e7\u0131lmas\u0131 ve kesilmesi amac\u0131yla tasarlanm\u0131\u015ft\u0131r. <\/p>\n<p><u>\u00d6zellikleri:<\/u><\/p>\n<p>XGT,AFT, BL MOTOR,XPT,\u00c7\u0130FT AK\u00dcL\u00dc<\/p>\n<p>XGT(Next Generation Technology Extreme Power); yenilik\u00e7i tasar\u0131m ve 40 volt ak\u00fclerle zorlu taleplerin kar\u015f\u0131land\u0131\u011f\u0131 in\u015faat,end\u00fcstri,bah\u00e7ecilik ve bir\u00e7ok alanda kullan\u0131labilen \u00fcr\u00fcnlerin kar\u0131\u015f\u0131m\u0131d\u0131r.XGT ak\u00fcleri son derece dayan\u0131kl\u0131 olacak \u015fekilde tasarlanm\u0131\u015f olup ak\u00fcleri su ge\u00e7irmez \u00fc\u00e7 katmanl\u0131 bir yap\u0131ya ve darbelere kar\u015f\u0131 korunakl\u0131 olacak \u015fekilde tasarlanm\u0131\u015ft\u0131r.<\/p>\n<p>BL Motor\/K\u00f6m\u00fcrs\u00fcz Motor mevcuttur. K\u00f6m\u00fcrs\u00fcz motor sayesinde \u00e7al\u0131\u015fma esnas\u0131nda olu\u015fan \u0131s\u0131 enerjisi kaybolmaz ve makinenin g\u00fcc\u00fcne iletilir.<\/p>\n<p>XPT(Ekstra Koruma Teknolojisi) sayesinde nemli ve ya\u011fmurlu ortamlarda kullan\u0131labilir. D\u00fc\u015fmeye kar\u015f\u0131 ekstra dayan\u0131kl\u0131d\u0131r.<\/p>\n<p>AFT(A\u015f\u0131r\u0131 Y\u00fck Alg\u0131lama Teknolojisi);\u00e7al\u0131\u015fma s\u0131ras\u0131nda cihaza a\u015f\u0131r\u0131 y\u00fck bindi\u011finde cihaz otomatik olarak durur. <\/p>\n<p>Ak\u00fcl\u00fc yap\u0131s\u0131 kullan\u0131c\u0131ya kablosuz kullan\u0131m imkan\u0131 sunar ve bu sayede kullan\u0131c\u0131lar geni\u015f alanlarda kablo s\u0131n\u0131rlamalar\u0131 olmadan rahat\u00e7a \u00e7al\u0131\u015fabilirler.<\/p>\n<ol>\n<li data-list=\"ordered\"><span class=\"ql-ui\" contenteditable=\"false\"><\/span>De\u011fi\u015fken h\u0131z \u00f6zelli\u011fi vard\u0131r.<\/li>\n<li data-list=\"ordered\"><span class=\"ql-ui\" contenteditable=\"false\"><\/span>Elektrik freni mevcuttur.<\/li>\n<li data-list=\"ordered\"><span class=\"ql-ui\" contenteditable=\"false\"><\/span><span style=\"color: rgb(33, 37, 41);\">Yumu\u015fak ba\u015flama \u00f6zelli\u011fi mevcuttur<\/span><\/li>\n<li data-list=\"ordered\"><span class=\"ql-ui\" contenteditable=\"false\"><\/span>Toz emme \u00fcnitesi mevcuttur<\/li>\n<li data-list=\"ordered\"><span class=\"ql-ui\" contenteditable=\"false\"><\/span>Plastik ta\u015f\u0131ma \u00e7antal\u0131d\u0131r.<\/li>\n<\/ol>\n<p>Ambalaj i\u00e7eri\u011fi:Ta\u015flama ta\u015f\u0131,siper,yan sap,anahtar,\u00e7ift ak\u00fc,\u015farj cihaz\u0131<\/p>\n","protected":false},"featured_media":8489,"comment_status":"open","ping_status":"closed","template":"","meta":{"_acf_changed":false},"product_brand":[1485],"product_cat":[785],"product_tag":[],"class_list":{"0":"post-22694","1":"product","2":"type-product","3":"status-publish","4":"has-post-thumbnail","6":"product_brand-makita","7":"product_cat-40-volt","9":"first","10":"instock","11":"taxable","12":"shipping-taxable","13":"purchasable","14":"product-type-simple","15":"add-to-wishlist-after_add_to_cart"},"acf":[],"_links":{"self":[{"href":"https:\/\/www.makitamarket.com.tr\/site\/wp-json\/wp\/v2\/product\/22694","targetHints":{"allow":["GET"]}}],"collection":[{"href":"https:\/\/www.makitamarket.com.tr\/site\/wp-json\/wp\/v2\/product"}],"about":[{"href":"https:\/\/www.makitamarket.com.tr\/site\/wp-json\/wp\/v2\/types\/product"}],"replies":[{"embeddable":true,"href":"https:\/\/www.makitamarket.com.tr\/site\/wp-json\/wp\/v2\/comments?post=22694"}],"wp:featuredmedia":[{"embeddable":true,"href":"https:\/\/www.makitamarket.com.tr\/site\/wp-json\/wp\/v2\/media\/8489"}],"wp:attachment":[{"href":"https:\/\/www.makitamarket.com.tr\/site\/wp-json\/wp\/v2\/media?parent=22694"}],"wp:term":[{"taxonomy":"product_brand","embeddable":true,"href":"https:\/\/www.makitamarket.com.tr\/site\/wp-json\/wp\/v2\/product_brand?post=22694"},{"taxonomy":"product_cat","embeddable":true,"href":"https:\/\/www.makitamarket.com.tr\/site\/wp-json\/wp\/v2\/product_cat?post=22694"},{"taxonomy":"product_tag","embeddable":true,"href":"https:\/\/www.makitamarket.com.tr\/site\/wp-json\/wp\/v2\/product_tag?post=22694"}],"curies":[{"name":"wp","href":"https:\/\/api.w.org\/{rel}","templated":true}]}}