{"id":22695,"date":"2025-01-06T16:34:14","date_gmt":"2025-01-06T13:34:14","guid":{"rendered":"https:\/\/www.makitamarket.com.tr\/site\/urun\/rapid-eg111-silikon-tabancasi\/"},"modified":"2026-03-30T07:12:36","modified_gmt":"2026-03-30T04:12:36","slug":"rapid-eg111-silikon-tabancasi","status":"publish","type":"product","link":"https:\/\/www.makitamarket.com.tr\/site\/urun\/rapid-eg111-silikon-tabancasi\/","title":{"rendered":"Rapid EG111 S\u0130L\u0130KON TABANCASI"},"content":{"rendered":"<div>\n\t500g \u00e7ok ama\u00e7l\u0131 silikon \u00e7ubuklar\u0131 i\u00e7eren ba\u015flang\u0131\u00e7 kiti. Ev i\u00e7inde h\u0131zl\u0131 tamir ve sabitleme i\u00e7in ideal.<\/div>\n<div>\n\t\u2022 200g\/saat silikon \u00e7\u0131kt\u0131s\u0131.<\/div>\n<div>\n\t\u2022 G\u00fc\u00e7: 25W<\/div>\n<div>\n\t\u2022 10 dak. \u0131s\u0131nma s\u00fcresi<\/div>\n<div>\n\t\u2022 Ayarlanabilir ayakl\u0131k<\/div>\n<div>\n\t\u2022 500g \u00e7ok ama\u00e7l\u0131 silikon mum \u00e7ubuklar\u0131 i\u00e7erir.<\/div>\n<div>\n\t\u2022 2 y\u0131l garanti.<\/div>\n<div>\n\tYap\u0131\u015ft\u0131r\u0131c\u0131 \u00d812mm<\/div>\n<table><\/table>\n","protected":false},"excerpt":{"rendered":"<div>\n\t500g \u00e7ok ama\u00e7l\u0131 silikon \u00e7ubuklar\u0131 i\u00e7eren ba\u015flang\u0131\u00e7 kiti. Ev i\u00e7inde h\u0131zl\u0131 tamir ve sabitleme i\u00e7in ideal.<\/div>\n<div>\n\t\u2022 200g\/saat silikon \u00e7\u0131kt\u0131s\u0131.<\/div>\n<div>\n\t\u2022 G\u00fc\u00e7: 25W<\/div>\n<div>\n\t\u2022 10 dak. \u0131s\u0131nma s\u00fcresi<\/div>\n<div>\n\t\u2022 Ayarlanabilir ayakl\u0131k<\/div>\n<div>\n\t\u2022 500g \u00e7ok ama\u00e7l\u0131 silikon mum \u00e7ubuklar\u0131 i\u00e7erir.<\/div>\n<div>\n\t\u2022 2 y\u0131l garanti.<\/div>\n<div>\n\tYap\u0131\u015ft\u0131r\u0131c\u0131 \u00d812mm<\/div>\n","protected":false},"featured_media":8490,"comment_status":"open","ping_status":"closed","template":"","meta":{"_acf_changed":false},"product_brand":[1491],"product_cat":[703],"product_tag":[],"class_list":{"0":"post-22695","1":"product","2":"type-product","3":"status-publish","4":"has-post-thumbnail","6":"product_brand-rapid","7":"product_cat-sarjli-civi-cakma-tabancalari","9":"first","10":"instock","11":"taxable","12":"shipping-taxable","13":"purchasable","14":"product-type-simple","15":"add-to-wishlist-after_add_to_cart"},"acf":[],"_links":{"self":[{"href":"https:\/\/www.makitamarket.com.tr\/site\/wp-json\/wp\/v2\/product\/22695","targetHints":{"allow":["GET"]}}],"collection":[{"href":"https:\/\/www.makitamarket.com.tr\/site\/wp-json\/wp\/v2\/product"}],"about":[{"href":"https:\/\/www.makitamarket.com.tr\/site\/wp-json\/wp\/v2\/types\/product"}],"replies":[{"embeddable":true,"href":"https:\/\/www.makitamarket.com.tr\/site\/wp-json\/wp\/v2\/comments?post=22695"}],"wp:featuredmedia":[{"embeddable":true,"href":"https:\/\/www.makitamarket.com.tr\/site\/wp-json\/wp\/v2\/media\/8490"}],"wp:attachment":[{"href":"https:\/\/www.makitamarket.com.tr\/site\/wp-json\/wp\/v2\/media?parent=22695"}],"wp:term":[{"taxonomy":"product_brand","embeddable":true,"href":"https:\/\/www.makitamarket.com.tr\/site\/wp-json\/wp\/v2\/product_brand?post=22695"},{"taxonomy":"product_cat","embeddable":true,"href":"https:\/\/www.makitamarket.com.tr\/site\/wp-json\/wp\/v2\/product_cat?post=22695"},{"taxonomy":"product_tag","embeddable":true,"href":"https:\/\/www.makitamarket.com.tr\/site\/wp-json\/wp\/v2\/product_tag?post=22695"}],"curies":[{"name":"wp","href":"https:\/\/api.w.org\/{rel}","templated":true}]}}