{"id":22711,"date":"2025-01-06T16:34:21","date_gmt":"2025-01-06T13:34:21","guid":{"rendered":"https:\/\/www.makitamarket.com.tr\/site\/urun\/makita-dcs551rmj-metal-kesme-makinasi-18v\/"},"modified":"2025-07-23T00:12:07","modified_gmt":"2025-07-22T21:12:07","slug":"makita-dcs551rmj-metal-kesme-makinasi-18v","status":"publish","type":"product","link":"https:\/\/www.makitamarket.com.tr\/site\/urun\/makita-dcs551rmj-metal-kesme-makinasi-18v\/","title":{"rendered":"Makita DCS551RMJ METAL KESME MAK\u0130NASI 18V"},"content":{"rendered":"<p><span style=\"background-color: white; color: rgb(33, 37, 41);\">Model DCS551RMJ<\/span><\/p>\n<p><span style=\"background-color: white; color: rgb(33, 37, 41);\">Ak\u00fcl\u00fc Elmas Testere<\/span><\/p>\n<p><span style=\"background-color: white; color: rgb(33, 37, 41);\">18V \u2022 150 mm \u2022 3.900 dak\u207b\u00b9<\/span><\/p>\n<p><span style=\"background-color: white; color: rgb(0, 112, 192);\">Metalin kolay ve neredeyse k\u0131v\u0131lc\u0131ms\u0131z kesimi i\u00e7in ak\u00fcl\u00fc elmas testere<\/span><\/p>\n<p><span style=\"background-color: white; color: rgb(33, 37, 41);\">Metalin h\u0131zl\u0131, neredeyse k\u0131v\u0131lc\u0131ms\u0131z kesimi i\u00e7in ak\u00fcl\u00fc elmas testere. Elektrik\u00e7iler, klima ve \u00e7at\u0131 montajc\u0131lar\u0131 i\u00e7in ideal bir alettir. Maksimum 57.5 mm kesme derinli\u011fine ula\u015fan 150 mm \u00e7ap\u0131nda bir b\u0131\u00e7akla uyumludur.<\/span><\/p>\n<p><u style=\"background-color: white; color: black;\">\u00d6zellikleri:<\/u><\/p>\n<p><span style=\"background-color: white; color: rgb(33, 37, 41);\">18V max Lithium-ion<\/span><\/p>\n<p>Ak\u00fcl\u00fc yap\u0131s\u0131 kullan\u0131c\u0131ya kablosuz kullan\u0131m imkan\u0131 sunar ve bu sayede kullan\u0131c\u0131lar geni\u015f alanlarda kablo s\u0131n\u0131rlamalar\u0131 olmadan rahat\u00e7a \u00e7al\u0131\u015fabilirler.<\/p>\n<p>Li-ion;Bataryan\u0131n daha verimli \u00e7al\u0131\u015fmas\u0131n\u0131 sa\u011flayan teknolojidir.<\/p>\n<ol>\n<li data-list=\"bullet\"><span class=\"ql-ui\" contenteditable=\"false\"><\/span>Elektrik freni mevcuttur.<\/li>\n<li data-list=\"bullet\"><span class=\"ql-ui\" contenteditable=\"false\"><\/span>Yumu\u015fak ba\u015flama \u00f6zelli\u011fi mevcuttur<\/li>\n<li data-list=\"bullet\"><span class=\"ql-ui\" contenteditable=\"false\"><\/span>Led \u0131\u015f\u0131\u011f\u0131 vard\u0131r.<\/li>\n<li data-list=\"bullet\"><span class=\"ql-ui\" contenteditable=\"false\"><\/span>Plastik ta\u015f\u0131ma \u00e7antal\u0131d\u0131r.<\/li>\n<\/ol>\n<p><span style=\"background-color: white; color: rgb(33, 37, 41);\">Ambalaj i\u00e7eri\u011fi: TCT kesme b\u0131\u00e7a\u011f\u0131, g\u00fcvenlik g\u00f6zl\u00fc\u011f\u00fc, anahtar<\/span><\/p>\n<p><\/p>\n<p><\/p>\n<table>\n<tr>\n<td>B\u0131\u00e7ak \u00e7ap\u0131<\/td>\n<td>150 mm<\/td>\n<\/tr>\n<tr>\n<td>Kapasite<\/td>\n<td>Maksimum kesim:57.5 mm<\/td>\n<\/tr>\n<tr>\n<td>Bo\u015fta Devir<\/td>\n<td>3.900 devir\/dk<\/td>\n<\/tr>\n<tr>\n<td>A\u011f\u0131rl\u0131k<\/td>\n<td>2.7 kg<\/td>\n<\/tr>\n<tr>\n<td>G\u00fc\u00e7-Kapasite<\/td>\n<td>18V\/4.0Ah\/Li-ion<\/td>\n<\/tr>\n<tr>\n<td>Ak\u00fc \/ \u015earj Cihaz\u0131<\/td>\n<td>BL1840B-DC18RC<\/td>\n<\/tr>\n<\/table>\n","protected":false},"excerpt":{"rendered":"<p><span style=\"background-color: white; color: rgb(33, 37, 41);\">Model DCS551RMJ<\/span><\/p>\n<p><span style=\"background-color: white; color: rgb(33, 37, 41);\">Ak\u00fcl\u00fc Elmas Testere<\/span><\/p>\n<p><span style=\"background-color: white; color: rgb(33, 37, 41);\">18V \u2022 150 mm \u2022 3.900 dak\u207b\u00b9<\/span><\/p>\n<p><span style=\"background-color: white; color: rgb(0, 112, 192);\">Metalin kolay ve neredeyse k\u0131v\u0131lc\u0131ms\u0131z kesimi i\u00e7in ak\u00fcl\u00fc elmas testere<\/span><\/p>\n<p><span style=\"background-color: white; color: rgb(33, 37, 41);\">Metalin h\u0131zl\u0131, neredeyse k\u0131v\u0131lc\u0131ms\u0131z kesimi i\u00e7in ak\u00fcl\u00fc elmas testere. Elektrik\u00e7iler, klima ve \u00e7at\u0131 montajc\u0131lar\u0131 i\u00e7in ideal bir alettir. Maksimum 57.5 mm kesme derinli\u011fine ula\u015fan 150 mm \u00e7ap\u0131nda bir b\u0131\u00e7akla uyumludur.<\/span><\/p>\n<p><u style=\"background-color: white; color: black;\">\u00d6zellikleri:<\/u><\/p>\n<p><span style=\"background-color: white; color: rgb(33, 37, 41);\">18V max Lithium-ion<\/span><\/p>\n<p>Ak\u00fcl\u00fc yap\u0131s\u0131 kullan\u0131c\u0131ya kablosuz kullan\u0131m imkan\u0131 sunar ve bu sayede kullan\u0131c\u0131lar geni\u015f alanlarda kablo s\u0131n\u0131rlamalar\u0131 olmadan rahat\u00e7a \u00e7al\u0131\u015fabilirler.<\/p>\n<p>Li-ion;Bataryan\u0131n daha verimli \u00e7al\u0131\u015fmas\u0131n\u0131 sa\u011flayan teknolojidir.<\/p>\n<ol>\n<li data-list=\"bullet\"><span class=\"ql-ui\" contenteditable=\"false\"><\/span>Elektrik freni mevcuttur.<\/li>\n<li data-list=\"bullet\"><span class=\"ql-ui\" contenteditable=\"false\"><\/span>Yumu\u015fak ba\u015flama \u00f6zelli\u011fi mevcuttur<\/li>\n<li data-list=\"bullet\"><span class=\"ql-ui\" contenteditable=\"false\"><\/span>Led \u0131\u015f\u0131\u011f\u0131 vard\u0131r.<\/li>\n<li data-list=\"bullet\"><span class=\"ql-ui\" contenteditable=\"false\"><\/span>Plastik ta\u015f\u0131ma \u00e7antal\u0131d\u0131r.<\/li>\n<\/ol>\n<p><span style=\"background-color: white; color: rgb(33, 37, 41);\">Ambalaj i\u00e7eri\u011fi: TCT kesme b\u0131\u00e7a\u011f\u0131, g\u00fcvenlik g\u00f6zl\u00fc\u011f\u00fc, anahtar<\/span><\/p>\n<p><\/p>\n<p><\/p>\n","protected":false},"featured_media":8567,"comment_status":"open","ping_status":"closed","template":"","meta":{"_acf_changed":false},"product_brand":[],"product_cat":[755],"product_tag":[],"class_list":{"0":"post-22711","1":"product","2":"type-product","3":"status-publish","4":"has-post-thumbnail","6":"product_cat-18-volt","8":"first","9":"outofstock","10":"taxable","11":"shipping-taxable","12":"purchasable","13":"product-type-simple","14":"add-to-wishlist-after_add_to_cart"},"acf":[],"_links":{"self":[{"href":"https:\/\/www.makitamarket.com.tr\/site\/wp-json\/wp\/v2\/product\/22711","targetHints":{"allow":["GET"]}}],"collection":[{"href":"https:\/\/www.makitamarket.com.tr\/site\/wp-json\/wp\/v2\/product"}],"about":[{"href":"https:\/\/www.makitamarket.com.tr\/site\/wp-json\/wp\/v2\/types\/product"}],"replies":[{"embeddable":true,"href":"https:\/\/www.makitamarket.com.tr\/site\/wp-json\/wp\/v2\/comments?post=22711"}],"wp:featuredmedia":[{"embeddable":true,"href":"https:\/\/www.makitamarket.com.tr\/site\/wp-json\/wp\/v2\/media\/8567"}],"wp:attachment":[{"href":"https:\/\/www.makitamarket.com.tr\/site\/wp-json\/wp\/v2\/media?parent=22711"}],"wp:term":[{"taxonomy":"product_brand","embeddable":true,"href":"https:\/\/www.makitamarket.com.tr\/site\/wp-json\/wp\/v2\/product_brand?post=22711"},{"taxonomy":"product_cat","embeddable":true,"href":"https:\/\/www.makitamarket.com.tr\/site\/wp-json\/wp\/v2\/product_cat?post=22711"},{"taxonomy":"product_tag","embeddable":true,"href":"https:\/\/www.makitamarket.com.tr\/site\/wp-json\/wp\/v2\/product_tag?post=22711"}],"curies":[{"name":"wp","href":"https:\/\/api.w.org\/{rel}","templated":true}]}}