{"id":22718,"date":"2025-01-06T16:34:23","date_gmt":"2025-01-06T13:34:23","guid":{"rendered":"https:\/\/www.makitamarket.com.tr\/site\/urun\/turcoboor-32ak-manyetik-matkap\/"},"modified":"2025-11-16T04:33:00","modified_gmt":"2025-11-16T01:33:00","slug":"turcoboor-32ak-manyetik-matkap","status":"publish","type":"product","link":"https:\/\/www.makitamarket.com.tr\/site\/urun\/turcoboor-32ak-manyetik-matkap\/","title":{"rendered":"Turcoboor 32AK MANYET\u0130K MATKAP"},"content":{"rendered":"<table>\n<tr>\n<td>Kesici U\u00e7 ile Delme \u00c7ap\u0131<\/td>\n<td>\u00d8 12-32<\/td>\n<\/tr>\n<tr>\n<td>Matkap Ucuyla Delme<\/td>\n<td>\u00d8 1-13 mm<\/td>\n<\/tr>\n<tr>\n<td>Sap Kal\u0131nl\u0131\u011f\u0131<\/td>\n<td>19 mm Weldon<\/td>\n<\/tr>\n<tr>\n<td>Mil Hareketi<\/td>\n<td>150 mm<\/td>\n<\/tr>\n<tr>\n<td>Motor G\u00fcc\u00fc<\/td>\n<td>1050 W<\/td>\n<\/tr>\n<tr>\n<td>Manyetik Kuvvet<\/td>\n<td>1500 kg<\/td>\n<\/tr>\n<tr>\n<td>Manyetik Taban (U x G)<\/td>\n<td>160&#215;80<\/td>\n<\/tr>\n<tr>\n<td>A\u011f\u0131rl\u0131k<\/td>\n<td>11<\/td>\n<\/tr>\n<tr>\n<td>H\u0131z<\/td>\n<td>450 dev\/dak<\/td>\n<\/tr>\n<tr>\n<td>Uzunluk<\/td>\n<td>240<\/td>\n<\/tr>\n<tr>\n<td>Geni\u015flik<\/td>\n<td>110<\/td>\n<\/tr>\n<tr>\n<td>Y\u00fckseklik<\/td>\n<td>370<\/td>\n<\/tr>\n<\/table>\n","protected":false},"excerpt":{"rendered":"<p>Kesici U\u00e7 ile Delme \u00c7ap\u0131 \u00d8 12-32 Matkap Ucuyla Delme \u00d8 1-13 mm Sap Kal\u0131nl\u0131\u011f\u0131 19 mm Weldon Mil Hareketi 150 mm Motor G\u00fcc\u00fc 1050 W Manyetik Kuvvet 1500 kg<\/p>\n","protected":false},"featured_media":8606,"comment_status":"open","ping_status":"closed","template":"","meta":{"_acf_changed":false},"product_brand":[1506],"product_cat":[765],"product_tag":[],"class_list":{"0":"post-22718","1":"product","2":"type-product","3":"status-publish","4":"has-post-thumbnail","6":"product_brand-turcoboor","7":"product_cat-manyetik-matkaplar","9":"first","10":"outofstock","11":"taxable","12":"shipping-taxable","13":"purchasable","14":"product-type-simple","15":"add-to-wishlist-after_add_to_cart"},"acf":[],"_links":{"self":[{"href":"https:\/\/www.makitamarket.com.tr\/site\/wp-json\/wp\/v2\/product\/22718","targetHints":{"allow":["GET"]}}],"collection":[{"href":"https:\/\/www.makitamarket.com.tr\/site\/wp-json\/wp\/v2\/product"}],"about":[{"href":"https:\/\/www.makitamarket.com.tr\/site\/wp-json\/wp\/v2\/types\/product"}],"replies":[{"embeddable":true,"href":"https:\/\/www.makitamarket.com.tr\/site\/wp-json\/wp\/v2\/comments?post=22718"}],"wp:featuredmedia":[{"embeddable":true,"href":"https:\/\/www.makitamarket.com.tr\/site\/wp-json\/wp\/v2\/media\/8606"}],"wp:attachment":[{"href":"https:\/\/www.makitamarket.com.tr\/site\/wp-json\/wp\/v2\/media?parent=22718"}],"wp:term":[{"taxonomy":"product_brand","embeddable":true,"href":"https:\/\/www.makitamarket.com.tr\/site\/wp-json\/wp\/v2\/product_brand?post=22718"},{"taxonomy":"product_cat","embeddable":true,"href":"https:\/\/www.makitamarket.com.tr\/site\/wp-json\/wp\/v2\/product_cat?post=22718"},{"taxonomy":"product_tag","embeddable":true,"href":"https:\/\/www.makitamarket.com.tr\/site\/wp-json\/wp\/v2\/product_tag?post=22718"}],"curies":[{"name":"wp","href":"https:\/\/api.w.org\/{rel}","templated":true}]}}