{"id":22720,"date":"2025-01-06T16:34:23","date_gmt":"2025-01-06T13:34:23","guid":{"rendered":"https:\/\/www.makitamarket.com.tr\/site\/urun\/makita-hm1101c-elektropnomatik-kirici\/"},"modified":"2026-04-06T12:21:53","modified_gmt":"2026-04-06T09:21:53","slug":"makita-hm1101c-elektropnomatik-kirici","status":"publish","type":"product","link":"https:\/\/www.makitamarket.com.tr\/site\/urun\/makita-hm1101c-elektropnomatik-kirici\/","title":{"rendered":"Makita HM1101C ELEKTROPN\u00d6MAT\u0130K KIRICI"},"content":{"rendered":"<p>Model HM1101C<\/p>\n<p>Elektropn\u00f6matik K\u0131r\u0131c\u0131lar<\/p>\n<p>1.300 W \u2022 SDS-MAX \u2022 11.5 J<\/p>\n<p><span style=\"color: rgb(0, 112, 192);\">A\u011f\u0131r hizmet tipi elektropn\u00f6matik k\u0131r\u0131c\u0131lar<\/span><\/p>\n<p>A\u011f\u0131r hizmet tipi uygulamalar i\u00e7in etkili bir elektropn\u00f6matik k\u0131r\u0131c\u0131 modeli. SDS-MAX u\u00e7lar\u0131yla uyumludur.1.300 W motor kapasitesi ve dakikada 1.100-2.650 darbe say\u0131s\u0131na sahiptir. 11.5 J darbe enerjisine sahiptir.<\/p>\n<p><span style=\"color: red;\">Kullan\u0131m amac\u0131: <\/span>Bu makine beton,tu\u011fla,ta\u015f ve asfalt malzeme \u00fczerinde k\u0131rma ve keskileme i\u015flemler i\u00e7in tasarlanm\u0131\u015ft\u0131r,ancak uygun aksesuarlar ile birlikte delme ve s\u0131k\u0131\u015ft\u0131rma i\u015flemleri i\u00e7in de kullan\u0131labilir.<\/p>\n<p><u>\u00d6zellikleri:<\/u><\/p>\n<p><span style=\"color: red;\">G\u00fc\u00e7 Kayna\u011f\u0131: <\/span>Aletin, yaln\u0131zca isim levhas\u0131nda belirtilenle ayn\u0131 voltajl\u0131 g\u00fc\u00e7 kayna\u011f\u0131na ba\u011flanmas\u0131 gerekir ve yaln\u0131zca tek fazl\u0131 AC g\u00fc\u00e7 kayna\u011f\u0131yla \u00e7al\u0131\u015ft\u0131r\u0131labilir. \u00c7ifte yal\u0131t\u0131ml\u0131d\u0131r ve topraklamas\u0131z prizlerle de kullan\u0131labilir.<\/p>\n<ol>\n<li data-list=\"bullet\"><span class=\"ql-ui\" contenteditable=\"false\"><\/span>\u00c7ift yal\u0131t\u0131ml\u0131d\u0131r.<\/li>\n<li data-list=\"bullet\"><span class=\"ql-ui\" contenteditable=\"false\"><\/span>De\u011fi\u015fken h\u0131z \u00f6zelli\u011fi vard\u0131r.<\/li>\n<li data-list=\"bullet\"><span class=\"ql-ui\" contenteditable=\"false\"><\/span><span style=\"color: black;\">Sabit h\u0131z \u00f6zelli\u011fi vard\u0131r. <\/span><\/li>\n<li data-list=\"bullet\"><span class=\"ql-ui\" contenteditable=\"false\"><\/span>Yumu\u015fak ba\u015flama \u00f6zelli\u011fi mevcuttur<\/li>\n<li data-list=\"bullet\"><span class=\"ql-ui\" contenteditable=\"false\"><\/span>SDS-MAX tip ba\u011flant\u0131 \u00f6zellikli k\u0131r\u0131c\u0131 u\u00e7lar ile kullan\u0131l\u0131r.<\/li>\n<li data-list=\"bullet\"><span class=\"ql-ui\" contenteditable=\"false\"><\/span>Plastik ta\u015f\u0131ma \u00e7antal\u0131d\u0131r.<\/li>\n<\/ol>\n<p>Ambalaj i\u00e7eri\u011fi: Yan sap, u\u00e7 ya\u011f\u0131, sivri keski <\/p>\n<p><\/p>\n<table>\n<tr>\n<td>S\u00fcrekli Ak\u0131m Giri\u015fi<\/td>\n<td>1300W<\/td>\n<\/tr>\n<tr>\n<td>Dakikada darbe say\u0131s\u0131<\/td>\n<td>1100-2650<\/td>\n<\/tr>\n<tr>\n<td>Net A\u011f\u0131rl\u0131k<\/td>\n<td>7.2 <\/td>\n<\/tr>\n<tr>\n<td>Darbe enerjisi<\/td>\n<td>Deney sonucu : 17.0 J &#8211; EPTA de\u011feri : 11.5 J<\/td>\n<\/tr>\n<\/table>\n","protected":false},"excerpt":{"rendered":"<p>Model HM1101C<\/p>\n<p>Elektropn\u00f6matik K\u0131r\u0131c\u0131lar<\/p>\n<p>1.300 W \u2022 SDS-MAX \u2022 11.5 J<\/p>\n<p><span style=\"color: rgb(0, 112, 192);\">A\u011f\u0131r hizmet tipi elektropn\u00f6matik k\u0131r\u0131c\u0131lar<\/span><\/p>\n<p>A\u011f\u0131r hizmet tipi uygulamalar i\u00e7in etkili bir elektropn\u00f6matik k\u0131r\u0131c\u0131 modeli. SDS-MAX u\u00e7lar\u0131yla uyumludur.1.300 W motor kapasitesi ve dakikada 1.100-2.650 darbe say\u0131s\u0131na sahiptir. 11.5 J darbe enerjisine sahiptir.<\/p>\n<p><span style=\"color: red;\">Kullan\u0131m amac\u0131: <\/span>Bu makine beton,tu\u011fla,ta\u015f ve asfalt malzeme \u00fczerinde k\u0131rma ve keskileme i\u015flemler i\u00e7in tasarlanm\u0131\u015ft\u0131r,ancak uygun aksesuarlar ile birlikte delme ve s\u0131k\u0131\u015ft\u0131rma i\u015flemleri i\u00e7in de kullan\u0131labilir.<\/p>\n<p><u>\u00d6zellikleri:<\/u><\/p>\n<p><span style=\"color: red;\">G\u00fc\u00e7 Kayna\u011f\u0131: <\/span>Aletin, yaln\u0131zca isim levhas\u0131nda belirtilenle ayn\u0131 voltajl\u0131 g\u00fc\u00e7 kayna\u011f\u0131na ba\u011flanmas\u0131 gerekir ve yaln\u0131zca tek fazl\u0131 AC g\u00fc\u00e7 kayna\u011f\u0131yla \u00e7al\u0131\u015ft\u0131r\u0131labilir. \u00c7ifte yal\u0131t\u0131ml\u0131d\u0131r ve topraklamas\u0131z prizlerle de kullan\u0131labilir.<\/p>\n<ol>\n<li data-list=\"bullet\"><span class=\"ql-ui\" contenteditable=\"false\"><\/span>\u00c7ift yal\u0131t\u0131ml\u0131d\u0131r.<\/li>\n<li data-list=\"bullet\"><span class=\"ql-ui\" contenteditable=\"false\"><\/span>De\u011fi\u015fken h\u0131z \u00f6zelli\u011fi vard\u0131r.<\/li>\n<li data-list=\"bullet\"><span class=\"ql-ui\" contenteditable=\"false\"><\/span><span style=\"color: black;\">Sabit h\u0131z \u00f6zelli\u011fi vard\u0131r. <\/span><\/li>\n<li data-list=\"bullet\"><span class=\"ql-ui\" contenteditable=\"false\"><\/span>Yumu\u015fak ba\u015flama \u00f6zelli\u011fi mevcuttur<\/li>\n<li data-list=\"bullet\"><span class=\"ql-ui\" contenteditable=\"false\"><\/span>SDS-MAX tip ba\u011flant\u0131 \u00f6zellikli k\u0131r\u0131c\u0131 u\u00e7lar ile kullan\u0131l\u0131r.<\/li>\n<li data-list=\"bullet\"><span class=\"ql-ui\" contenteditable=\"false\"><\/span>Plastik ta\u015f\u0131ma \u00e7antal\u0131d\u0131r.<\/li>\n<\/ol>\n<p>Ambalaj i\u00e7eri\u011fi: Yan sap, u\u00e7 ya\u011f\u0131, sivri keski <\/p>\n<p><\/p>\n","protected":false},"featured_media":8611,"comment_status":"open","ping_status":"closed","template":"","meta":{"_acf_changed":false},"product_brand":[1485],"product_cat":[769],"product_tag":[],"class_list":{"0":"post-22720","1":"product","2":"type-product","3":"status-publish","4":"has-post-thumbnail","6":"product_brand-makita","7":"product_cat-insaat-grubu-elektrikli-ve-akulu-el-aletleri-elektrikli-ve-akulu-el-aletleri","9":"first","10":"instock","11":"taxable","12":"shipping-taxable","13":"purchasable","14":"product-type-simple","15":"add-to-wishlist-after_add_to_cart"},"acf":[],"_links":{"self":[{"href":"https:\/\/www.makitamarket.com.tr\/site\/wp-json\/wp\/v2\/product\/22720","targetHints":{"allow":["GET"]}}],"collection":[{"href":"https:\/\/www.makitamarket.com.tr\/site\/wp-json\/wp\/v2\/product"}],"about":[{"href":"https:\/\/www.makitamarket.com.tr\/site\/wp-json\/wp\/v2\/types\/product"}],"replies":[{"embeddable":true,"href":"https:\/\/www.makitamarket.com.tr\/site\/wp-json\/wp\/v2\/comments?post=22720"}],"wp:featuredmedia":[{"embeddable":true,"href":"https:\/\/www.makitamarket.com.tr\/site\/wp-json\/wp\/v2\/media\/8611"}],"wp:attachment":[{"href":"https:\/\/www.makitamarket.com.tr\/site\/wp-json\/wp\/v2\/media?parent=22720"}],"wp:term":[{"taxonomy":"product_brand","embeddable":true,"href":"https:\/\/www.makitamarket.com.tr\/site\/wp-json\/wp\/v2\/product_brand?post=22720"},{"taxonomy":"product_cat","embeddable":true,"href":"https:\/\/www.makitamarket.com.tr\/site\/wp-json\/wp\/v2\/product_cat?post=22720"},{"taxonomy":"product_tag","embeddable":true,"href":"https:\/\/www.makitamarket.com.tr\/site\/wp-json\/wp\/v2\/product_tag?post=22720"}],"curies":[{"name":"wp","href":"https:\/\/api.w.org\/{rel}","templated":true}]}}