{"id":22723,"date":"2025-01-06T16:34:25","date_gmt":"2025-01-06T13:34:25","guid":{"rendered":"https:\/\/www.makitamarket.com.tr\/site\/urun\/makita-dga700rf2-taslama-2x18v\/"},"modified":"2026-03-30T07:14:44","modified_gmt":"2026-03-30T04:14:44","slug":"makita-dga700rf2-taslama-2x18v","status":"publish","type":"product","link":"https:\/\/www.makitamarket.com.tr\/site\/urun\/makita-dga700rf2-taslama-2x18v\/","title":{"rendered":"Makita DGA700RF2 TA\u015eLAMA 2x18V"},"content":{"rendered":"<p>Model DGA700RF2<\/p>\n<p>Avu\u00e7 Ta\u015flama 180mm <\/p>\n<p><span style=\"background-color: white; color: rgb(0, 112, 192);\">Verimli k\u00f6m\u00fcrs\u00fcz avu\u00e7 ta\u015flama modeli<\/span><\/p>\n<p><span style=\"background-color: white; color: black;\">Zorlu profesyonel kullan\u0131m i\u00e7in &nbsp;<\/span><span style=\"background-color: white; color: rgb(33, 37, 41);\">kesici\/a\u015f\u0131nd\u0131r\u0131c\u0131 \/elmas <\/span><span style=\"background-color: white; color: black;\">180 mm kapasiteye sahip g\u00fc\u00e7l\u00fc, y\u00fcksek kapasiteli k\u00f6m\u00fcrs\u00fcz avu\u00e7 ta\u015flama makinesi. \u0130ki adet 18V LXT ak\u00fc ile y\u00fcksek 36V voltaj elde edilir. Dakikada 7.800 bo\u015fta devire sahiptir.<\/span><\/p>\n<p><span style=\"color: red;\">Kullan\u0131m amac\u0131: <\/span>Bu alet, metal ve ta\u015f malzemelerin su kullanmadan ta\u015flanmas\u0131,z\u0131mparalanmas\u0131,telle f\u0131r\u00e7alanmas\u0131, delik a\u00e7\u0131lmas\u0131 ve kesilmesi amac\u0131yla tasarlanm\u0131\u015ft\u0131r.<\/p>\n<p><u style=\"background-color: white; color: black;\">\u00d6zellikleri:<\/u><\/p>\n<p><span style=\"background-color: white; color: rgb(33, 37, 41);\">18V+18V=36V,XPT,ADT,AFT,BL MOTOR,\u00c7ift Ak\u00fcl\u00fc<\/span><\/p>\n<p>XPT(Ekstra Koruma Teknolojisi) sayesinde nemli ve ya\u011fmurlu ortamlarda kullan\u0131labilir. D\u00fc\u015fmeye kar\u015f\u0131 ekstra dayan\u0131kl\u0131d\u0131r.<\/p>\n<p>Ak\u00fcl\u00fc yap\u0131s\u0131 kullan\u0131c\u0131ya kablosuz kullan\u0131m imkan\u0131 sunar ve bu sayede kullan\u0131c\u0131lar geni\u015f alanlarda kablo s\u0131n\u0131rlamalar\u0131 olmadan rahat\u00e7a \u00e7al\u0131\u015fabilirler.<\/p>\n<p>Li-ion;Bataryan\u0131n daha verimli \u00e7al\u0131\u015fmas\u0131n\u0131 sa\u011flayan teknolojidir.<\/p>\n<p>ADT(Otomatik Tork Ayar Teknolojisi);\u00e7al\u0131\u015fma \u015fartlar\u0131na g\u00f6re kesme h\u0131z\u0131 otomatik olarak ayarlan\u0131r. <\/p>\n<p>AFT(A\u015f\u0131r\u0131 Y\u00fck Alg\u0131lama Teknolojisi);\u00e7al\u0131\u015fma s\u0131ras\u0131nda cihaza a\u015f\u0131r\u0131 y\u00fck bindi\u011finde cihaz otomatik olarak durur. <\/p>\n<p>BL Motor\/K\u00f6m\u00fcrs\u00fcz Motor mevcuttur. K\u00f6m\u00fcrs\u00fcz motor sayesinde \u00e7al\u0131\u015fma esnas\u0131nda olu\u015fan \u0131s\u0131 enerjisi kaybolmaz ve makinenin g\u00fcc\u00fcne iletilir.<\/p>\n<ol>\n<li data-list=\"ordered\"><span class=\"ql-ui\" contenteditable=\"false\"><\/span>Elektrik freni mevcuttur.<\/li>\n<li data-list=\"ordered\"><span class=\"ql-ui\" contenteditable=\"false\"><\/span>Yumu\u015fak ba\u015flama \u00f6zelli\u011fi mevcuttur.<\/li>\n<li data-list=\"ordered\"><span class=\"ql-ui\" contenteditable=\"false\"><\/span>Toz emme \u00fcnitesi mevcuttur.<\/li>\n<li data-list=\"ordered\"><span class=\"ql-ui\" contenteditable=\"false\"><\/span>Plastik ta\u015f\u0131ma \u00e7antal\u0131d\u0131r.<\/li>\n<\/ol>\n<p>Ambalaj i\u00e7eri\u011fi: Siper, yan sap, anahtar<\/p>\n<p><span style=\"background-color: white; color: red;\">Tam dolu ak\u00fcler ile maksimum kullan\u0131m s\u00fcresi 5 dakikad\u0131r.<\/span><\/p>\n<p><\/p>\n<table>\n<tr>\n<td>Kapasite<\/td>\n<td>Kesici, A\u015f\u0131nd\u0131r\u0131c\u0131, Elmas : 180mm<\/td>\n<\/tr>\n<tr>\n<td>Bo\u015ftaki devir say\u0131s\u0131<\/td>\n<td>7.800 devir\/dk<\/td>\n<\/tr>\n<tr>\n<td>Net A\u011f\u0131rl\u0131k<\/td>\n<td>5.0 kg<\/td>\n<\/tr>\n<tr>\n<td>G\u00fc\u00e7-Kapasite<\/td>\n<td>2x18V\/3.0Ah\/Li-ion<\/td>\n<\/tr>\n<tr>\n<td>Ak\u00fc \/ \u015earj Cihaz\u0131<\/td>\n<td>BL1830B \/ DC18RC<\/td>\n<\/tr>\n<tr>\n<td>Mil \u00c7ap\u0131<\/td>\n<td>M14<\/td>\n<\/tr>\n<\/table>\n","protected":false},"excerpt":{"rendered":"<p>Model DGA700RF2<\/p>\n<p>Avu\u00e7 Ta\u015flama 180mm <\/p>\n<p><span style=\"background-color: white; color: rgb(0, 112, 192);\">Verimli k\u00f6m\u00fcrs\u00fcz avu\u00e7 ta\u015flama modeli<\/span><\/p>\n<p><span style=\"background-color: white; color: black;\">Zorlu profesyonel kullan\u0131m i\u00e7in &nbsp;<\/span><span style=\"background-color: white; color: rgb(33, 37, 41);\">kesici\/a\u015f\u0131nd\u0131r\u0131c\u0131 \/elmas <\/span><span style=\"background-color: white; color: black;\">180 mm kapasiteye sahip g\u00fc\u00e7l\u00fc, y\u00fcksek kapasiteli k\u00f6m\u00fcrs\u00fcz avu\u00e7 ta\u015flama makinesi. \u0130ki adet 18V LXT ak\u00fc ile y\u00fcksek 36V voltaj elde edilir. Dakikada 7.800 bo\u015fta devire sahiptir.<\/span><\/p>\n<p><span style=\"color: red;\">Kullan\u0131m amac\u0131: <\/span>Bu alet, metal ve ta\u015f malzemelerin su kullanmadan ta\u015flanmas\u0131,z\u0131mparalanmas\u0131,telle f\u0131r\u00e7alanmas\u0131, delik a\u00e7\u0131lmas\u0131 ve kesilmesi amac\u0131yla tasarlanm\u0131\u015ft\u0131r.<\/p>\n<p><u style=\"background-color: white; color: black;\">\u00d6zellikleri:<\/u><\/p>\n<p><span style=\"background-color: white; color: rgb(33, 37, 41);\">18V+18V=36V,XPT,ADT,AFT,BL MOTOR,\u00c7ift Ak\u00fcl\u00fc<\/span><\/p>\n<p>XPT(Ekstra Koruma Teknolojisi) sayesinde nemli ve ya\u011fmurlu ortamlarda kullan\u0131labilir. D\u00fc\u015fmeye kar\u015f\u0131 ekstra dayan\u0131kl\u0131d\u0131r.<\/p>\n<p>Ak\u00fcl\u00fc yap\u0131s\u0131 kullan\u0131c\u0131ya kablosuz kullan\u0131m imkan\u0131 sunar ve bu sayede kullan\u0131c\u0131lar geni\u015f alanlarda kablo s\u0131n\u0131rlamalar\u0131 olmadan rahat\u00e7a \u00e7al\u0131\u015fabilirler.<\/p>\n<p>Li-ion;Bataryan\u0131n daha verimli \u00e7al\u0131\u015fmas\u0131n\u0131 sa\u011flayan teknolojidir.<\/p>\n<p>ADT(Otomatik Tork Ayar Teknolojisi);\u00e7al\u0131\u015fma \u015fartlar\u0131na g\u00f6re kesme h\u0131z\u0131 otomatik olarak ayarlan\u0131r. <\/p>\n<p>AFT(A\u015f\u0131r\u0131 Y\u00fck Alg\u0131lama Teknolojisi);\u00e7al\u0131\u015fma s\u0131ras\u0131nda cihaza a\u015f\u0131r\u0131 y\u00fck bindi\u011finde cihaz otomatik olarak durur. <\/p>\n<p>BL Motor\/K\u00f6m\u00fcrs\u00fcz Motor mevcuttur. K\u00f6m\u00fcrs\u00fcz motor sayesinde \u00e7al\u0131\u015fma esnas\u0131nda olu\u015fan \u0131s\u0131 enerjisi kaybolmaz ve makinenin g\u00fcc\u00fcne iletilir.<\/p>\n<ol>\n<li data-list=\"ordered\"><span class=\"ql-ui\" contenteditable=\"false\"><\/span>Elektrik freni mevcuttur.<\/li>\n<li data-list=\"ordered\"><span class=\"ql-ui\" contenteditable=\"false\"><\/span>Yumu\u015fak ba\u015flama \u00f6zelli\u011fi mevcuttur.<\/li>\n<li data-list=\"ordered\"><span class=\"ql-ui\" contenteditable=\"false\"><\/span>Toz emme \u00fcnitesi mevcuttur.<\/li>\n<li data-list=\"ordered\"><span class=\"ql-ui\" contenteditable=\"false\"><\/span>Plastik ta\u015f\u0131ma \u00e7antal\u0131d\u0131r.<\/li>\n<\/ol>\n<p>Ambalaj i\u00e7eri\u011fi: Siper, yan sap, anahtar<\/p>\n<p><span style=\"background-color: white; color: red;\">Tam dolu ak\u00fcler ile maksimum kullan\u0131m s\u00fcresi 5 dakikad\u0131r.<\/span><\/p>\n<p><\/p>\n","protected":false},"featured_media":8618,"comment_status":"open","ping_status":"closed","template":"","meta":{"_acf_changed":false},"product_brand":[1485],"product_cat":[739],"product_tag":[],"class_list":{"0":"post-22723","1":"product","2":"type-product","3":"status-publish","4":"has-post-thumbnail","6":"product_brand-makita","7":"product_cat-36-volt","9":"first","10":"instock","11":"taxable","12":"shipping-taxable","13":"purchasable","14":"product-type-simple","15":"add-to-wishlist-after_add_to_cart"},"acf":[],"_links":{"self":[{"href":"https:\/\/www.makitamarket.com.tr\/site\/wp-json\/wp\/v2\/product\/22723","targetHints":{"allow":["GET"]}}],"collection":[{"href":"https:\/\/www.makitamarket.com.tr\/site\/wp-json\/wp\/v2\/product"}],"about":[{"href":"https:\/\/www.makitamarket.com.tr\/site\/wp-json\/wp\/v2\/types\/product"}],"replies":[{"embeddable":true,"href":"https:\/\/www.makitamarket.com.tr\/site\/wp-json\/wp\/v2\/comments?post=22723"}],"wp:featuredmedia":[{"embeddable":true,"href":"https:\/\/www.makitamarket.com.tr\/site\/wp-json\/wp\/v2\/media\/8618"}],"wp:attachment":[{"href":"https:\/\/www.makitamarket.com.tr\/site\/wp-json\/wp\/v2\/media?parent=22723"}],"wp:term":[{"taxonomy":"product_brand","embeddable":true,"href":"https:\/\/www.makitamarket.com.tr\/site\/wp-json\/wp\/v2\/product_brand?post=22723"},{"taxonomy":"product_cat","embeddable":true,"href":"https:\/\/www.makitamarket.com.tr\/site\/wp-json\/wp\/v2\/product_cat?post=22723"},{"taxonomy":"product_tag","embeddable":true,"href":"https:\/\/www.makitamarket.com.tr\/site\/wp-json\/wp\/v2\/product_tag?post=22723"}],"curies":[{"name":"wp","href":"https:\/\/api.w.org\/{rel}","templated":true}]}}