{"id":22728,"date":"2025-01-06T16:34:27","date_gmt":"2025-01-06T13:34:27","guid":{"rendered":"https:\/\/www.makitamarket.com.tr\/site\/urun\/bea-1450763-zimba-teli-cakma-tabancasi-25-50-mm\/"},"modified":"2025-12-01T00:05:17","modified_gmt":"2025-11-30T21:05:17","slug":"bea-1450763-zimba-teli-cakma-tabancasi-25-50-mm","status":"publish","type":"product","link":"https:\/\/www.makitamarket.com.tr\/site\/urun\/bea-1450763-zimba-teli-cakma-tabancasi-25-50-mm\/","title":{"rendered":"Bea 1450763 ZIMBA TEL\u0130 \u00c7AKMA TABANCASI 25 &#8211; 50 mm"},"content":{"rendered":"<div>\n\t<strong>\u2022<\/strong> \u00c7at\u0131 ve sand\u0131k imalat\u0131<\/div>\n<div>\n\t<strong>\u2022\u00a0<\/strong>Palet tamiri<\/div>\n<div>\n\t<strong>\u2022\u00a0<\/strong>Alt d\u00f6\u015feme<\/div>\n<table>\n<tr>\n<td>Z\u0131mba Teli<\/td>\n<td>14 ve 155 Tipi 25-50mm z\u0131mba teli<\/td>\n<\/tr>\n<tr>\n<td>Magazin Tipi<\/td>\n<td>\u00dcstten doldurma<\/td>\n<\/tr>\n<tr>\n<td>Magazin Kapasitesi<\/td>\n<td>156<\/td>\n<\/tr>\n<tr>\n<td>\u00c7al\u0131\u015fma Bas\u0131nc\u0131<\/td>\n<td>6-8 BAR<\/td>\n<\/tr>\n<tr>\n<td>A\u011f\u0131rl\u0131k<\/td>\n<td>2.14 kg<\/td>\n<\/tr>\n<\/table>\n","protected":false},"excerpt":{"rendered":"<div>\n\t<strong>\u2022<\/strong> \u00c7at\u0131 ve sand\u0131k imalat\u0131<\/div>\n<div>\n\t<strong>\u2022\u00a0<\/strong>Palet tamiri<\/div>\n<div>\n\t<strong>\u2022\u00a0<\/strong>Alt d\u00f6\u015feme<\/div>\n","protected":false},"featured_media":8643,"comment_status":"open","ping_status":"closed","template":"","meta":{"_acf_changed":false},"product_brand":[1508],"product_cat":[778],"product_tag":[],"class_list":{"0":"post-22728","1":"product","2":"type-product","3":"status-publish","4":"has-post-thumbnail","6":"product_brand-bea","7":"product_cat-havali-zimba-cakma-tabancalari","9":"first","10":"outofstock","11":"taxable","12":"shipping-taxable","13":"purchasable","14":"product-type-simple","15":"add-to-wishlist-after_add_to_cart"},"acf":[],"_links":{"self":[{"href":"https:\/\/www.makitamarket.com.tr\/site\/wp-json\/wp\/v2\/product\/22728","targetHints":{"allow":["GET"]}}],"collection":[{"href":"https:\/\/www.makitamarket.com.tr\/site\/wp-json\/wp\/v2\/product"}],"about":[{"href":"https:\/\/www.makitamarket.com.tr\/site\/wp-json\/wp\/v2\/types\/product"}],"replies":[{"embeddable":true,"href":"https:\/\/www.makitamarket.com.tr\/site\/wp-json\/wp\/v2\/comments?post=22728"}],"wp:featuredmedia":[{"embeddable":true,"href":"https:\/\/www.makitamarket.com.tr\/site\/wp-json\/wp\/v2\/media\/8643"}],"wp:attachment":[{"href":"https:\/\/www.makitamarket.com.tr\/site\/wp-json\/wp\/v2\/media?parent=22728"}],"wp:term":[{"taxonomy":"product_brand","embeddable":true,"href":"https:\/\/www.makitamarket.com.tr\/site\/wp-json\/wp\/v2\/product_brand?post=22728"},{"taxonomy":"product_cat","embeddable":true,"href":"https:\/\/www.makitamarket.com.tr\/site\/wp-json\/wp\/v2\/product_cat?post=22728"},{"taxonomy":"product_tag","embeddable":true,"href":"https:\/\/www.makitamarket.com.tr\/site\/wp-json\/wp\/v2\/product_tag?post=22728"}],"curies":[{"name":"wp","href":"https:\/\/api.w.org\/{rel}","templated":true}]}}