{"id":22733,"date":"2025-01-06T16:34:30","date_gmt":"2025-01-06T13:34:30","guid":{"rendered":"https:\/\/www.makitamarket.com.tr\/site\/urun\/makita-dvr450rfe-beton-vibratoru-18v\/"},"modified":"2026-04-06T12:23:00","modified_gmt":"2026-04-06T09:23:00","slug":"makita-dvr450rfe-beton-vibratoru-18v","status":"publish","type":"product","link":"https:\/\/www.makitamarket.com.tr\/site\/urun\/makita-dvr450rfe-beton-vibratoru-18v\/","title":{"rendered":"Makita DVR450RFE BETON V\u0130BRAT\u00d6R\u00dc 18V"},"content":{"rendered":"<p><span style=\"color: rgb(33, 37, 41); background-color: white;\">Model DVR450RFE<\/span><\/p>\n<p><span style=\"color: rgb(0, 112, 192);\">Hava ceplerinin kolayca \u00e7\u0131kar\u0131lmas\u0131 i\u00e7in 1.200 mm&#8217;lik bir \u015faft<\/span><\/p>\n<p><span style=\"color: rgb(33, 37, 41);\">Ak\u00fc ile \u00e7al\u0131\u015fan 18V titre\u015fimli beton vibrat\u00f6r\u00fc. Temel ve tabanlardaki betondan hava ceplerinin h\u0131zl\u0131 ve kolay bir \u015fekilde \u00e7\u0131kar\u0131lmas\u0131 i\u00e7in uygundur. \u015eaft uzunlu\u011fu 1.200 mm ve \u00e7ap\u0131 25 mmdir.<\/span><\/p>\n<p><span style=\"color: red;\">Kullan\u0131m amac\u0131: <\/span><span style=\"color: rgb(33, 37, 41);\">Bu alet, beton d\u00f6kerken betondan hava kabarc\u0131klar\u0131n\u0131 almak i\u00e7in tasarlanm\u0131\u015ft\u0131r. <\/span><\/p>\n<p><span style=\"color: rgb(33, 37, 41); background-color: white;\">Beton Vibrat\u00f6rleri<\/span><\/p>\n<p><u style=\"color: rgb(33, 37, 41);\">\u00d6zellikleri:<\/u><\/p>\n<p><span style=\"color: rgb(33, 37, 41); background-color: white;\">18V max Lithium-ion,\u00c7ift Ak\u00fcl\u00fc<\/span><\/p>\n<p>Ak\u00fcl\u00fc yap\u0131s\u0131 kullan\u0131c\u0131ya kablosuz kullan\u0131m imkan\u0131 sunar ve bu sayede kullan\u0131c\u0131lar geni\u015f alanlarda kablo s\u0131n\u0131rlamalar\u0131 olmadan rahat\u00e7a \u00e7al\u0131\u015fabilirler.<\/p>\n<p>Li-ion;Bataryan\u0131n daha verimli \u00e7al\u0131\u015fmas\u0131n\u0131 sa\u011flayan teknolojidir.<\/p>\n<p><span style=\"color: rgb(33, 37, 41); background-color: white;\">Vibrat\u00f6r \u00e7ap\u0131:25mm<\/span><\/p>\n<p><span style=\"color: rgb(33, 37, 41); background-color: white;\">Koli i\u00e7i adedi:1<\/span><\/p>\n<p><span style=\"color: rgb(33, 37, 41); background-color: white;\">G\u00fc\u00e7 Kapasite: 18V\/3.0 Ah \/Li-ion<\/span><\/p>\n<p><span style=\"color: rgb(33, 37, 41); background-color: white;\">Ambalaj i\u00e7eri\u011fi: \u015earj Cihaz\u0131,\u00c7ift ak\u00fc, Vibrat\u00f6r hortum<\/span><\/p>\n<p><\/p>\n<table>\n<tr>\n<td>Vibrat\u00f6r \u00c7ap\u0131<\/td>\n<td>25mm<\/td>\n<\/tr>\n<tr>\n<td>Esnek K\u0131s\u0131m Uzunlu\u011fu<\/td>\n<td>1200mm<\/td>\n<\/tr>\n<tr>\n<td>Dakikada Vibrasyon<\/td>\n<td>13000<\/td>\n<\/tr>\n<tr>\n<td>Net A\u011f\u0131rl\u0131k<\/td>\n<td>3.8 kg<\/td>\n<\/tr>\n<tr>\n<td>G\u00fc\u00e7-Kapasite<\/td>\n<td>18V\/3.0Ah\/Li-ion<\/td>\n<\/tr>\n<tr>\n<td>Ak\u00fc \/ \u015earj Cihaz\u0131<\/td>\n<td>BL1830\/DC18RC<\/td>\n<\/tr>\n<\/table>\n","protected":false},"excerpt":{"rendered":"<p><span style=\"color: rgb(33, 37, 41); background-color: white;\">Model DVR450RFE<\/span><\/p>\n<p><span style=\"color: rgb(0, 112, 192);\">Hava ceplerinin kolayca \u00e7\u0131kar\u0131lmas\u0131 i\u00e7in 1.200 mm&#8217;lik bir \u015faft<\/span><\/p>\n<p><span style=\"color: rgb(33, 37, 41);\">Ak\u00fc ile \u00e7al\u0131\u015fan 18V titre\u015fimli beton vibrat\u00f6r\u00fc. Temel ve tabanlardaki betondan hava ceplerinin h\u0131zl\u0131 ve kolay bir \u015fekilde \u00e7\u0131kar\u0131lmas\u0131 i\u00e7in uygundur. \u015eaft uzunlu\u011fu 1.200 mm ve \u00e7ap\u0131 25 mmdir.<\/span><\/p>\n<p><span style=\"color: red;\">Kullan\u0131m amac\u0131: <\/span><span style=\"color: rgb(33, 37, 41);\">Bu alet, beton d\u00f6kerken betondan hava kabarc\u0131klar\u0131n\u0131 almak i\u00e7in tasarlanm\u0131\u015ft\u0131r. <\/span><\/p>\n<p><span style=\"color: rgb(33, 37, 41); background-color: white;\">Beton Vibrat\u00f6rleri<\/span><\/p>\n<p><u style=\"color: rgb(33, 37, 41);\">\u00d6zellikleri:<\/u><\/p>\n<p><span style=\"color: rgb(33, 37, 41); background-color: white;\">18V max Lithium-ion,\u00c7ift Ak\u00fcl\u00fc<\/span><\/p>\n<p>Ak\u00fcl\u00fc yap\u0131s\u0131 kullan\u0131c\u0131ya kablosuz kullan\u0131m imkan\u0131 sunar ve bu sayede kullan\u0131c\u0131lar geni\u015f alanlarda kablo s\u0131n\u0131rlamalar\u0131 olmadan rahat\u00e7a \u00e7al\u0131\u015fabilirler.<\/p>\n<p>Li-ion;Bataryan\u0131n daha verimli \u00e7al\u0131\u015fmas\u0131n\u0131 sa\u011flayan teknolojidir.<\/p>\n<p><span style=\"color: rgb(33, 37, 41); background-color: white;\">Vibrat\u00f6r \u00e7ap\u0131:25mm<\/span><\/p>\n<p><span style=\"color: rgb(33, 37, 41); background-color: white;\">Koli i\u00e7i adedi:1<\/span><\/p>\n<p><span style=\"color: rgb(33, 37, 41); background-color: white;\">G\u00fc\u00e7 Kapasite: 18V\/3.0 Ah \/Li-ion<\/span><\/p>\n<p><span style=\"color: rgb(33, 37, 41); background-color: white;\">Ambalaj i\u00e7eri\u011fi: \u015earj Cihaz\u0131,\u00c7ift ak\u00fc, Vibrat\u00f6r hortum<\/span><\/p>\n<p><\/p>\n","protected":false},"featured_media":8676,"comment_status":"open","ping_status":"closed","template":"","meta":{"_acf_changed":false},"product_brand":[1485],"product_cat":[755],"product_tag":[],"class_list":{"0":"post-22733","1":"product","2":"type-product","3":"status-publish","4":"has-post-thumbnail","6":"product_brand-makita","7":"product_cat-18-volt","9":"first","10":"instock","11":"taxable","12":"shipping-taxable","13":"purchasable","14":"product-type-simple","15":"add-to-wishlist-after_add_to_cart"},"acf":[],"_links":{"self":[{"href":"https:\/\/www.makitamarket.com.tr\/site\/wp-json\/wp\/v2\/product\/22733","targetHints":{"allow":["GET"]}}],"collection":[{"href":"https:\/\/www.makitamarket.com.tr\/site\/wp-json\/wp\/v2\/product"}],"about":[{"href":"https:\/\/www.makitamarket.com.tr\/site\/wp-json\/wp\/v2\/types\/product"}],"replies":[{"embeddable":true,"href":"https:\/\/www.makitamarket.com.tr\/site\/wp-json\/wp\/v2\/comments?post=22733"}],"wp:featuredmedia":[{"embeddable":true,"href":"https:\/\/www.makitamarket.com.tr\/site\/wp-json\/wp\/v2\/media\/8676"}],"wp:attachment":[{"href":"https:\/\/www.makitamarket.com.tr\/site\/wp-json\/wp\/v2\/media?parent=22733"}],"wp:term":[{"taxonomy":"product_brand","embeddable":true,"href":"https:\/\/www.makitamarket.com.tr\/site\/wp-json\/wp\/v2\/product_brand?post=22733"},{"taxonomy":"product_cat","embeddable":true,"href":"https:\/\/www.makitamarket.com.tr\/site\/wp-json\/wp\/v2\/product_cat?post=22733"},{"taxonomy":"product_tag","embeddable":true,"href":"https:\/\/www.makitamarket.com.tr\/site\/wp-json\/wp\/v2\/product_tag?post=22733"}],"curies":[{"name":"wp","href":"https:\/\/api.w.org\/{rel}","templated":true}]}}