{"id":22735,"date":"2025-01-06T16:34:31","date_gmt":"2025-01-06T13:34:31","guid":{"rendered":"https:\/\/www.makitamarket.com.tr\/site\/urun\/bea-92-40-712-zimba-teli-cakma-tabancasi-15-40-mm\/"},"modified":"2026-04-06T12:23:05","modified_gmt":"2026-04-06T09:23:05","slug":"bea-92-40-712-zimba-teli-cakma-tabancasi-15-40-mm","status":"publish","type":"product","link":"https:\/\/www.makitamarket.com.tr\/site\/urun\/bea-92-40-712-zimba-teli-cakma-tabancasi-15-40-mm\/","title":{"rendered":"Bea 92\/40-712 ZIMBA TEL\u0130 \u00c7AKMA TABANCASI 15\/40 mm"},"content":{"rendered":"<table>\n<tr>\n<td>\u00c7al\u0131\u015fma Bas\u0131nc\u0131<\/td>\n<td>5-8 BAR<\/td>\n<\/tr>\n<tr>\n<td>Z\u0131mba Teli<\/td>\n<td>92 Serisi 15-32mm kadar ayak uzunlu\u011fu<\/td>\n<\/tr>\n<tr>\n<td>Magazin Tipi<\/td>\n<td>\u00dcstten doldurma<\/td>\n<\/tr>\n<tr>\n<td>Magazin Kapasitesi<\/td>\n<td>211<\/td>\n<\/tr>\n<tr>\n<td>A\u011f\u0131rl\u0131k<\/td>\n<td>2.1 kg<\/td>\n<\/tr>\n<\/table>\n","protected":false},"excerpt":{"rendered":"<p>\u00c7al\u0131\u015fma Bas\u0131nc\u0131 5-8 BAR Z\u0131mba Teli 92 Serisi 15-32mm kadar ayak uzunlu\u011fu Magazin Tipi \u00dcstten doldurma Magazin Kapasitesi 211 A\u011f\u0131rl\u0131k 2.1 kg<\/p>\n","protected":false},"featured_media":8684,"comment_status":"open","ping_status":"closed","template":"","meta":{"_acf_changed":false},"product_brand":[1508],"product_cat":[778],"product_tag":[],"class_list":{"0":"post-22735","1":"product","2":"type-product","3":"status-publish","4":"has-post-thumbnail","6":"product_brand-bea","7":"product_cat-havali-zimba-cakma-tabancalari","9":"first","10":"outofstock","11":"taxable","12":"shipping-taxable","13":"purchasable","14":"product-type-simple","15":"add-to-wishlist-after_add_to_cart"},"acf":[],"_links":{"self":[{"href":"https:\/\/www.makitamarket.com.tr\/site\/wp-json\/wp\/v2\/product\/22735","targetHints":{"allow":["GET"]}}],"collection":[{"href":"https:\/\/www.makitamarket.com.tr\/site\/wp-json\/wp\/v2\/product"}],"about":[{"href":"https:\/\/www.makitamarket.com.tr\/site\/wp-json\/wp\/v2\/types\/product"}],"replies":[{"embeddable":true,"href":"https:\/\/www.makitamarket.com.tr\/site\/wp-json\/wp\/v2\/comments?post=22735"}],"wp:featuredmedia":[{"embeddable":true,"href":"https:\/\/www.makitamarket.com.tr\/site\/wp-json\/wp\/v2\/media\/8684"}],"wp:attachment":[{"href":"https:\/\/www.makitamarket.com.tr\/site\/wp-json\/wp\/v2\/media?parent=22735"}],"wp:term":[{"taxonomy":"product_brand","embeddable":true,"href":"https:\/\/www.makitamarket.com.tr\/site\/wp-json\/wp\/v2\/product_brand?post=22735"},{"taxonomy":"product_cat","embeddable":true,"href":"https:\/\/www.makitamarket.com.tr\/site\/wp-json\/wp\/v2\/product_cat?post=22735"},{"taxonomy":"product_tag","embeddable":true,"href":"https:\/\/www.makitamarket.com.tr\/site\/wp-json\/wp\/v2\/product_tag?post=22735"}],"curies":[{"name":"wp","href":"https:\/\/api.w.org\/{rel}","templated":true}]}}