{"id":22743,"date":"2025-01-06T16:34:34","date_gmt":"2025-01-06T13:34:34","guid":{"rendered":"https:\/\/www.makitamarket.com.tr\/site\/urun\/makita-ca5000x-metal-kesme-makinasi\/"},"modified":"2026-04-06T12:24:00","modified_gmt":"2026-04-06T09:24:00","slug":"makita-ca5000x-metal-kesme-makinasi","status":"publish","type":"product","link":"https:\/\/www.makitamarket.com.tr\/site\/urun\/makita-ca5000x-metal-kesme-makinasi\/","title":{"rendered":"Makita CA5000X METAL KESME MAK\u0130NASI"},"content":{"rendered":"<p>Model CA5000X<\/p>\n<p>Metal Kesme Makinalar\u0131 118mm<\/p>\n<p>1.300 W \u2022 1.6 mm \u2022 4.500 dak\u207b\u00b9<\/p>\n<p><strong style=\"color: rgb(0, 112, 192);\">Y\u00fcksek Performansl\u0131 Metal Kesme Makinesi<\/strong><\/p>\n<p>Metal, ta\u015f ve di\u011fer sert malzemelerde kesme ve ta\u015flama i\u015flemleri i\u00e7in tasarlanm\u0131\u015f, g\u00fc\u00e7l\u00fc ve dayan\u0131kl\u0131 bir makine modelidir. <strong>1.300 W motor g\u00fcc\u00fc<\/strong> ve kesici\/a\u015f\u0131nd\u0131r\u0131c\u0131\/elmas <strong>165 mm disk \u00e7ap\u0131<\/strong> ile a\u011f\u0131r i\u015fler i\u00e7in y\u00fcksek performans sunar. Dakikada 2.700-6.400 bo\u015fta devire sahiptir. Ergonomik tasar\u0131m\u0131, d\u00fc\u015f\u00fck titre\u015fim seviyesi ve dayan\u0131kl\u0131 yap\u0131s\u0131 sayesinde uzun s\u00fcreli kullan\u0131mda konfor sa\u011flar. \u0130n\u015faat, metal i\u015f\u00e7ili\u011fi ve profesyonel projelerde g\u00fcvenilir bir tercihtir.<\/p>\n<p><span style=\"color: red;\">Kullan\u0131m amac\u0131: <\/span>Bu alet al\u00fcminyum, plastik, mineral i\u00e7erikli plastikten imal edilmi\u015f kompozit levhalar ve benzeri malzemelerde oluk a\u00e7mak amac\u0131yla \u00f6zel olarak tasarlanm\u0131\u015ft\u0131r. Alet do\u011fru dairesel testere b\u0131\u00e7a\u011f\u0131yla donat\u0131lm\u0131\u015fsa, ah\u015fap ve al\u00fcminyum kesmek i\u00e7in kullan\u0131labilir. <\/p>\n<p><u>\u00d6zellikleri:<\/u><\/p>\n<p><span style=\"color: red;\">G\u00fc\u00e7 Kayna\u011f\u0131: <\/span>Aletin, yaln\u0131zca isim levhas\u0131nda belirtilenle ayn\u0131 voltajl\u0131 g\u00fc\u00e7 kayna\u011f\u0131na ba\u011flanmas\u0131 gerekir ve yaln\u0131zca tek fazl\u0131 AC g\u00fc\u00e7 kayna\u011f\u0131yla \u00e7al\u0131\u015ft\u0131r\u0131labilir. \u00c7ifte yal\u0131t\u0131ml\u0131d\u0131r ve topraklamas\u0131z prizlerle de kullan\u0131labilir.<\/p>\n<ol>\n<li data-list=\"bullet\"><span class=\"ql-ui\" contenteditable=\"false\"><\/span>\u00c7ift yal\u0131t\u0131ml\u0131d\u0131r.<\/li>\n<li data-list=\"bullet\"><span class=\"ql-ui\" contenteditable=\"false\"><\/span>De\u011fi\u015fken h\u0131z \u00f6zelli\u011fine sahiptir.<\/li>\n<li data-list=\"bullet\"><span class=\"ql-ui\" contenteditable=\"false\"><\/span>Elektrik freni mevcuttur.<\/li>\n<li data-list=\"bullet\"><span class=\"ql-ui\" contenteditable=\"false\"><\/span><span style=\"color: black;\">Sabit h\u0131z \u00f6zelli\u011fi vard\u0131r.<\/span><\/li>\n<li data-list=\"bullet\"><span class=\"ql-ui\" contenteditable=\"false\"><\/span>Yumu\u015fak ba\u015flama \u00f6zelli\u011fi mevcuttur.<\/li>\n<li data-list=\"bullet\"><span class=\"ql-ui\" contenteditable=\"false\"><\/span>Toz emme \u00fcnitesi mevcuttur.<\/li>\n<li data-list=\"bullet\"><span class=\"ql-ui\" contenteditable=\"false\"><\/span>Plastik ta\u015f\u0131ma \u00e7antal\u0131d\u0131r.<\/li>\n<\/ol>\n<p><span style=\"background-color: white; color: rgb(33, 37, 41);\">Ambalaj i\u00e7eri\u011fi: Kesme b\u0131\u00e7a\u011f\u0131, plaka, anahtar<\/span><\/p>\n<p><span style=\"background-color: white; color: red;\">Testere:B-48832<\/span><\/p>\n<p><span style=\"background-color: white; color: red;\">Al\u00fcminyum malzemelerde yiv oluk a\u00e7ma i\u015flerinde kullan\u0131l\u0131r.<\/span><\/p>\n<p><\/p>\n<table>\n<tr>\n<td>S\u00fcrekli Ak\u0131m Giri\u015fi<\/td>\n<td>1300W<\/td>\n<\/tr>\n<tr>\n<td>B\u0131\u00e7ak \u00e7ap\u0131<\/td>\n<td>165mm<\/td>\n<\/tr>\n<tr>\n<td>Kesme b\u0131\u00e7ak \u00e7ap\u0131<\/td>\n<td>118<\/td>\n<\/tr>\n<tr>\n<td>Kapasite<\/td>\n<td>Kesme b\u0131ca\u011f\u0131: Klavuz ray\u0131 ile 11mm, Klavuz rays\u0131z: 19mm<\/td>\n<\/tr>\n<tr>\n<td>Bo\u015fta Devir<\/td>\n<td>2.600-6.400 devir\/dk<\/td>\n<\/tr>\n<tr>\n<td>Net A\u011f\u0131rl\u0131k<\/td>\n<td>4.7 kg<\/td>\n<\/tr>\n<tr>\n<td>Ak\u0131m<\/td>\n<td>5.90Ah<\/td>\n<\/tr>\n<tr>\n<td>Kapasite<\/td>\n<td>TCT b\u0131\u00e7a\u011f\u0131: Klavuz ray\u0131 ile: 36mm, Klavuz rays\u0131z: 41mm<\/td>\n<\/tr>\n<\/table>\n","protected":false},"excerpt":{"rendered":"<p>Model CA5000X<\/p>\n<p>Metal Kesme Makinalar\u0131 118mm<\/p>\n<p>1.300 W \u2022 1.6 mm \u2022 4.500 dak\u207b\u00b9<\/p>\n<p><strong style=\"color: rgb(0, 112, 192);\">Y\u00fcksek Performansl\u0131 Metal Kesme Makinesi<\/strong><\/p>\n<p>Metal, ta\u015f ve di\u011fer sert malzemelerde kesme ve ta\u015flama i\u015flemleri i\u00e7in tasarlanm\u0131\u015f, g\u00fc\u00e7l\u00fc ve dayan\u0131kl\u0131 bir makine modelidir. <strong>1.300 W motor g\u00fcc\u00fc<\/strong> ve kesici\/a\u015f\u0131nd\u0131r\u0131c\u0131\/elmas <strong>165 mm disk \u00e7ap\u0131<\/strong> ile a\u011f\u0131r i\u015fler i\u00e7in y\u00fcksek performans sunar. Dakikada 2.700-6.400 bo\u015fta devire sahiptir. Ergonomik tasar\u0131m\u0131, d\u00fc\u015f\u00fck titre\u015fim seviyesi ve dayan\u0131kl\u0131 yap\u0131s\u0131 sayesinde uzun s\u00fcreli kullan\u0131mda konfor sa\u011flar. \u0130n\u015faat, metal i\u015f\u00e7ili\u011fi ve profesyonel projelerde g\u00fcvenilir bir tercihtir.<\/p>\n<p><span style=\"color: red;\">Kullan\u0131m amac\u0131: <\/span>Bu alet al\u00fcminyum, plastik, mineral i\u00e7erikli plastikten imal edilmi\u015f kompozit levhalar ve benzeri malzemelerde oluk a\u00e7mak amac\u0131yla \u00f6zel olarak tasarlanm\u0131\u015ft\u0131r. Alet do\u011fru dairesel testere b\u0131\u00e7a\u011f\u0131yla donat\u0131lm\u0131\u015fsa, ah\u015fap ve al\u00fcminyum kesmek i\u00e7in kullan\u0131labilir. <\/p>\n<p><u>\u00d6zellikleri:<\/u><\/p>\n<p><span style=\"color: red;\">G\u00fc\u00e7 Kayna\u011f\u0131: <\/span>Aletin, yaln\u0131zca isim levhas\u0131nda belirtilenle ayn\u0131 voltajl\u0131 g\u00fc\u00e7 kayna\u011f\u0131na ba\u011flanmas\u0131 gerekir ve yaln\u0131zca tek fazl\u0131 AC g\u00fc\u00e7 kayna\u011f\u0131yla \u00e7al\u0131\u015ft\u0131r\u0131labilir. \u00c7ifte yal\u0131t\u0131ml\u0131d\u0131r ve topraklamas\u0131z prizlerle de kullan\u0131labilir.<\/p>\n<ol>\n<li data-list=\"bullet\"><span class=\"ql-ui\" contenteditable=\"false\"><\/span>\u00c7ift yal\u0131t\u0131ml\u0131d\u0131r.<\/li>\n<li data-list=\"bullet\"><span class=\"ql-ui\" contenteditable=\"false\"><\/span>De\u011fi\u015fken h\u0131z \u00f6zelli\u011fine sahiptir.<\/li>\n<li data-list=\"bullet\"><span class=\"ql-ui\" contenteditable=\"false\"><\/span>Elektrik freni mevcuttur.<\/li>\n<li data-list=\"bullet\"><span class=\"ql-ui\" contenteditable=\"false\"><\/span><span style=\"color: black;\">Sabit h\u0131z \u00f6zelli\u011fi vard\u0131r.<\/span><\/li>\n<li data-list=\"bullet\"><span class=\"ql-ui\" contenteditable=\"false\"><\/span>Yumu\u015fak ba\u015flama \u00f6zelli\u011fi mevcuttur.<\/li>\n<li data-list=\"bullet\"><span class=\"ql-ui\" contenteditable=\"false\"><\/span>Toz emme \u00fcnitesi mevcuttur.<\/li>\n<li data-list=\"bullet\"><span class=\"ql-ui\" contenteditable=\"false\"><\/span>Plastik ta\u015f\u0131ma \u00e7antal\u0131d\u0131r.<\/li>\n<\/ol>\n<p><span style=\"background-color: white; color: rgb(33, 37, 41);\">Ambalaj i\u00e7eri\u011fi: Kesme b\u0131\u00e7a\u011f\u0131, plaka, anahtar<\/span><\/p>\n<p><span style=\"background-color: white; color: red;\">Testere:B-48832<\/span><\/p>\n<p><span style=\"background-color: white; color: red;\">Al\u00fcminyum malzemelerde yiv oluk a\u00e7ma i\u015flerinde kullan\u0131l\u0131r.<\/span><\/p>\n<p><\/p>\n","protected":false},"featured_media":8716,"comment_status":"open","ping_status":"closed","template":"","meta":{"_acf_changed":false},"product_brand":[1485],"product_cat":[889],"product_tag":[],"class_list":{"0":"post-22743","1":"product","2":"type-product","3":"status-publish","4":"has-post-thumbnail","6":"product_brand-makita","7":"product_cat-metal-kesmeler","9":"first","10":"instock","11":"taxable","12":"shipping-taxable","13":"purchasable","14":"product-type-simple","15":"add-to-wishlist-after_add_to_cart"},"acf":[],"_links":{"self":[{"href":"https:\/\/www.makitamarket.com.tr\/site\/wp-json\/wp\/v2\/product\/22743","targetHints":{"allow":["GET"]}}],"collection":[{"href":"https:\/\/www.makitamarket.com.tr\/site\/wp-json\/wp\/v2\/product"}],"about":[{"href":"https:\/\/www.makitamarket.com.tr\/site\/wp-json\/wp\/v2\/types\/product"}],"replies":[{"embeddable":true,"href":"https:\/\/www.makitamarket.com.tr\/site\/wp-json\/wp\/v2\/comments?post=22743"}],"wp:featuredmedia":[{"embeddable":true,"href":"https:\/\/www.makitamarket.com.tr\/site\/wp-json\/wp\/v2\/media\/8716"}],"wp:attachment":[{"href":"https:\/\/www.makitamarket.com.tr\/site\/wp-json\/wp\/v2\/media?parent=22743"}],"wp:term":[{"taxonomy":"product_brand","embeddable":true,"href":"https:\/\/www.makitamarket.com.tr\/site\/wp-json\/wp\/v2\/product_brand?post=22743"},{"taxonomy":"product_cat","embeddable":true,"href":"https:\/\/www.makitamarket.com.tr\/site\/wp-json\/wp\/v2\/product_cat?post=22743"},{"taxonomy":"product_tag","embeddable":true,"href":"https:\/\/www.makitamarket.com.tr\/site\/wp-json\/wp\/v2\/product_tag?post=22743"}],"curies":[{"name":"wp","href":"https:\/\/api.w.org\/{rel}","templated":true}]}}