{"id":22744,"date":"2025-01-06T16:34:34","date_gmt":"2025-01-06T13:34:34","guid":{"rendered":"https:\/\/www.makitamarket.com.tr\/site\/urun\/max-safety-se2172-gozluk-seffaf\/"},"modified":"2026-04-06T12:24:07","modified_gmt":"2026-04-06T09:24:07","slug":"max-safety-se2172-gozluk-seffaf","status":"publish","type":"product","link":"https:\/\/www.makitamarket.com.tr\/site\/urun\/max-safety-se2172-gozluk-seffaf\/","title":{"rendered":"Max Safety SE2172 G\u00d6ZL\u00dcK &#8211; \u015eEFFAF"},"content":{"rendered":"<p>\n\tFashion design; built-in side shields<br \/>\n\tAdjustable temple for maximum comfort and fit<br \/>\n\tWide vision polycarbonate lens<br \/>\n\tUV protection<br \/>\n\tHigh protection against fogging, and impact<\/p>\n<table>\n<tr>\n<td>Standards<\/td>\n<td>CE EN 166<\/td>\n<\/tr>\n<\/table>\n","protected":false},"excerpt":{"rendered":"<p>\n\tFashion design; built-in side shields<br \/>\n\tAdjustable temple for maximum comfort and fit<br \/>\n\tWide vision polycarbonate lens<br \/>\n\tUV protection<br \/>\n\tHigh protection against fogging, and impact<\/p>\n","protected":false},"featured_media":8728,"comment_status":"open","ping_status":"closed","template":"","meta":{"_acf_changed":false},"product_brand":[1492],"product_cat":[697],"product_tag":[],"class_list":{"0":"post-22744","1":"product","2":"type-product","3":"status-publish","4":"has-post-thumbnail","6":"product_brand-max-safety","7":"product_cat-goz-koruyucular","9":"first","10":"outofstock","11":"taxable","12":"shipping-taxable","13":"purchasable","14":"product-type-simple","15":"add-to-wishlist-after_add_to_cart"},"acf":[],"_links":{"self":[{"href":"https:\/\/www.makitamarket.com.tr\/site\/wp-json\/wp\/v2\/product\/22744","targetHints":{"allow":["GET"]}}],"collection":[{"href":"https:\/\/www.makitamarket.com.tr\/site\/wp-json\/wp\/v2\/product"}],"about":[{"href":"https:\/\/www.makitamarket.com.tr\/site\/wp-json\/wp\/v2\/types\/product"}],"replies":[{"embeddable":true,"href":"https:\/\/www.makitamarket.com.tr\/site\/wp-json\/wp\/v2\/comments?post=22744"}],"wp:featuredmedia":[{"embeddable":true,"href":"https:\/\/www.makitamarket.com.tr\/site\/wp-json\/wp\/v2\/media\/8728"}],"wp:attachment":[{"href":"https:\/\/www.makitamarket.com.tr\/site\/wp-json\/wp\/v2\/media?parent=22744"}],"wp:term":[{"taxonomy":"product_brand","embeddable":true,"href":"https:\/\/www.makitamarket.com.tr\/site\/wp-json\/wp\/v2\/product_brand?post=22744"},{"taxonomy":"product_cat","embeddable":true,"href":"https:\/\/www.makitamarket.com.tr\/site\/wp-json\/wp\/v2\/product_cat?post=22744"},{"taxonomy":"product_tag","embeddable":true,"href":"https:\/\/www.makitamarket.com.tr\/site\/wp-json\/wp\/v2\/product_tag?post=22744"}],"curies":[{"name":"wp","href":"https:\/\/api.w.org\/{rel}","templated":true}]}}