{"id":22747,"date":"2025-01-06T16:34:35","date_gmt":"2025-01-06T13:34:35","guid":{"rendered":"https:\/\/www.makitamarket.com.tr\/site\/urun\/bea-90-40-711-zimba-teli-cakma-tabancasi-15-40-mm\/"},"modified":"2026-04-06T12:25:00","modified_gmt":"2026-04-06T09:25:00","slug":"bea-90-40-711-zimba-teli-cakma-tabancasi-15-40-mm","status":"publish","type":"product","link":"https:\/\/www.makitamarket.com.tr\/site\/urun\/bea-90-40-711-zimba-teli-cakma-tabancasi-15-40-mm\/","title":{"rendered":"Bea 90\/40-711 ZIMBA TEL\u0130 \u00c7AKMA TABANCASI 15\/40 mm"},"content":{"rendered":"<div>\n\t<span style=\"font-size:11.0pt;line-height:107%;\nfont-family:\">\u2022 <\/span>90\/40-711 \u00fcr\u00fcn\u00fc 5-8 bar aras\u0131 \u00e7al\u0131\u015fma bas\u0131nc\u0131 ile 90\/40-621&#8217;e g\u00f6re daha g\u00fc\u00e7l\u00fc bir \u00fcr\u00fcnd\u00fcr.<\/div>\n<table>\n<tr>\n<td>Z\u0131mba Teli<\/td>\n<td>90 serisi 15-40mm kadar z\u0131mba teli uzunlu\u011fu<\/td>\n<\/tr>\n<tr>\n<td>Magazin Tipi<\/td>\n<td>\u00dcstten doldurma<\/td>\n<\/tr>\n<tr>\n<td>Magazin Kapasitesi<\/td>\n<td>125<\/td>\n<\/tr>\n<tr>\n<td>\u00c7al\u0131\u015fma Bas\u0131nc\u0131<\/td>\n<td>5-8 BAR<\/td>\n<\/tr>\n<tr>\n<td>A\u011f\u0131rl\u0131k<\/td>\n<td>1.4 kg<\/td>\n<\/tr>\n<\/table>\n","protected":false},"excerpt":{"rendered":"<div>\n\t<span style=\"font-size:11.0pt;line-height:107%;\nfont-family:\">\u2022 <\/span>90\/40-711 \u00fcr\u00fcn\u00fc 5-8 bar aras\u0131 \u00e7al\u0131\u015fma bas\u0131nc\u0131 ile 90\/40-621&#8217;e g\u00f6re daha g\u00fc\u00e7l\u00fc bir \u00fcr\u00fcnd\u00fcr.<\/div>\n","protected":false},"featured_media":8742,"comment_status":"open","ping_status":"closed","template":"","meta":{"_acf_changed":false},"product_brand":[1508],"product_cat":[778],"product_tag":[],"class_list":{"0":"post-22747","1":"product","2":"type-product","3":"status-publish","4":"has-post-thumbnail","6":"product_brand-bea","7":"product_cat-havali-zimba-cakma-tabancalari","9":"first","10":"instock","11":"taxable","12":"shipping-taxable","13":"purchasable","14":"product-type-simple","15":"add-to-wishlist-after_add_to_cart"},"acf":[],"_links":{"self":[{"href":"https:\/\/www.makitamarket.com.tr\/site\/wp-json\/wp\/v2\/product\/22747","targetHints":{"allow":["GET"]}}],"collection":[{"href":"https:\/\/www.makitamarket.com.tr\/site\/wp-json\/wp\/v2\/product"}],"about":[{"href":"https:\/\/www.makitamarket.com.tr\/site\/wp-json\/wp\/v2\/types\/product"}],"replies":[{"embeddable":true,"href":"https:\/\/www.makitamarket.com.tr\/site\/wp-json\/wp\/v2\/comments?post=22747"}],"wp:featuredmedia":[{"embeddable":true,"href":"https:\/\/www.makitamarket.com.tr\/site\/wp-json\/wp\/v2\/media\/8742"}],"wp:attachment":[{"href":"https:\/\/www.makitamarket.com.tr\/site\/wp-json\/wp\/v2\/media?parent=22747"}],"wp:term":[{"taxonomy":"product_brand","embeddable":true,"href":"https:\/\/www.makitamarket.com.tr\/site\/wp-json\/wp\/v2\/product_brand?post=22747"},{"taxonomy":"product_cat","embeddable":true,"href":"https:\/\/www.makitamarket.com.tr\/site\/wp-json\/wp\/v2\/product_cat?post=22747"},{"taxonomy":"product_tag","embeddable":true,"href":"https:\/\/www.makitamarket.com.tr\/site\/wp-json\/wp\/v2\/product_tag?post=22747"}],"curies":[{"name":"wp","href":"https:\/\/api.w.org\/{rel}","templated":true}]}}