{"id":22749,"date":"2025-01-06T16:34:37","date_gmt":"2025-01-06T13:34:37","guid":{"rendered":"https:\/\/www.makitamarket.com.tr\/site\/urun\/scheppach-hms1070-planya-makinasi\/"},"modified":"2026-03-30T07:17:32","modified_gmt":"2026-03-30T04:17:32","slug":"scheppach-hms1070-planya-makinasi","status":"publish","type":"product","link":"https:\/\/www.makitamarket.com.tr\/site\/urun\/scheppach-hms1070-planya-makinasi\/","title":{"rendered":"Scheppach HMS1070 PLANYA MAK\u0130NASI"},"content":{"rendered":"<table>\n<tr>\n<td>Motor<\/td>\n<td>230 V~\/50 Hz<\/td>\n<\/tr>\n<tr>\n<td>Ebatlar (UxGxY)<\/td>\n<td>965x494x483 mm<\/td>\n<\/tr>\n<tr>\n<td>Y\u00fczey Tabla \u00d6l\u00e7\u00fcs\u00fc<\/td>\n<td>445&#215;263 mm<\/td>\n<\/tr>\n<tr>\n<td>Kal\u0131nl\u0131k tabla \u00f6l\u00e7\u00fcs\u00fc<\/td>\n<td>380&#215;254 mm<\/td>\n<\/tr>\n<tr>\n<td>B\u0131\u00e7ak say\u0131s\u0131<\/td>\n<td>2 Adet<\/td>\n<\/tr>\n<tr>\n<td>H\u0131z<\/td>\n<td>9000 d\/dak<\/td>\n<\/tr>\n<tr>\n<td>A\u011f\u0131rl\u0131k<\/td>\n<td>27,5-32 kg<\/td>\n<\/tr>\n<tr>\n<td>Planya Geni\u015fli\u011fi<\/td>\n<td>254 mm<\/td>\n<\/tr>\n<tr>\n<td>Maksimum Tala\u015f Kald\u0131rma<\/td>\n<td>2mm<\/td>\n<\/tr>\n<tr>\n<td>Kal\u0131nl\u0131k maks. tala\u015f kald\u0131rma<\/td>\n<td>2mm<\/td>\n<\/tr>\n<tr>\n<td>Maksimum \u00c7al\u0131\u015fma<\/td>\n<td>254&#215;120 mm<\/td>\n<\/tr>\n<\/table>\n","protected":false},"excerpt":{"rendered":"<p>Motor 230 V~\/50 Hz Ebatlar (UxGxY) 965x494x483 mm Y\u00fczey Tabla \u00d6l\u00e7\u00fcs\u00fc 445&#215;263 mm Kal\u0131nl\u0131k tabla \u00f6l\u00e7\u00fcs\u00fc 380&#215;254 mm B\u0131\u00e7ak say\u0131s\u0131 2 Adet H\u0131z 9000 d\/dak A\u011f\u0131rl\u0131k 27,5-32 kg Planya Geni\u015fli\u011fi<\/p>\n","protected":false},"featured_media":8752,"comment_status":"open","ping_status":"closed","template":"","meta":{"_acf_changed":false},"product_brand":[1514],"product_cat":[893],"product_tag":[],"class_list":{"0":"post-22749","1":"product","2":"type-product","3":"status-publish","4":"has-post-thumbnail","6":"product_brand-scheppach","7":"product_cat-planya-makinalari","9":"first","10":"instock","11":"taxable","12":"shipping-taxable","13":"purchasable","14":"product-type-simple","15":"add-to-wishlist-after_add_to_cart"},"acf":[],"_links":{"self":[{"href":"https:\/\/www.makitamarket.com.tr\/site\/wp-json\/wp\/v2\/product\/22749","targetHints":{"allow":["GET"]}}],"collection":[{"href":"https:\/\/www.makitamarket.com.tr\/site\/wp-json\/wp\/v2\/product"}],"about":[{"href":"https:\/\/www.makitamarket.com.tr\/site\/wp-json\/wp\/v2\/types\/product"}],"replies":[{"embeddable":true,"href":"https:\/\/www.makitamarket.com.tr\/site\/wp-json\/wp\/v2\/comments?post=22749"}],"wp:featuredmedia":[{"embeddable":true,"href":"https:\/\/www.makitamarket.com.tr\/site\/wp-json\/wp\/v2\/media\/8752"}],"wp:attachment":[{"href":"https:\/\/www.makitamarket.com.tr\/site\/wp-json\/wp\/v2\/media?parent=22749"}],"wp:term":[{"taxonomy":"product_brand","embeddable":true,"href":"https:\/\/www.makitamarket.com.tr\/site\/wp-json\/wp\/v2\/product_brand?post=22749"},{"taxonomy":"product_cat","embeddable":true,"href":"https:\/\/www.makitamarket.com.tr\/site\/wp-json\/wp\/v2\/product_cat?post=22749"},{"taxonomy":"product_tag","embeddable":true,"href":"https:\/\/www.makitamarket.com.tr\/site\/wp-json\/wp\/v2\/product_tag?post=22749"}],"curies":[{"name":"wp","href":"https:\/\/api.w.org\/{rel}","templated":true}]}}